{"id":13769,"date":"2021-11-15T09:15:35","date_gmt":"2021-11-15T08:15:35","guid":{"rendered":"https:\/\/nataliaferre.com\/condicions-de-venda\/"},"modified":"2022-01-22T20:16:47","modified_gmt":"2022-01-22T19:16:47","slug":"terms-and-conditions","status":"publish","type":"page","link":"https:\/\/nataliaferre.com\/en\/terms-and-conditions\/","title":{"rendered":"Terms and conditions"},"content":{"rendered":"\t\t<div data-elementor-type=\"wp-page\" data-elementor-id=\"13769\" class=\"elementor elementor-13769 elementor-9588\" data-elementor-post-type=\"page\">\n\t\t\t\t\t\t<section class=\"elementor-section elementor-top-section elementor-element elementor-element-9e24188 elementor-section-full_width elementor-section-height-default elementor-section-height-default qodef-elementor-content-no\" data-id=\"9e24188\" data-element_type=\"section\" data-e-type=\"section\">\n\t\t\t\t\t\t<div class=\"elementor-container elementor-column-gap-default\">\n\t\t\t\t\t<div class=\"elementor-column elementor-col-100 elementor-top-column elementor-element elementor-element-a853fea\" data-id=\"a853fea\" data-element_type=\"column\" data-e-type=\"column\">\n\t\t\t<div class=\"elementor-widget-wrap elementor-element-populated\">\n\t\t\t\t\t\t<div class=\"elementor-element elementor-element-a11b0b2 elementor-widget elementor-widget-text-editor\" data-id=\"a11b0b2\" data-element_type=\"widget\" data-e-type=\"widget\" data-widget_type=\"text-editor.default\">\n\t\t\t\t<div class=\"elementor-widget-container\">\n\t\t\t\t\t\t\t\t\t<div class=\"legal-content\"><p>Nat\u00e0lia Ferr\u00e9 Mateu, the Owner, informs you about its conditions of sale, payment methods, shipping, returns and other details related to the Online Store of the website <a href=\"https:\/\/nataliaferre.com\/en\/natalia-ferre-gallery-online-store\/\">nataliaferre.com<\/a>.<\/p><h2>Shipping policy<\/h2><p>Shipments to Peninsula will be made through private courier companies, being the delivery time of 24 to 48 hours, provided that there is no incident.<\/p><p>The price of shipping to Peninsula is 12\u20ac, being free if the order exceeds 200\u20ac.<\/p><p>Shipments to the Balearic Islands, Canary Islands, Ceuta and Melilla will be made through private courier companies, with a delivery time of 1 week, provided there is no incident.<\/p><p>The price of shipping to the Balearic Islands, Canary Islands, Ceuta and Melilla is 36\u20ac, being free if the order exceeds 300\u20ac.<\/p><p>We also ship to Europe and United Kingdom, through private courier companies, with a delivery time of 10 to 20 days, provided that there is no incident.<\/p><p>The price of shipping to Europe and United Kingdom is 36\u20ac, being free if the order exceeds 300\u20ac.<\/p><p>If for any incident or cause beyond the control of Nat\u00e0lia Ferr\u00e9 Gallery the delivery time would suffer any delay, the person who placed the order would be notified via email.<\/p><p>If you want to make a gift, but you think you will not receive it in time, please send us an email to <a href=\"mailto:galeria@nataliaferre.com\">galeria@nataliaferre.com<\/a>. We will do our best to make sure you receive your order on time.<\/p><h2>Methods of payment<\/h2><p>At Galeria Nat\u00e0lia Ferr\u00e9 we accept the following forms of payment:<\/p><h3 style=\"margin-top: 1em;\">Card<\/h3><p>After confirming the order you will access our virtual TPV of Redsys, where you can pay with total security using the main credit and debit cards.<\/p><h3 style=\"margin-top: 1em;\">Bizum<\/h3><p>After confirming the order you will access our virtual POS of Redsys.<\/p><h3 style=\"margin-top: 1em;\">PayPal<\/h3><p>After confirming the order you will access the PayPal website, where you can pay safely using the balance of your PayPal account or the payment method you have associated with it.<\/p><h3 style=\"margin-top: 1em;\">Bank transfer<\/h3><p>After confirming the order you will have to make a bank transfer to the IBAN number that we will provide you, indicating as concept the number of your order. We will prepare and send the parts as soon as we receive them.<\/p><h2>Return policy<\/h2><p>If you are not satisfied with your order, you can return it within 15 calendar days, always counting from the day you received the products. To do this we only ask you to notify us, writing an email to <a href=\"mailto:galeria@nataliaferre.com\">galeria@nataliaferre.com<\/a>, and send the order to the following address:<\/p><ul style=\"padding-top: 1em; padding-bottom: 1em; list-style: none; border-left: 1px solid #eeeeee; color: black;\"><li>Galer\u00eda Nat\u00e0lia Ferr\u00e9<\/li><li>Carrer Major 77<\/li><li>43400 Montblanc<\/li><li>Tarragona<\/li><li>Spain<\/li><\/ul><p>To comply with the deadline for returns, the communication regarding the return of the purchase must be sent before the expiration of 15 calendar days, with shipping costs being the responsibility of the person making the return.<\/p><p>We also ask you to prepare the return of any order using the original packaging and\/or any protective measures you deem necessary for the pieces to arrive at the Gallery in perfect condition.<\/p><p>In the event that the return is due to causes attributable to Nat\u00e0lia Ferr\u00e9 Gallery, such as the shipment of defective pieces, not corresponding to the order or damaged during transport, it will be the Gallery who coordinates the collection of the order, taking responsibility for shipping costs arising from the entire process of exchange or return.<\/p><p>Refunds for returns will be made after receiving the pieces and verifying that they are in good condition, using the same payment method used to confirm the order.<\/p><h2>Taxes<\/h2><p>All prices of the parts listed in the online store include Value Added Tax (VAT 21%) and no other taxes, duties, tariffs or surcharges are applied.<\/p><h2>Prices<\/h2><p>All parts are sold at the price indicated in the Online Store at the time of order confirmation, taking into account any discounts in effect and applicable to the order at that time.<\/p><h2>Validity<\/h2><p>Galeria Nat\u00e0lia Ferr\u00e9 reserves the right to modify the prices of its pieces and the discounts that may apply to such prices, without prior notice.<\/p><h2>Copyright<\/h2><p>All the pieces for sale in Nat\u00e0lia Ferr\u00e9 Gallery&#8217;s Online Store are protected by the Spanish Intellectual Property Law. Any misuse of them will be legally prosecuted.<\/p><h2>Security<\/h2><p>All transactions carried out in the Online Store of Nat\u00e0lia Ferr\u00e9 Gallery are made through a secure connection, using the SSL protocol.<\/p><\/div>\t\t\t\t\t\t\t\t<\/div>\n\t\t\t\t<\/div>\n\t\t\t\t\t<\/div>\n\t\t<\/div>\n\t\t\t\t\t<\/div>\n\t\t<\/section>\n\t\t\t\t<section class=\"elementor-section elementor-top-section elementor-element elementor-element-6903fcd elementor-section-full_width elementor-reverse-tablet elementor-reverse-mobile elementor-section-height-default elementor-section-height-default qodef-elementor-content-no\" data-id=\"6903fcd\" data-element_type=\"section\" data-e-type=\"section\">\n\t\t\t\t\t\t<div class=\"elementor-container elementor-column-gap-default\">\n\t\t\t\t\t<div class=\"elementor-column elementor-col-50 elementor-top-column elementor-element elementor-element-28180b1\" data-id=\"28180b1\" data-element_type=\"column\" data-e-type=\"column\" data-settings=\"{&quot;background_background&quot;:&quot;classic&quot;}\">\n\t\t\t<div class=\"elementor-widget-wrap elementor-element-populated\">\n\t\t\t\t\t\t<div class=\"elementor-element elementor-element-24529c7 elementor-widget elementor-widget-wp-widget-media_image\" data-id=\"24529c7\" data-element_type=\"widget\" data-e-type=\"widget\" data-widget_type=\"wp-widget-media_image.default\">\n\t\t\t\t<div class=\"elementor-widget-container\">\n\t\t\t\t\t<img fetchpriority=\"high\" decoding=\"async\" width=\"835\" height=\"470\" src=\"https:\/\/nataliaferre.com\/wp-content\/uploads\/call-to-action-natalia-ferre-perla-lua-2.jpg\" class=\"image wp-image-8541  attachment-full size-full\" alt=\"\" style=\"max-width: 100%; height: auto;\" srcset=\"https:\/\/nataliaferre.com\/wp-content\/uploads\/call-to-action-natalia-ferre-perla-lua-2.jpg 835w, https:\/\/nataliaferre.com\/wp-content\/uploads\/call-to-action-natalia-ferre-perla-lua-2-320x180.jpg 320w, https:\/\/nataliaferre.com\/wp-content\/uploads\/call-to-action-natalia-ferre-perla-lua-2-640x360.jpg 640w, https:\/\/nataliaferre.com\/wp-content\/uploads\/call-to-action-natalia-ferre-perla-lua-2-768x432.jpg 768w\" sizes=\"(max-width: 835px) 100vw, 835px\" \/>\t\t\t\t<\/div>\n\t\t\t\t<\/div>\n\t\t\t\t\t<\/div>\n\t\t<\/div>\n\t\t\t\t<div class=\"elementor-column elementor-col-50 elementor-top-column elementor-element elementor-element-57cb322 mobile-center\" data-id=\"57cb322\" data-element_type=\"column\" data-e-type=\"column\" data-settings=\"{&quot;background_background&quot;:&quot;classic&quot;}\">\n\t\t\t<div class=\"elementor-widget-wrap elementor-element-populated\">\n\t\t\t\t\t\t<div class=\"elementor-element elementor-element-0839906 elementor-widget elementor-widget-elipsa_core_section_title\" data-id=\"0839906\" data-element_type=\"widget\" data-e-type=\"widget\" data-widget_type=\"elipsa_core_section_title.default\">\n\t\t\t\t<div class=\"elementor-widget-container\">\n\t\t\t\t\t<div class=\"qodef-shortcode qodef-m  qodef-section-title qodef-alignment--left qodef-title-break--disabled\">\n\t\t<h3 class=\"qodef-m-title\" >\n\t\t\t\t\tAcquire artworks from<br \/> Nat\u00e0lia Ferr\u00e9 Gallery\t\t\t<\/h3>\n\t\t\t<p class=\"qodef-m-text\" >A selection of sculptures and paintings by Nat\u00e0lia Ferr\u00e9, unique ceramic pieces and carefully selected bronze or resin series.<\/p>\n<\/div>\t\t\t\t<\/div>\n\t\t\t\t<\/div>\n\t\t\t\t<div class=\"elementor-element elementor-element-a827f5e elementor-widget elementor-widget-elipsa_core_button\" data-id=\"a827f5e\" data-element_type=\"widget\" data-e-type=\"widget\" data-widget_type=\"elipsa_core_button.default\">\n\t\t\t\t<div class=\"elementor-widget-container\">\n\t\t\t\t\t<a class=\"qodef-shortcode qodef-m  qodef-button qodef-layout--textual qodef-html--link\" href=\"https:\/\/nataliaferre.com\/en\/online-store-natalia-ferre-gallery\/\" target=\"_self\"  >\n\tOnline store\t<svg class=\"qodef-svg--arrow-button\"\n\t xmlns=\"http:\/\/www.w3.org\/2000\/svg\"\n\t xmlns:xlink=\"http:\/\/www.w3.org\/1999\/xlink\"\n\t x=\"0px\"\n\t y=\"0px\"\n\t viewBox=\"0 0 31.5 30.5\"\n\t style=\"enable-background:new 0 0 31.5 30.5;\"\n\t xml:space=\"preserve\">\n    <g>\n\t\t<line x1=\"0.6\" y1=\"15.2\" x2=\"30.8\" y2=\"15.2\" \/>\n\t\t<path d=\"M30.9,15.2c-1.9-0.9-5.1-2.8-7.9-6.3c-2.6-3.2-3.9-6.3-4.5-8.3\" \/>\n\t\t<path d=\"M30.9,15.2c-1.9,0.9-5.1,2.8-7.9,6.3c-2.6,3.2-3.9,6.3-4.5,8.3\" \/>\n\t<\/g>\n<\/svg>\n<\/a>\n\t\t\t\t<\/div>\n\t\t\t\t<\/div>\n\t\t\t\t\t<\/div>\n\t\t<\/div>\n\t\t\t\t\t<\/div>\n\t\t<\/section>\n\t\t\t\t<\/div>\n\t\t","protected":false},"excerpt":{"rendered":"<p>Nat\u00e0lia Ferr\u00e9 Mateu, the Owner, informs you about its conditions of sale, payment methods, shipping, returns and other details related to the Online Store of the website nataliaferre.com. Shipping policy Shipments to Peninsula will be made through private courier companies, being the delivery time of 24 to 48 hours, provided that there is no incident. [&hellip;]<\/p>\n","protected":false},"author":999,"featured_media":0,"parent":0,"menu_order":2030,"comment_status":"closed","ping_status":"closed","template":"","meta":{"inline_featured_image":false,"footnotes":""},"class_list":["post-13769","page","type-page","status-publish","hentry"],"yoast_head":"<!-- This site is optimized with the Yoast SEO plugin v27.4 - https:\/\/yoast.com\/product\/yoast-seo-wordpress\/ -->\n<title>Terms and conditions - Nat\u00e0lia Ferr\u00e9 - Sculptor, Ceramist, Painter and Gallerist<\/title>\n<meta name=\"description\" content=\"Nat\u00e0lia Ferr\u00e9 Mateu, the Owner, informs you about its conditions of sale, payment methods, shipping, returns and other details related to the Online Store\" \/>\n<meta name=\"robots\" content=\"noindex, follow\" \/>\n<meta property=\"og:locale\" content=\"en_US\" \/>\n<meta property=\"og:type\" content=\"article\" \/>\n<meta property=\"og:title\" content=\"Terms and conditions - Nat\u00e0lia Ferr\u00e9 - Sculptor, Ceramist, Painter and Gallerist\" \/>\n<meta property=\"og:description\" content=\"Nat\u00e0lia Ferr\u00e9 Mateu, the Owner, informs you about its conditions of sale, payment methods, shipping, returns and other details related to the Online Store\" \/>\n<meta property=\"og:url\" content=\"https:\/\/nataliaferre.com\/en\/terms-and-conditions\/\" \/>\n<meta property=\"og:site_name\" content=\"Nat\u00e0lia Ferr\u00e9\" \/>\n<meta property=\"article:modified_time\" content=\"2022-01-22T19:16:47+00:00\" \/>\n<meta name=\"twitter:card\" content=\"summary_large_image\" \/>\n<meta name=\"twitter:label1\" content=\"Est. reading time\" \/>\n\t<meta name=\"twitter:data1\" content=\"4 minutes\" \/>\n<script type=\"application\/ld+json\" class=\"yoast-schema-graph\">{\"@context\":\"https:\\\/\\\/schema.org\",\"@graph\":[{\"@type\":\"WebPage\",\"@id\":\"https:\\\/\\\/nataliaferre.com\\\/en\\\/terms-and-conditions\\\/\",\"url\":\"https:\\\/\\\/nataliaferre.com\\\/en\\\/terms-and-conditions\\\/\",\"name\":\"Terms and conditions - Nat\u00e0lia Ferr\u00e9 - Sculptor, Ceramist, Painter and Gallerist\",\"isPartOf\":{\"@id\":\"https:\\\/\\\/nataliaferre.com\\\/en\\\/#website\"},\"datePublished\":\"2021-11-15T08:15:35+00:00\",\"dateModified\":\"2022-01-22T19:16:47+00:00\",\"description\":\"Nat\u00e0lia Ferr\u00e9 Mateu, the Owner, informs you about its conditions of sale, payment methods, shipping, returns and other details related to the Online Store\",\"breadcrumb\":{\"@id\":\"https:\\\/\\\/nataliaferre.com\\\/en\\\/terms-and-conditions\\\/#breadcrumb\"},\"inLanguage\":\"en-US\",\"potentialAction\":[{\"@type\":\"ReadAction\",\"target\":[\"https:\\\/\\\/nataliaferre.com\\\/en\\\/terms-and-conditions\\\/\"]}]},{\"@type\":\"BreadcrumbList\",\"@id\":\"https:\\\/\\\/nataliaferre.com\\\/en\\\/terms-and-conditions\\\/#breadcrumb\",\"itemListElement\":[{\"@type\":\"ListItem\",\"position\":1,\"name\":\"Portada\",\"item\":\"https:\\\/\\\/nataliaferre.com\\\/en\\\/\"},{\"@type\":\"ListItem\",\"position\":2,\"name\":\"Terms and conditions\"}]},{\"@type\":\"WebSite\",\"@id\":\"https:\\\/\\\/nataliaferre.com\\\/en\\\/#website\",\"url\":\"https:\\\/\\\/nataliaferre.com\\\/en\\\/\",\"name\":\"Nat\u00e0lia Ferr\u00e9\",\"description\":\"Sculptor, Ceramist, Painter and Gallerist\",\"publisher\":{\"@id\":\"https:\\\/\\\/nataliaferre.com\\\/en\\\/#organization\"},\"potentialAction\":[{\"@type\":\"SearchAction\",\"target\":{\"@type\":\"EntryPoint\",\"urlTemplate\":\"https:\\\/\\\/nataliaferre.com\\\/en\\\/?s={search_term_string}\"},\"query-input\":{\"@type\":\"PropertyValueSpecification\",\"valueRequired\":true,\"valueName\":\"search_term_string\"}}],\"inLanguage\":\"en-US\"},{\"@type\":\"Organization\",\"@id\":\"https:\\\/\\\/nataliaferre.com\\\/en\\\/#organization\",\"name\":\"Nat\u00e0lia Ferr\u00e9\",\"url\":\"https:\\\/\\\/nataliaferre.com\\\/en\\\/\",\"logo\":{\"@type\":\"ImageObject\",\"inLanguage\":\"en-US\",\"@id\":\"https:\\\/\\\/nataliaferre.com\\\/en\\\/#\\\/schema\\\/logo\\\/image\\\/\",\"url\":\"https:\\\/\\\/nataliaferre.com\\\/wp-content\\\/uploads\\\/natalia-ferre-la-artista-04-b.jpg\",\"contentUrl\":\"https:\\\/\\\/nataliaferre.com\\\/wp-content\\\/uploads\\\/natalia-ferre-la-artista-04-b.jpg\",\"width\":1300,\"height\":730,\"caption\":\"Nat\u00e0lia Ferr\u00e9\"},\"image\":{\"@id\":\"https:\\\/\\\/nataliaferre.com\\\/en\\\/#\\\/schema\\\/logo\\\/image\\\/\"}}]}<\/script>\n<!-- \/ Yoast SEO plugin. -->","yoast_head_json":{"title":"Terms and conditions - Nat\u00e0lia Ferr\u00e9 - Sculptor, Ceramist, Painter and Gallerist","description":"Nat\u00e0lia Ferr\u00e9 Mateu, the Owner, informs you about its conditions of sale, payment methods, shipping, returns and other details related to the Online Store","robots":{"index":"noindex","follow":"follow"},"og_locale":"en_US","og_type":"article","og_title":"Terms and conditions - Nat\u00e0lia Ferr\u00e9 - Sculptor, Ceramist, Painter and Gallerist","og_description":"Nat\u00e0lia Ferr\u00e9 Mateu, the Owner, informs you about its conditions of sale, payment methods, shipping, returns and other details related to the Online Store","og_url":"https:\/\/nataliaferre.com\/en\/terms-and-conditions\/","og_site_name":"Nat\u00e0lia Ferr\u00e9","article_modified_time":"2022-01-22T19:16:47+00:00","twitter_card":"summary_large_image","twitter_misc":{"Est. reading time":"4 minutes"},"schema":{"@context":"https:\/\/schema.org","@graph":[{"@type":"WebPage","@id":"https:\/\/nataliaferre.com\/en\/terms-and-conditions\/","url":"https:\/\/nataliaferre.com\/en\/terms-and-conditions\/","name":"Terms and conditions - Nat\u00e0lia Ferr\u00e9 - Sculptor, Ceramist, Painter and Gallerist","isPartOf":{"@id":"https:\/\/nataliaferre.com\/en\/#website"},"datePublished":"2021-11-15T08:15:35+00:00","dateModified":"2022-01-22T19:16:47+00:00","description":"Nat\u00e0lia Ferr\u00e9 Mateu, the Owner, informs you about its conditions of sale, payment methods, shipping, returns and other details related to the Online Store","breadcrumb":{"@id":"https:\/\/nataliaferre.com\/en\/terms-and-conditions\/#breadcrumb"},"inLanguage":"en-US","potentialAction":[{"@type":"ReadAction","target":["https:\/\/nataliaferre.com\/en\/terms-and-conditions\/"]}]},{"@type":"BreadcrumbList","@id":"https:\/\/nataliaferre.com\/en\/terms-and-conditions\/#breadcrumb","itemListElement":[{"@type":"ListItem","position":1,"name":"Portada","item":"https:\/\/nataliaferre.com\/en\/"},{"@type":"ListItem","position":2,"name":"Terms and conditions"}]},{"@type":"WebSite","@id":"https:\/\/nataliaferre.com\/en\/#website","url":"https:\/\/nataliaferre.com\/en\/","name":"Nat\u00e0lia Ferr\u00e9","description":"Sculptor, Ceramist, Painter and Gallerist","publisher":{"@id":"https:\/\/nataliaferre.com\/en\/#organization"},"potentialAction":[{"@type":"SearchAction","target":{"@type":"EntryPoint","urlTemplate":"https:\/\/nataliaferre.com\/en\/?s={search_term_string}"},"query-input":{"@type":"PropertyValueSpecification","valueRequired":true,"valueName":"search_term_string"}}],"inLanguage":"en-US"},{"@type":"Organization","@id":"https:\/\/nataliaferre.com\/en\/#organization","name":"Nat\u00e0lia Ferr\u00e9","url":"https:\/\/nataliaferre.com\/en\/","logo":{"@type":"ImageObject","inLanguage":"en-US","@id":"https:\/\/nataliaferre.com\/en\/#\/schema\/logo\/image\/","url":"https:\/\/nataliaferre.com\/wp-content\/uploads\/natalia-ferre-la-artista-04-b.jpg","contentUrl":"https:\/\/nataliaferre.com\/wp-content\/uploads\/natalia-ferre-la-artista-04-b.jpg","width":1300,"height":730,"caption":"Nat\u00e0lia Ferr\u00e9"},"image":{"@id":"https:\/\/nataliaferre.com\/en\/#\/schema\/logo\/image\/"}}]}},"_links":{"self":[{"href":"https:\/\/nataliaferre.com\/en\/wp-json\/wp\/v2\/pages\/13769","targetHints":{"allow":["GET"]}}],"collection":[{"href":"https:\/\/nataliaferre.com\/en\/wp-json\/wp\/v2\/pages"}],"about":[{"href":"https:\/\/nataliaferre.com\/en\/wp-json\/wp\/v2\/types\/page"}],"author":[{"embeddable":true,"href":"https:\/\/nataliaferre.com\/en\/wp-json\/wp\/v2\/users\/999"}],"replies":[{"embeddable":true,"href":"https:\/\/nataliaferre.com\/en\/wp-json\/wp\/v2\/comments?post=13769"}],"version-history":[{"count":0,"href":"https:\/\/nataliaferre.com\/en\/wp-json\/wp\/v2\/pages\/13769\/revisions"}],"wp:attachment":[{"href":"https:\/\/nataliaferre.com\/en\/wp-json\/wp\/v2\/media?parent=13769"}],"curies":[{"name":"wp","href":"https:\/\/api.w.org\/{rel}","templated":true}]}}