{"id":16772,"date":"2022-12-31T14:37:22","date_gmt":"2022-12-31T13:37:22","guid":{"rendered":"https:\/\/nataliaferre.com\/?page_id=16772"},"modified":"2022-12-31T16:12:05","modified_gmt":"2022-12-31T15:12:05","slug":"newsletter","status":"publish","type":"page","link":"https:\/\/nataliaferre.com\/en\/newsletter\/","title":{"rendered":"Newsletter"},"content":{"rendered":"\t\t<div data-elementor-type=\"wp-page\" data-elementor-id=\"16772\" class=\"elementor elementor-16772 elementor-16770\" data-elementor-post-type=\"page\">\n\t\t\t\t\t\t<section class=\"elementor-section elementor-top-section elementor-element elementor-element-c2ed6c1 elementor-section-full_width elementor-section-height-default elementor-section-height-default qodef-elementor-content-no\" data-id=\"c2ed6c1\" data-element_type=\"section\" data-e-type=\"section\">\n\t\t\t\t\t\t<div class=\"elementor-container elementor-column-gap-default\">\n\t\t\t\t\t<div class=\"elementor-column elementor-col-100 elementor-top-column elementor-element elementor-element-ada914c\" data-id=\"ada914c\" data-element_type=\"column\" data-e-type=\"column\">\n\t\t\t<div class=\"elementor-widget-wrap elementor-element-populated\">\n\t\t\t\t\t\t<div class=\"elementor-element elementor-element-ae41a58 elementor-widget elementor-widget-heading\" data-id=\"ae41a58\" data-element_type=\"widget\" data-e-type=\"widget\" data-widget_type=\"heading.default\">\n\t\t\t\t<div class=\"elementor-widget-container\">\n\t\t\t\t\t<h2 class=\"elementor-heading-title elementor-size-default\">Newsletter<\/h2>\t\t\t\t<\/div>\n\t\t\t\t<\/div>\n\t\t\t\t\t<\/div>\n\t\t<\/div>\n\t\t\t\t\t<\/div>\n\t\t<\/section>\n\t\t\t\t<section class=\"elementor-section elementor-top-section elementor-element elementor-element-59a1f57 elementor-section-full_width qodef-elementor-content-grid elementor-section-content-middle elementor-section-height-default elementor-section-height-default\" data-id=\"59a1f57\" data-element_type=\"section\" data-e-type=\"section\" id=\"newsletter-wrapper\" data-settings=\"{&quot;background_background&quot;:&quot;classic&quot;}\">\n\t\t\t\t\t\t<div class=\"elementor-container elementor-column-gap-default\">\n\t\t\t\t\t<div class=\"elementor-column elementor-col-100 elementor-top-column elementor-element elementor-element-ea1adbf padding-column\" data-id=\"ea1adbf\" data-element_type=\"column\" data-e-type=\"column\">\n\t\t\t<div class=\"elementor-widget-wrap elementor-element-populated\">\n\t\t\t\t\t\t<section class=\"elementor-section elementor-inner-section elementor-element elementor-element-8b5cf27 elementor-section-boxed elementor-section-height-default elementor-section-height-default qodef-elementor-content-no\" data-id=\"8b5cf27\" data-element_type=\"section\" data-e-type=\"section\">\n\t\t\t\t\t\t<div class=\"elementor-container elementor-column-gap-default\">\n\t\t\t\t\t<div class=\"elementor-column elementor-col-50 elementor-inner-column elementor-element elementor-element-ca6e535\" data-id=\"ca6e535\" data-element_type=\"column\" data-e-type=\"column\">\n\t\t\t<div class=\"elementor-widget-wrap elementor-element-populated\">\n\t\t\t\t\t\t<div class=\"elementor-element elementor-element-9ce367b elementor-widget elementor-widget-heading\" data-id=\"9ce367b\" data-element_type=\"widget\" data-e-type=\"widget\" data-widget_type=\"heading.default\">\n\t\t\t\t<div class=\"elementor-widget-container\">\n\t\t\t\t\t<p class=\"elementor-heading-title elementor-size-default\">Discover news of my work, information about workshops and upcoming exhibitions.<\/p>\t\t\t\t<\/div>\n\t\t\t\t<\/div>\n\t\t\t\t\t<\/div>\n\t\t<\/div>\n\t\t\t\t<div class=\"elementor-column elementor-col-50 elementor-inner-column elementor-element elementor-element-51437c0 elementor-hidden-mobile\" data-id=\"51437c0\" data-element_type=\"column\" data-e-type=\"column\">\n\t\t\t<div class=\"elementor-widget-wrap\">\n\t\t\t\t\t\t\t<\/div>\n\t\t<\/div>\n\t\t\t\t\t<\/div>\n\t\t<\/section>\n\t\t\t\t<div class=\"elementor-element elementor-element-65434b5 elementor-widget elementor-widget-qi_addons_for_elementor_contact_form_7\" data-id=\"65434b5\" data-element_type=\"widget\" data-e-type=\"widget\" data-widget_type=\"qi_addons_for_elementor_contact_form_7.default\">\n\t\t\t\t<div class=\"elementor-widget-container\">\n\t\t\t\t\t<div class=\"qodef-shortcode qodef-m qodef-qi-contact-form-7\">\n\t\n<div class=\"wpcf7 no-js\" id=\"wpcf7-f16751-o1\" lang=\"en-US\" dir=\"ltr\" data-wpcf7-id=\"16751\">\n<div class=\"screen-reader-response\"><p role=\"status\" aria-live=\"polite\" aria-atomic=\"true\"><\/p> <ul><\/ul><\/div>\n<form action=\"\/en\/wp-json\/wp\/v2\/pages\/16772#wpcf7-f16751-o1\" method=\"post\" class=\"wpcf7-form init 68f497f8fbdf cmatic-conn cmatic-aud-3 cmatic-mapd0-0 cmatic-v0978 cmatic-sent-0 cmatic-total-128\" aria-label=\"Contact form\" novalidate=\"novalidate\" data-status=\"init\">\n<fieldset class=\"hidden-fields-container\"><input type=\"hidden\" name=\"_wpcf7\" value=\"16751\" \/><input type=\"hidden\" name=\"_wpcf7_version\" value=\"6.1.5\" \/><input type=\"hidden\" name=\"_wpcf7_locale\" value=\"en_US\" \/><input type=\"hidden\" name=\"_wpcf7_unit_tag\" value=\"wpcf7-f16751-o1\" \/><input type=\"hidden\" name=\"_wpcf7_container_post\" value=\"0\" \/><input type=\"hidden\" name=\"_wpcf7_posted_data_hash\" value=\"\" \/>\n<\/fieldset>\n<div class=\"qodef-contact-form-one newsletter\">\n\n<div class=\"form-columns\">\n\n<div class=\"column\">\n<label>What's your name? <span class=\"required\">*<\/span><\/label>\n<span class=\"wpcf7-form-control-wrap\" data-name=\"form-nombre\"><input size=\"40\" maxlength=\"400\" class=\"wpcf7-form-control wpcf7-text wpcf7-validates-as-required\" aria-required=\"true\" aria-invalid=\"false\" value=\"\" type=\"text\" name=\"form-nombre\" \/><\/span>\n<\/div>\n\n<div class=\"column\">\n<label>And your email? <span class=\"required\">*<\/span><\/label>\n<span class=\"wpcf7-form-control-wrap\" data-name=\"form-email\"><input size=\"40\" maxlength=\"400\" class=\"wpcf7-form-control wpcf7-email wpcf7-validates-as-required wpcf7-text wpcf7-validates-as-email\" aria-required=\"true\" aria-invalid=\"false\" value=\"\" type=\"email\" name=\"form-email\" \/><\/span>\n<\/div>\n\n<\/div>\n\n<span class=\"wpcf7-form-control-wrap\" data-name=\"my-optin\"><span class=\"wpcf7-form-control wpcf7-checkbox\"><span class=\"wpcf7-list-item first last\"><input type=\"checkbox\" name=\"my-optin[]\" value=\"I want to receive emails from Nat\u00e0lia Ferr\u00e9\" \/><span class=\"wpcf7-list-item-label\">I want to receive emails from Nat\u00e0lia Ferr\u00e9<\/span><\/span><\/span><\/span>\n\n<button class=\"wpcf7-form-control wpcf7-submit qodef-button qodef-size--normal qodef-layout--textual qodef-m\" type=\"submit\">Subscribe to the Newsletter<\/button>\n\n<\/div><p style=\"display: none !important;\" class=\"akismet-fields-container\" data-prefix=\"_wpcf7_ak_\"><label>&#916;<textarea name=\"_wpcf7_ak_hp_textarea\" cols=\"45\" rows=\"8\" maxlength=\"100\"><\/textarea><\/label><input type=\"hidden\" id=\"ak_js_1\" name=\"_wpcf7_ak_js\" value=\"133\"\/><script>document.getElementById( \"ak_js_1\" ).setAttribute( \"value\", ( new Date() ).getTime() );<\/script><\/p><div class=\"wpcf7-response-output\" aria-hidden=\"true\"><\/div>\n<\/form>\n<\/div>\n<\/div>\n\t\t\t\t<\/div>\n\t\t\t\t<\/div>\n\t\t\t\t\t<\/div>\n\t\t<\/div>\n\t\t\t\t\t<\/div>\n\t\t<\/section>\n\t\t\t\t<section class=\"elementor-section elementor-top-section elementor-element elementor-element-5e3f105 qodef-elementor-content-grid elementor-section-stretched elementor-section-boxed elementor-section-height-default elementor-section-height-default\" data-id=\"5e3f105\" data-element_type=\"section\" data-e-type=\"section\" data-settings=\"{&quot;stretch_section&quot;:&quot;section-stretched&quot;}\">\n\t\t\t\t\t\t<div class=\"elementor-container elementor-column-gap-default\">\n\t\t\t\t\t<div class=\"elementor-column elementor-col-100 elementor-top-column elementor-element elementor-element-8770199\" data-id=\"8770199\" data-element_type=\"column\" data-e-type=\"column\">\n\t\t\t<div class=\"elementor-widget-wrap elementor-element-populated\">\n\t\t\t\t\t\t<div class=\"elementor-element elementor-element-1731799 elementor-widget elementor-widget-image\" data-id=\"1731799\" data-element_type=\"widget\" data-e-type=\"widget\" data-widget_type=\"image.default\">\n\t\t\t\t<div class=\"elementor-widget-container\">\n\t\t\t\t\t\t\t\t\t\t\t\t\t\t\t\t<a href=\"https:\/\/www.instagram.com\/nataliaferresculpture\/\" target=\"_blank\">\n\t\t\t\t\t\t\t<img fetchpriority=\"high\" decoding=\"async\" width=\"400\" height=\"400\" src=\"https:\/\/nataliaferre.com\/wp-content\/uploads\/instagram-natalia-ferre.png\" class=\"attachment-full size-full wp-image-12291\" alt=\"\" srcset=\"https:\/\/nataliaferre.com\/wp-content\/uploads\/instagram-natalia-ferre.png 400w, https:\/\/nataliaferre.com\/wp-content\/uploads\/instagram-natalia-ferre-320x320.png 320w\" sizes=\"(max-width: 400px) 100vw, 400px\" \/>\t\t\t\t\t\t\t\t<\/a>\n\t\t\t\t\t\t\t\t\t\t\t\t\t\t\t<\/div>\n\t\t\t\t<\/div>\n\t\t\t\t<div class=\"elementor-element elementor-element-56157f8 elementor-view-default elementor-widget elementor-widget-icon\" data-id=\"56157f8\" data-element_type=\"widget\" data-e-type=\"widget\" data-widget_type=\"icon.default\">\n\t\t\t\t<div class=\"elementor-widget-container\">\n\t\t\t\t\t\t\t<div class=\"elementor-icon-wrapper\">\n\t\t\t<a class=\"elementor-icon\" href=\"https:\/\/www.instagram.com\/nataliaferresculpture\/\" target=\"_blank\">\n\t\t\t<i aria-hidden=\"true\" class=\"fab fa-instagram\"><\/i>\t\t\t<\/a>\n\t\t<\/div>\n\t\t\t\t\t\t<\/div>\n\t\t\t\t<\/div>\n\t\t\t\t<div class=\"elementor-element elementor-element-b6c267e uppercase instagram elementor-widget elementor-widget-elipsa_core_section_title\" data-id=\"b6c267e\" data-element_type=\"widget\" data-e-type=\"widget\" data-widget_type=\"elipsa_core_section_title.default\">\n\t\t\t\t<div class=\"elementor-widget-container\">\n\t\t\t\t\t<div class=\"qodef-shortcode qodef-m  qodef-section-title qodef-alignment--center \">\n\t\t<h2 class=\"qodef-m-title\" >\n\t\t\t\t\t<a itemprop=\"url\" href=\"https:\/\/www.instagram.com\/nataliaferresculpture\/\" target=\"\">\n\t\t\t\t\tNAT\u00c0LIA FERR\u00c9 ON INSTAGRAM\t\t\t\t\t<\/a>\n\t\t\t<\/h2>\n\t\t<\/div>\t\t\t\t<\/div>\n\t\t\t\t<\/div>\n\t\t\t\t\t<\/div>\n\t\t<\/div>\n\t\t\t\t\t<\/div>\n\t\t<\/section>\n\t\t\t\t<section class=\"elementor-section elementor-top-section elementor-element elementor-element-13b00d3 elementor-section-boxed elementor-section-height-default elementor-section-height-default qodef-elementor-content-no\" data-id=\"13b00d3\" data-element_type=\"section\" data-e-type=\"section\">\n\t\t\t\t\t\t<div class=\"elementor-container elementor-column-gap-default\">\n\t\t\t\t\t<div class=\"elementor-column elementor-col-100 elementor-top-column elementor-element elementor-element-6702ab6\" data-id=\"6702ab6\" data-element_type=\"column\" data-e-type=\"column\">\n\t\t\t<div class=\"elementor-widget-wrap elementor-element-populated\">\n\t\t\t\t\t\t<div class=\"elementor-element elementor-element-f35d730 elementor-widget elementor-widget-text-editor\" data-id=\"f35d730\" data-element_type=\"widget\" data-e-type=\"widget\" data-widget_type=\"text-editor.default\">\n\t\t\t\t<div class=\"elementor-widget-container\">\n\t\t\t\t\t\t\t\t\t<blockquote style=\"font-size: 25px;\">\u00abSe necesita talento y sensibilidad para conseguir que la representaci\u00f3n art\u00edstica nos evoque emociones. Y ah\u00ed es donde est\u00e1 la magia de la obra de Nat\u00e0lia Ferr\u00e9. En barro, en bronce o en pintura, sus manos derraman ternura\u00bb <span class=\"blockquote-author\">\u2014\u00a0Carme Mart\u00ed<\/span><\/blockquote>\t\t\t\t\t\t\t\t<\/div>\n\t\t\t\t<\/div>\n\t\t\t\t\t<\/div>\n\t\t<\/div>\n\t\t\t\t\t<\/div>\n\t\t<\/section>\n\t\t\t\t<\/div>\n\t\t","protected":false},"excerpt":{"rendered":"<p>Newsletter Discover news of my work, information about workshops and upcoming exhibitions. What&#8217;s your name? * And your email? * I want to receive emails from Nat\u00e0lia Ferr\u00e9 Subscribe to the Newsletter &#916; NAT\u00c0LIA FERR\u00c9 ON INSTAGRAM \u00abSe necesita talento y sensibilidad para conseguir que la representaci\u00f3n art\u00edstica nos evoque emociones. Y ah\u00ed es donde [&hellip;]<\/p>\n","protected":false},"author":999,"featured_media":0,"parent":0,"menu_order":110,"comment_status":"closed","ping_status":"closed","template":"page-full-width.php","meta":{"inline_featured_image":false,"footnotes":""},"class_list":["post-16772","page","type-page","status-publish","hentry"],"yoast_head":"<!-- This site is optimized with the Yoast SEO plugin v27.3 - https:\/\/yoast.com\/product\/yoast-seo-wordpress\/ -->\n<title>Nat\u00e0lia Ferr\u00e9&#039;s Newsletter<\/title>\n<meta name=\"description\" content=\"Founder of the Nat\u00e0lia Ferr\u00e9 Gallery, her work has been exhibited at national and international art fairs, festivals, exhibitions and galleries.\" \/>\n<meta name=\"robots\" content=\"index, follow, max-snippet:-1, max-image-preview:large, max-video-preview:-1\" \/>\n<link rel=\"canonical\" href=\"https:\/\/nataliaferre.com\/en\/newsletter\/\" \/>\n<meta property=\"og:locale\" content=\"en_US\" \/>\n<meta property=\"og:type\" content=\"article\" \/>\n<meta property=\"og:title\" content=\"Nat\u00e0lia Ferr\u00e9&#039;s Newsletter\" \/>\n<meta property=\"og:description\" content=\"Founder of the Nat\u00e0lia Ferr\u00e9 Gallery, her work has been exhibited at national and international art fairs, festivals, exhibitions and galleries.\" \/>\n<meta property=\"og:url\" content=\"https:\/\/nataliaferre.com\/en\/newsletter\/\" \/>\n<meta property=\"og:site_name\" content=\"Nat\u00e0lia Ferr\u00e9\" \/>\n<meta property=\"article:modified_time\" content=\"2022-12-31T15:12:05+00:00\" \/>\n<meta property=\"og:image\" content=\"https:\/\/nataliaferre.com\/wp-content\/uploads\/instagram-natalia-ferre.png\" \/>\n<meta name=\"twitter:card\" content=\"summary_large_image\" \/>\n<meta name=\"twitter:label1\" content=\"Est. reading time\" \/>\n\t<meta name=\"twitter:data1\" content=\"1 minute\" \/>\n<script type=\"application\/ld+json\" class=\"yoast-schema-graph\">{\"@context\":\"https:\\\/\\\/schema.org\",\"@graph\":[{\"@type\":\"WebPage\",\"@id\":\"https:\\\/\\\/nataliaferre.com\\\/en\\\/newsletter\\\/\",\"url\":\"https:\\\/\\\/nataliaferre.com\\\/en\\\/newsletter\\\/\",\"name\":\"Nat\u00e0lia Ferr\u00e9's Newsletter\",\"isPartOf\":{\"@id\":\"https:\\\/\\\/nataliaferre.com\\\/en\\\/#website\"},\"primaryImageOfPage\":{\"@id\":\"https:\\\/\\\/nataliaferre.com\\\/en\\\/newsletter\\\/#primaryimage\"},\"image\":{\"@id\":\"https:\\\/\\\/nataliaferre.com\\\/en\\\/newsletter\\\/#primaryimage\"},\"thumbnailUrl\":\"https:\\\/\\\/nataliaferre.com\\\/wp-content\\\/uploads\\\/instagram-natalia-ferre.png\",\"datePublished\":\"2022-12-31T13:37:22+00:00\",\"dateModified\":\"2022-12-31T15:12:05+00:00\",\"description\":\"Founder of the Nat\u00e0lia Ferr\u00e9 Gallery, her work has been exhibited at national and international art fairs, festivals, exhibitions and galleries.\",\"breadcrumb\":{\"@id\":\"https:\\\/\\\/nataliaferre.com\\\/en\\\/newsletter\\\/#breadcrumb\"},\"inLanguage\":\"en-US\",\"potentialAction\":[{\"@type\":\"ReadAction\",\"target\":[\"https:\\\/\\\/nataliaferre.com\\\/en\\\/newsletter\\\/\"]}]},{\"@type\":\"ImageObject\",\"inLanguage\":\"en-US\",\"@id\":\"https:\\\/\\\/nataliaferre.com\\\/en\\\/newsletter\\\/#primaryimage\",\"url\":\"https:\\\/\\\/nataliaferre.com\\\/wp-content\\\/uploads\\\/instagram-natalia-ferre.png\",\"contentUrl\":\"https:\\\/\\\/nataliaferre.com\\\/wp-content\\\/uploads\\\/instagram-natalia-ferre.png\"},{\"@type\":\"BreadcrumbList\",\"@id\":\"https:\\\/\\\/nataliaferre.com\\\/en\\\/newsletter\\\/#breadcrumb\",\"itemListElement\":[{\"@type\":\"ListItem\",\"position\":1,\"name\":\"Portada\",\"item\":\"https:\\\/\\\/nataliaferre.com\\\/en\\\/\"},{\"@type\":\"ListItem\",\"position\":2,\"name\":\"Newsletter\"}]},{\"@type\":\"WebSite\",\"@id\":\"https:\\\/\\\/nataliaferre.com\\\/en\\\/#website\",\"url\":\"https:\\\/\\\/nataliaferre.com\\\/en\\\/\",\"name\":\"Nat\u00e0lia Ferr\u00e9\",\"description\":\"Sculptor, Ceramist, Painter and Gallerist\",\"publisher\":{\"@id\":\"https:\\\/\\\/nataliaferre.com\\\/en\\\/#organization\"},\"potentialAction\":[{\"@type\":\"SearchAction\",\"target\":{\"@type\":\"EntryPoint\",\"urlTemplate\":\"https:\\\/\\\/nataliaferre.com\\\/en\\\/?s={search_term_string}\"},\"query-input\":{\"@type\":\"PropertyValueSpecification\",\"valueRequired\":true,\"valueName\":\"search_term_string\"}}],\"inLanguage\":\"en-US\"},{\"@type\":\"Organization\",\"@id\":\"https:\\\/\\\/nataliaferre.com\\\/en\\\/#organization\",\"name\":\"Nat\u00e0lia Ferr\u00e9\",\"url\":\"https:\\\/\\\/nataliaferre.com\\\/en\\\/\",\"logo\":{\"@type\":\"ImageObject\",\"inLanguage\":\"en-US\",\"@id\":\"https:\\\/\\\/nataliaferre.com\\\/en\\\/#\\\/schema\\\/logo\\\/image\\\/\",\"url\":\"https:\\\/\\\/nataliaferre.com\\\/wp-content\\\/uploads\\\/natalia-ferre-la-artista-04-b.jpg\",\"contentUrl\":\"https:\\\/\\\/nataliaferre.com\\\/wp-content\\\/uploads\\\/natalia-ferre-la-artista-04-b.jpg\",\"width\":1300,\"height\":730,\"caption\":\"Nat\u00e0lia Ferr\u00e9\"},\"image\":{\"@id\":\"https:\\\/\\\/nataliaferre.com\\\/en\\\/#\\\/schema\\\/logo\\\/image\\\/\"}}]}<\/script>\n<!-- \/ Yoast SEO plugin. -->","yoast_head_json":{"title":"Nat\u00e0lia Ferr\u00e9's Newsletter","description":"Founder of the Nat\u00e0lia Ferr\u00e9 Gallery, her work has been exhibited at national and international art fairs, festivals, exhibitions and galleries.","robots":{"index":"index","follow":"follow","max-snippet":"max-snippet:-1","max-image-preview":"max-image-preview:large","max-video-preview":"max-video-preview:-1"},"canonical":"https:\/\/nataliaferre.com\/en\/newsletter\/","og_locale":"en_US","og_type":"article","og_title":"Nat\u00e0lia Ferr\u00e9's Newsletter","og_description":"Founder of the Nat\u00e0lia Ferr\u00e9 Gallery, her work has been exhibited at national and international art fairs, festivals, exhibitions and galleries.","og_url":"https:\/\/nataliaferre.com\/en\/newsletter\/","og_site_name":"Nat\u00e0lia Ferr\u00e9","article_modified_time":"2022-12-31T15:12:05+00:00","og_image":[{"url":"https:\/\/nataliaferre.com\/wp-content\/uploads\/instagram-natalia-ferre.png","type":"","width":"","height":""}],"twitter_card":"summary_large_image","twitter_misc":{"Est. reading time":"1 minute"},"schema":{"@context":"https:\/\/schema.org","@graph":[{"@type":"WebPage","@id":"https:\/\/nataliaferre.com\/en\/newsletter\/","url":"https:\/\/nataliaferre.com\/en\/newsletter\/","name":"Nat\u00e0lia Ferr\u00e9's Newsletter","isPartOf":{"@id":"https:\/\/nataliaferre.com\/en\/#website"},"primaryImageOfPage":{"@id":"https:\/\/nataliaferre.com\/en\/newsletter\/#primaryimage"},"image":{"@id":"https:\/\/nataliaferre.com\/en\/newsletter\/#primaryimage"},"thumbnailUrl":"https:\/\/nataliaferre.com\/wp-content\/uploads\/instagram-natalia-ferre.png","datePublished":"2022-12-31T13:37:22+00:00","dateModified":"2022-12-31T15:12:05+00:00","description":"Founder of the Nat\u00e0lia Ferr\u00e9 Gallery, her work has been exhibited at national and international art fairs, festivals, exhibitions and galleries.","breadcrumb":{"@id":"https:\/\/nataliaferre.com\/en\/newsletter\/#breadcrumb"},"inLanguage":"en-US","potentialAction":[{"@type":"ReadAction","target":["https:\/\/nataliaferre.com\/en\/newsletter\/"]}]},{"@type":"ImageObject","inLanguage":"en-US","@id":"https:\/\/nataliaferre.com\/en\/newsletter\/#primaryimage","url":"https:\/\/nataliaferre.com\/wp-content\/uploads\/instagram-natalia-ferre.png","contentUrl":"https:\/\/nataliaferre.com\/wp-content\/uploads\/instagram-natalia-ferre.png"},{"@type":"BreadcrumbList","@id":"https:\/\/nataliaferre.com\/en\/newsletter\/#breadcrumb","itemListElement":[{"@type":"ListItem","position":1,"name":"Portada","item":"https:\/\/nataliaferre.com\/en\/"},{"@type":"ListItem","position":2,"name":"Newsletter"}]},{"@type":"WebSite","@id":"https:\/\/nataliaferre.com\/en\/#website","url":"https:\/\/nataliaferre.com\/en\/","name":"Nat\u00e0lia Ferr\u00e9","description":"Sculptor, Ceramist, Painter and Gallerist","publisher":{"@id":"https:\/\/nataliaferre.com\/en\/#organization"},"potentialAction":[{"@type":"SearchAction","target":{"@type":"EntryPoint","urlTemplate":"https:\/\/nataliaferre.com\/en\/?s={search_term_string}"},"query-input":{"@type":"PropertyValueSpecification","valueRequired":true,"valueName":"search_term_string"}}],"inLanguage":"en-US"},{"@type":"Organization","@id":"https:\/\/nataliaferre.com\/en\/#organization","name":"Nat\u00e0lia Ferr\u00e9","url":"https:\/\/nataliaferre.com\/en\/","logo":{"@type":"ImageObject","inLanguage":"en-US","@id":"https:\/\/nataliaferre.com\/en\/#\/schema\/logo\/image\/","url":"https:\/\/nataliaferre.com\/wp-content\/uploads\/natalia-ferre-la-artista-04-b.jpg","contentUrl":"https:\/\/nataliaferre.com\/wp-content\/uploads\/natalia-ferre-la-artista-04-b.jpg","width":1300,"height":730,"caption":"Nat\u00e0lia Ferr\u00e9"},"image":{"@id":"https:\/\/nataliaferre.com\/en\/#\/schema\/logo\/image\/"}}]}},"_links":{"self":[{"href":"https:\/\/nataliaferre.com\/en\/wp-json\/wp\/v2\/pages\/16772","targetHints":{"allow":["GET"]}}],"collection":[{"href":"https:\/\/nataliaferre.com\/en\/wp-json\/wp\/v2\/pages"}],"about":[{"href":"https:\/\/nataliaferre.com\/en\/wp-json\/wp\/v2\/types\/page"}],"author":[{"embeddable":true,"href":"https:\/\/nataliaferre.com\/en\/wp-json\/wp\/v2\/users\/999"}],"replies":[{"embeddable":true,"href":"https:\/\/nataliaferre.com\/en\/wp-json\/wp\/v2\/comments?post=16772"}],"version-history":[{"count":0,"href":"https:\/\/nataliaferre.com\/en\/wp-json\/wp\/v2\/pages\/16772\/revisions"}],"wp:attachment":[{"href":"https:\/\/nataliaferre.com\/en\/wp-json\/wp\/v2\/media?parent=16772"}],"curies":[{"name":"wp","href":"https:\/\/api.w.org\/{rel}","templated":true}]}}