{"id":14086,"date":"2021-09-17T20:45:06","date_gmt":"2021-09-17T18:45:06","guid":{"rendered":"https:\/\/nataliaferre.com\/botiga-online\/escultura-natalia-ferre-princesa-clara\/"},"modified":"2026-01-30T11:36:25","modified_gmt":"2026-01-30T10:36:25","slug":"escultura-natalia-ferre-princesa-clara","status":"publish","type":"product","link":"https:\/\/nataliaferre.com\/en\/online-store\/escultura-natalia-ferre-princesa-clara\/","title":{"rendered":"Princesa Clara"},"excerpt":{"rendered":"<p>Ceramic sculpture by Nat\u00e0lia Ferr\u00e9, 36 cm high, 17 cm wide and 18 cm deep.<\/p>\n<p>Created with refractory earth, ceramic dyes and high temperature oxides, all Nat\u00e0lia Ferr\u00e9&#8217;s ceramic sculptures are unique pieces.<\/p>\n","protected":false},"featured_media":12033,"template":"","meta":{"inline_featured_image":false},"product_brand":[],"product_cat":[158,516],"product_tag":[],"class_list":{"0":"post-14086","1":"product","2":"type-product","3":"status-publish","4":"has-post-thumbnail","6":"product_cat-ceramic-pieces","7":"product_cat-kids-collection","9":"first","10":"instock","11":"sold-individually","12":"taxable","13":"shipping-taxable","14":"purchasable","15":"product-type-simple"},"yoast_head":"<!-- This site is optimized with the Yoast SEO plugin v27.3 - https:\/\/yoast.com\/product\/yoast-seo-wordpress\/ -->\n<title>Princesa Clara - Ceramic Sculpture, KIDS COLLECTION de Nat\u00e0lia Ferr\u00e9 - Art Gallery and Online Store<\/title>\n<meta name=\"description\" content=\"Ceramic sculpture by Nat\u00e0lia Ferr\u00e9, 36 cm high, 17 cm wide and 18 cm deep.  Created with refractory earth, ceramic dyes and high temperature oxides, all Nat\u00e0lia Ferr\u00e9&#039;s ceramic sculptures are unique pieces.\" \/>\n<meta name=\"robots\" content=\"index, follow, max-snippet:-1, max-image-preview:large, max-video-preview:-1\" \/>\n<link rel=\"canonical\" href=\"https:\/\/nataliaferre.com\/en\/online-store\/escultura-natalia-ferre-princesa-clara\/\" \/>\n<meta property=\"og:locale\" content=\"en_US\" \/>\n<meta property=\"og:type\" content=\"article\" \/>\n<meta property=\"og:title\" content=\"Princesa Clara - Ceramic Sculpture, KIDS COLLECTION de Nat\u00e0lia Ferr\u00e9 - Art Gallery and Online Store\" \/>\n<meta property=\"og:description\" content=\"Ceramic sculpture by Nat\u00e0lia Ferr\u00e9, 36 cm high, 17 cm wide and 18 cm deep.  Created with refractory earth, ceramic dyes and high temperature oxides, all Nat\u00e0lia Ferr\u00e9&#039;s ceramic sculptures are unique pieces.\" \/>\n<meta property=\"og:url\" content=\"https:\/\/nataliaferre.com\/en\/online-store\/escultura-natalia-ferre-princesa-clara\/\" \/>\n<meta property=\"og:site_name\" content=\"Nat\u00e0lia Ferr\u00e9\" \/>\n<meta property=\"article:modified_time\" content=\"2026-01-30T10:36:25+00:00\" \/>\n<meta property=\"og:image\" content=\"https:\/\/nataliaferre.com\/wp-content\/uploads\/escultura-natalia-ferre-princesa-clara-01-2.jpg\" \/>\n\t<meta property=\"og:image:width\" content=\"960\" \/>\n\t<meta property=\"og:image:height\" content=\"1440\" \/>\n\t<meta property=\"og:image:type\" content=\"image\/jpeg\" \/>\n<meta name=\"twitter:card\" content=\"summary_large_image\" \/>\n<script type=\"application\/ld+json\" class=\"yoast-schema-graph\">{\"@context\":\"https:\\\/\\\/schema.org\",\"@graph\":[{\"@type\":\"WebPage\",\"@id\":\"https:\\\/\\\/nataliaferre.com\\\/en\\\/online-store\\\/escultura-natalia-ferre-princesa-clara\\\/\",\"url\":\"https:\\\/\\\/nataliaferre.com\\\/en\\\/online-store\\\/escultura-natalia-ferre-princesa-clara\\\/\",\"name\":\"Princesa Clara - Ceramic Sculpture, KIDS COLLECTION de Nat\u00e0lia Ferr\u00e9 - Art Gallery and Online Store\",\"isPartOf\":{\"@id\":\"https:\\\/\\\/nataliaferre.com\\\/en\\\/#website\"},\"primaryImageOfPage\":{\"@id\":\"https:\\\/\\\/nataliaferre.com\\\/en\\\/online-store\\\/escultura-natalia-ferre-princesa-clara\\\/#primaryimage\"},\"image\":{\"@id\":\"https:\\\/\\\/nataliaferre.com\\\/en\\\/online-store\\\/escultura-natalia-ferre-princesa-clara\\\/#primaryimage\"},\"thumbnailUrl\":\"https:\\\/\\\/nataliaferre.com\\\/wp-content\\\/uploads\\\/escultura-natalia-ferre-princesa-clara-01-2.jpg\",\"datePublished\":\"2021-09-17T18:45:06+00:00\",\"dateModified\":\"2026-01-30T10:36:25+00:00\",\"description\":\"Ceramic sculpture by Nat\u00e0lia Ferr\u00e9, 36 cm high, 17 cm wide and 18 cm deep. Created with refractory earth, ceramic dyes and high temperature oxides, all Nat\u00e0lia Ferr\u00e9's ceramic sculptures are unique pieces.\",\"breadcrumb\":{\"@id\":\"https:\\\/\\\/nataliaferre.com\\\/en\\\/online-store\\\/escultura-natalia-ferre-princesa-clara\\\/#breadcrumb\"},\"inLanguage\":\"en-US\",\"potentialAction\":[{\"@type\":\"ReadAction\",\"target\":[\"https:\\\/\\\/nataliaferre.com\\\/en\\\/online-store\\\/escultura-natalia-ferre-princesa-clara\\\/\"]}]},{\"@type\":\"ImageObject\",\"inLanguage\":\"en-US\",\"@id\":\"https:\\\/\\\/nataliaferre.com\\\/en\\\/online-store\\\/escultura-natalia-ferre-princesa-clara\\\/#primaryimage\",\"url\":\"https:\\\/\\\/nataliaferre.com\\\/wp-content\\\/uploads\\\/escultura-natalia-ferre-princesa-clara-01-2.jpg\",\"contentUrl\":\"https:\\\/\\\/nataliaferre.com\\\/wp-content\\\/uploads\\\/escultura-natalia-ferre-princesa-clara-01-2.jpg\",\"width\":960,\"height\":1440},{\"@type\":\"BreadcrumbList\",\"@id\":\"https:\\\/\\\/nataliaferre.com\\\/en\\\/online-store\\\/escultura-natalia-ferre-princesa-clara\\\/#breadcrumb\",\"itemListElement\":[{\"@type\":\"ListItem\",\"position\":1,\"name\":\"Portada\",\"item\":\"https:\\\/\\\/nataliaferre.com\\\/en\\\/\"},{\"@type\":\"ListItem\",\"position\":2,\"name\":\"Items\",\"item\":\"https:\\\/\\\/nataliaferre.com\\\/en\\\/shop\\\/\"},{\"@type\":\"ListItem\",\"position\":3,\"name\":\"Princesa Clara\"}]},{\"@type\":\"WebSite\",\"@id\":\"https:\\\/\\\/nataliaferre.com\\\/en\\\/#website\",\"url\":\"https:\\\/\\\/nataliaferre.com\\\/en\\\/\",\"name\":\"Nat\u00e0lia Ferr\u00e9\",\"description\":\"Sculptor, Ceramist, Painter and Gallerist\",\"publisher\":{\"@id\":\"https:\\\/\\\/nataliaferre.com\\\/en\\\/#organization\"},\"potentialAction\":[{\"@type\":\"SearchAction\",\"target\":{\"@type\":\"EntryPoint\",\"urlTemplate\":\"https:\\\/\\\/nataliaferre.com\\\/en\\\/?s={search_term_string}\"},\"query-input\":{\"@type\":\"PropertyValueSpecification\",\"valueRequired\":true,\"valueName\":\"search_term_string\"}}],\"inLanguage\":\"en-US\"},{\"@type\":\"Organization\",\"@id\":\"https:\\\/\\\/nataliaferre.com\\\/en\\\/#organization\",\"name\":\"Nat\u00e0lia Ferr\u00e9\",\"url\":\"https:\\\/\\\/nataliaferre.com\\\/en\\\/\",\"logo\":{\"@type\":\"ImageObject\",\"inLanguage\":\"en-US\",\"@id\":\"https:\\\/\\\/nataliaferre.com\\\/en\\\/#\\\/schema\\\/logo\\\/image\\\/\",\"url\":\"https:\\\/\\\/nataliaferre.com\\\/wp-content\\\/uploads\\\/natalia-ferre-la-artista-04-b.jpg\",\"contentUrl\":\"https:\\\/\\\/nataliaferre.com\\\/wp-content\\\/uploads\\\/natalia-ferre-la-artista-04-b.jpg\",\"width\":1300,\"height\":730,\"caption\":\"Nat\u00e0lia Ferr\u00e9\"},\"image\":{\"@id\":\"https:\\\/\\\/nataliaferre.com\\\/en\\\/#\\\/schema\\\/logo\\\/image\\\/\"}}]}<\/script>\n<!-- \/ Yoast SEO plugin. -->","yoast_head_json":{"title":"Princesa Clara - Ceramic Sculpture, KIDS COLLECTION de Nat\u00e0lia Ferr\u00e9 - Art Gallery and Online Store","description":"Ceramic sculpture by Nat\u00e0lia Ferr\u00e9, 36 cm high, 17 cm wide and 18 cm deep.  Created with refractory earth, ceramic dyes and high temperature oxides, all Nat\u00e0lia Ferr\u00e9's ceramic sculptures are unique pieces.","robots":{"index":"index","follow":"follow","max-snippet":"max-snippet:-1","max-image-preview":"max-image-preview:large","max-video-preview":"max-video-preview:-1"},"canonical":"https:\/\/nataliaferre.com\/en\/online-store\/escultura-natalia-ferre-princesa-clara\/","og_locale":"en_US","og_type":"article","og_title":"Princesa Clara - Ceramic Sculpture, KIDS COLLECTION de Nat\u00e0lia Ferr\u00e9 - Art Gallery and Online Store","og_description":"Ceramic sculpture by Nat\u00e0lia Ferr\u00e9, 36 cm high, 17 cm wide and 18 cm deep.  Created with refractory earth, ceramic dyes and high temperature oxides, all Nat\u00e0lia Ferr\u00e9's ceramic sculptures are unique pieces.","og_url":"https:\/\/nataliaferre.com\/en\/online-store\/escultura-natalia-ferre-princesa-clara\/","og_site_name":"Nat\u00e0lia Ferr\u00e9","article_modified_time":"2026-01-30T10:36:25+00:00","og_image":[{"width":960,"height":1440,"url":"https:\/\/nataliaferre.com\/wp-content\/uploads\/escultura-natalia-ferre-princesa-clara-01-2.jpg","type":"image\/jpeg"}],"twitter_card":"summary_large_image","schema":{"@context":"https:\/\/schema.org","@graph":[{"@type":"WebPage","@id":"https:\/\/nataliaferre.com\/en\/online-store\/escultura-natalia-ferre-princesa-clara\/","url":"https:\/\/nataliaferre.com\/en\/online-store\/escultura-natalia-ferre-princesa-clara\/","name":"Princesa Clara - Ceramic Sculpture, KIDS COLLECTION de Nat\u00e0lia Ferr\u00e9 - Art Gallery and Online Store","isPartOf":{"@id":"https:\/\/nataliaferre.com\/en\/#website"},"primaryImageOfPage":{"@id":"https:\/\/nataliaferre.com\/en\/online-store\/escultura-natalia-ferre-princesa-clara\/#primaryimage"},"image":{"@id":"https:\/\/nataliaferre.com\/en\/online-store\/escultura-natalia-ferre-princesa-clara\/#primaryimage"},"thumbnailUrl":"https:\/\/nataliaferre.com\/wp-content\/uploads\/escultura-natalia-ferre-princesa-clara-01-2.jpg","datePublished":"2021-09-17T18:45:06+00:00","dateModified":"2026-01-30T10:36:25+00:00","description":"Ceramic sculpture by Nat\u00e0lia Ferr\u00e9, 36 cm high, 17 cm wide and 18 cm deep. Created with refractory earth, ceramic dyes and high temperature oxides, all Nat\u00e0lia Ferr\u00e9's ceramic sculptures are unique pieces.","breadcrumb":{"@id":"https:\/\/nataliaferre.com\/en\/online-store\/escultura-natalia-ferre-princesa-clara\/#breadcrumb"},"inLanguage":"en-US","potentialAction":[{"@type":"ReadAction","target":["https:\/\/nataliaferre.com\/en\/online-store\/escultura-natalia-ferre-princesa-clara\/"]}]},{"@type":"ImageObject","inLanguage":"en-US","@id":"https:\/\/nataliaferre.com\/en\/online-store\/escultura-natalia-ferre-princesa-clara\/#primaryimage","url":"https:\/\/nataliaferre.com\/wp-content\/uploads\/escultura-natalia-ferre-princesa-clara-01-2.jpg","contentUrl":"https:\/\/nataliaferre.com\/wp-content\/uploads\/escultura-natalia-ferre-princesa-clara-01-2.jpg","width":960,"height":1440},{"@type":"BreadcrumbList","@id":"https:\/\/nataliaferre.com\/en\/online-store\/escultura-natalia-ferre-princesa-clara\/#breadcrumb","itemListElement":[{"@type":"ListItem","position":1,"name":"Portada","item":"https:\/\/nataliaferre.com\/en\/"},{"@type":"ListItem","position":2,"name":"Items","item":"https:\/\/nataliaferre.com\/en\/shop\/"},{"@type":"ListItem","position":3,"name":"Princesa Clara"}]},{"@type":"WebSite","@id":"https:\/\/nataliaferre.com\/en\/#website","url":"https:\/\/nataliaferre.com\/en\/","name":"Nat\u00e0lia Ferr\u00e9","description":"Sculptor, Ceramist, Painter and Gallerist","publisher":{"@id":"https:\/\/nataliaferre.com\/en\/#organization"},"potentialAction":[{"@type":"SearchAction","target":{"@type":"EntryPoint","urlTemplate":"https:\/\/nataliaferre.com\/en\/?s={search_term_string}"},"query-input":{"@type":"PropertyValueSpecification","valueRequired":true,"valueName":"search_term_string"}}],"inLanguage":"en-US"},{"@type":"Organization","@id":"https:\/\/nataliaferre.com\/en\/#organization","name":"Nat\u00e0lia Ferr\u00e9","url":"https:\/\/nataliaferre.com\/en\/","logo":{"@type":"ImageObject","inLanguage":"en-US","@id":"https:\/\/nataliaferre.com\/en\/#\/schema\/logo\/image\/","url":"https:\/\/nataliaferre.com\/wp-content\/uploads\/natalia-ferre-la-artista-04-b.jpg","contentUrl":"https:\/\/nataliaferre.com\/wp-content\/uploads\/natalia-ferre-la-artista-04-b.jpg","width":1300,"height":730,"caption":"Nat\u00e0lia Ferr\u00e9"},"image":{"@id":"https:\/\/nataliaferre.com\/en\/#\/schema\/logo\/image\/"}}]}},"_links":{"self":[{"href":"https:\/\/nataliaferre.com\/en\/wp-json\/wp\/v2\/product\/14086","targetHints":{"allow":["GET"]}}],"collection":[{"href":"https:\/\/nataliaferre.com\/en\/wp-json\/wp\/v2\/product"}],"about":[{"href":"https:\/\/nataliaferre.com\/en\/wp-json\/wp\/v2\/types\/product"}],"wp:featuredmedia":[{"embeddable":true,"href":"https:\/\/nataliaferre.com\/en\/wp-json\/wp\/v2\/media\/12033"}],"wp:attachment":[{"href":"https:\/\/nataliaferre.com\/en\/wp-json\/wp\/v2\/media?parent=14086"}],"wp:term":[{"taxonomy":"product_brand","embeddable":true,"href":"https:\/\/nataliaferre.com\/en\/wp-json\/wp\/v2\/product_brand?post=14086"},{"taxonomy":"product_cat","embeddable":true,"href":"https:\/\/nataliaferre.com\/en\/wp-json\/wp\/v2\/product_cat?post=14086"},{"taxonomy":"product_tag","embeddable":true,"href":"https:\/\/nataliaferre.com\/en\/wp-json\/wp\/v2\/product_tag?post=14086"}],"curies":[{"name":"wp","href":"https:\/\/api.w.org\/{rel}","templated":true}]}}