{"id":29536,"date":"2025-12-29T10:56:57","date_gmt":"2025-12-29T09:56:57","guid":{"rendered":"https:\/\/nataliaferre.com\/botiga-online\/flora-blau\/"},"modified":"2025-12-29T10:57:42","modified_gmt":"2025-12-29T09:57:42","slug":"flora-blau","status":"publish","type":"product","link":"https:\/\/nataliaferre.com\/en\/online-store\/flora-blau\/","title":{"rendered":"FLORA BLAU"},"excerpt":{"rendered":"<p>Ceramic sculpture with natural and artificial flowers by Nat\u00e0lia Ferr\u00e9, measuring 70 cm high, 40 cm wide and 45 cm deep.<\/p>\n<p>This sculpture is a unique piece.<\/p>\n<p>Created with Catalan refractory clay, covered with cobalt and fired at high temperature.<\/p>\n","protected":false},"featured_media":29500,"template":"","meta":{"inline_featured_image":false},"product_brand":[],"product_cat":[158,505],"product_tag":[],"class_list":{"0":"post-29536","1":"product","2":"type-product","3":"status-publish","4":"has-post-thumbnail","6":"product_cat-ceramic-pieces","7":"product_cat-flora-collection","9":"first","10":"instock","11":"sold-individually","12":"taxable","13":"shipping-taxable","14":"purchasable","15":"product-type-simple"},"yoast_head":"<!-- This site is optimized with the Yoast SEO plugin v27.3 - https:\/\/yoast.com\/product\/yoast-seo-wordpress\/ -->\n<title>FLORA BLAU - Ceramic Sculpture, FLORA COLLECTION de Nat\u00e0lia Ferr\u00e9 - Art Gallery and Online Store<\/title>\n<meta name=\"description\" content=\"Ceramic sculpture with natural and artificial flowers by Nat\u00e0lia Ferr\u00e9, measuring 70 cm high, 40 cm wide and 45 cm deep.  This sculpture is a unique piece.  Created with Catalan refractory clay, covered with cobalt and fired at high temperature.\" \/>\n<meta name=\"robots\" content=\"index, follow, max-snippet:-1, max-image-preview:large, max-video-preview:-1\" \/>\n<link rel=\"canonical\" href=\"https:\/\/nataliaferre.com\/en\/online-store\/flora-blau\/\" \/>\n<meta property=\"og:locale\" content=\"en_US\" \/>\n<meta property=\"og:type\" content=\"article\" \/>\n<meta property=\"og:title\" content=\"FLORA BLAU - Ceramic Sculpture, FLORA COLLECTION de Nat\u00e0lia Ferr\u00e9 - Art Gallery and Online Store\" \/>\n<meta property=\"og:description\" content=\"Ceramic sculpture with natural and artificial flowers by Nat\u00e0lia Ferr\u00e9, measuring 70 cm high, 40 cm wide and 45 cm deep.  This sculpture is a unique piece.  Created with Catalan refractory clay, covered with cobalt and fired at high temperature.\" \/>\n<meta property=\"og:url\" content=\"https:\/\/nataliaferre.com\/en\/online-store\/flora-blau\/\" \/>\n<meta property=\"og:site_name\" content=\"Nat\u00e0lia Ferr\u00e9\" \/>\n<meta property=\"article:modified_time\" content=\"2025-12-29T09:57:42+00:00\" \/>\n<meta property=\"og:image\" content=\"https:\/\/nataliaferre.com\/wp-content\/uploads\/37.jpg\" \/>\n\t<meta property=\"og:image:width\" content=\"960\" \/>\n\t<meta property=\"og:image:height\" content=\"1440\" \/>\n\t<meta property=\"og:image:type\" content=\"image\/jpeg\" \/>\n<meta name=\"twitter:card\" content=\"summary_large_image\" \/>\n<meta name=\"twitter:label1\" content=\"Est. reading time\" \/>\n\t<meta name=\"twitter:data1\" content=\"1 minute\" \/>\n<script type=\"application\/ld+json\" class=\"yoast-schema-graph\">{\"@context\":\"https:\\\/\\\/schema.org\",\"@graph\":[{\"@type\":\"WebPage\",\"@id\":\"https:\\\/\\\/nataliaferre.com\\\/en\\\/online-store\\\/flora-blau\\\/\",\"url\":\"https:\\\/\\\/nataliaferre.com\\\/en\\\/online-store\\\/flora-blau\\\/\",\"name\":\"FLORA BLAU - Ceramic Sculpture, FLORA COLLECTION de Nat\u00e0lia Ferr\u00e9 - Art Gallery and Online Store\",\"isPartOf\":{\"@id\":\"https:\\\/\\\/nataliaferre.com\\\/en\\\/#website\"},\"primaryImageOfPage\":{\"@id\":\"https:\\\/\\\/nataliaferre.com\\\/en\\\/online-store\\\/flora-blau\\\/#primaryimage\"},\"image\":{\"@id\":\"https:\\\/\\\/nataliaferre.com\\\/en\\\/online-store\\\/flora-blau\\\/#primaryimage\"},\"thumbnailUrl\":\"https:\\\/\\\/nataliaferre.com\\\/wp-content\\\/uploads\\\/37.jpg\",\"datePublished\":\"2025-12-29T09:56:57+00:00\",\"dateModified\":\"2025-12-29T09:57:42+00:00\",\"description\":\"Ceramic sculpture with natural and artificial flowers by Nat\u00e0lia Ferr\u00e9, measuring 70 cm high, 40 cm wide and 45 cm deep. This sculpture is a unique piece. Created with Catalan refractory clay, covered with cobalt and fired at high temperature.\",\"breadcrumb\":{\"@id\":\"https:\\\/\\\/nataliaferre.com\\\/en\\\/online-store\\\/flora-blau\\\/#breadcrumb\"},\"inLanguage\":\"en-US\",\"potentialAction\":[{\"@type\":\"ReadAction\",\"target\":[\"https:\\\/\\\/nataliaferre.com\\\/en\\\/online-store\\\/flora-blau\\\/\"]}]},{\"@type\":\"ImageObject\",\"inLanguage\":\"en-US\",\"@id\":\"https:\\\/\\\/nataliaferre.com\\\/en\\\/online-store\\\/flora-blau\\\/#primaryimage\",\"url\":\"https:\\\/\\\/nataliaferre.com\\\/wp-content\\\/uploads\\\/37.jpg\",\"contentUrl\":\"https:\\\/\\\/nataliaferre.com\\\/wp-content\\\/uploads\\\/37.jpg\",\"width\":960,\"height\":1440},{\"@type\":\"BreadcrumbList\",\"@id\":\"https:\\\/\\\/nataliaferre.com\\\/en\\\/online-store\\\/flora-blau\\\/#breadcrumb\",\"itemListElement\":[{\"@type\":\"ListItem\",\"position\":1,\"name\":\"Portada\",\"item\":\"https:\\\/\\\/nataliaferre.com\\\/en\\\/\"},{\"@type\":\"ListItem\",\"position\":2,\"name\":\"Items\",\"item\":\"https:\\\/\\\/nataliaferre.com\\\/en\\\/shop\\\/\"},{\"@type\":\"ListItem\",\"position\":3,\"name\":\"FLORA BLAU\"}]},{\"@type\":\"WebSite\",\"@id\":\"https:\\\/\\\/nataliaferre.com\\\/en\\\/#website\",\"url\":\"https:\\\/\\\/nataliaferre.com\\\/en\\\/\",\"name\":\"Nat\u00e0lia Ferr\u00e9\",\"description\":\"Sculptor, Ceramist, Painter and Gallerist\",\"publisher\":{\"@id\":\"https:\\\/\\\/nataliaferre.com\\\/en\\\/#organization\"},\"potentialAction\":[{\"@type\":\"SearchAction\",\"target\":{\"@type\":\"EntryPoint\",\"urlTemplate\":\"https:\\\/\\\/nataliaferre.com\\\/en\\\/?s={search_term_string}\"},\"query-input\":{\"@type\":\"PropertyValueSpecification\",\"valueRequired\":true,\"valueName\":\"search_term_string\"}}],\"inLanguage\":\"en-US\"},{\"@type\":\"Organization\",\"@id\":\"https:\\\/\\\/nataliaferre.com\\\/en\\\/#organization\",\"name\":\"Nat\u00e0lia Ferr\u00e9\",\"url\":\"https:\\\/\\\/nataliaferre.com\\\/en\\\/\",\"logo\":{\"@type\":\"ImageObject\",\"inLanguage\":\"en-US\",\"@id\":\"https:\\\/\\\/nataliaferre.com\\\/en\\\/#\\\/schema\\\/logo\\\/image\\\/\",\"url\":\"https:\\\/\\\/nataliaferre.com\\\/wp-content\\\/uploads\\\/natalia-ferre-la-artista-04-b.jpg\",\"contentUrl\":\"https:\\\/\\\/nataliaferre.com\\\/wp-content\\\/uploads\\\/natalia-ferre-la-artista-04-b.jpg\",\"width\":1300,\"height\":730,\"caption\":\"Nat\u00e0lia Ferr\u00e9\"},\"image\":{\"@id\":\"https:\\\/\\\/nataliaferre.com\\\/en\\\/#\\\/schema\\\/logo\\\/image\\\/\"}}]}<\/script>\n<!-- \/ Yoast SEO plugin. -->","yoast_head_json":{"title":"FLORA BLAU - Ceramic Sculpture, FLORA COLLECTION de Nat\u00e0lia Ferr\u00e9 - Art Gallery and Online Store","description":"Ceramic sculpture with natural and artificial flowers by Nat\u00e0lia Ferr\u00e9, measuring 70 cm high, 40 cm wide and 45 cm deep.  This sculpture is a unique piece.  Created with Catalan refractory clay, covered with cobalt and fired at high temperature.","robots":{"index":"index","follow":"follow","max-snippet":"max-snippet:-1","max-image-preview":"max-image-preview:large","max-video-preview":"max-video-preview:-1"},"canonical":"https:\/\/nataliaferre.com\/en\/online-store\/flora-blau\/","og_locale":"en_US","og_type":"article","og_title":"FLORA BLAU - Ceramic Sculpture, FLORA COLLECTION de Nat\u00e0lia Ferr\u00e9 - Art Gallery and Online Store","og_description":"Ceramic sculpture with natural and artificial flowers by Nat\u00e0lia Ferr\u00e9, measuring 70 cm high, 40 cm wide and 45 cm deep.  This sculpture is a unique piece.  Created with Catalan refractory clay, covered with cobalt and fired at high temperature.","og_url":"https:\/\/nataliaferre.com\/en\/online-store\/flora-blau\/","og_site_name":"Nat\u00e0lia Ferr\u00e9","article_modified_time":"2025-12-29T09:57:42+00:00","og_image":[{"width":960,"height":1440,"url":"https:\/\/nataliaferre.com\/wp-content\/uploads\/37.jpg","type":"image\/jpeg"}],"twitter_card":"summary_large_image","twitter_misc":{"Est. reading time":"1 minute"},"schema":{"@context":"https:\/\/schema.org","@graph":[{"@type":"WebPage","@id":"https:\/\/nataliaferre.com\/en\/online-store\/flora-blau\/","url":"https:\/\/nataliaferre.com\/en\/online-store\/flora-blau\/","name":"FLORA BLAU - Ceramic Sculpture, FLORA COLLECTION de Nat\u00e0lia Ferr\u00e9 - Art Gallery and Online Store","isPartOf":{"@id":"https:\/\/nataliaferre.com\/en\/#website"},"primaryImageOfPage":{"@id":"https:\/\/nataliaferre.com\/en\/online-store\/flora-blau\/#primaryimage"},"image":{"@id":"https:\/\/nataliaferre.com\/en\/online-store\/flora-blau\/#primaryimage"},"thumbnailUrl":"https:\/\/nataliaferre.com\/wp-content\/uploads\/37.jpg","datePublished":"2025-12-29T09:56:57+00:00","dateModified":"2025-12-29T09:57:42+00:00","description":"Ceramic sculpture with natural and artificial flowers by Nat\u00e0lia Ferr\u00e9, measuring 70 cm high, 40 cm wide and 45 cm deep. This sculpture is a unique piece. Created with Catalan refractory clay, covered with cobalt and fired at high temperature.","breadcrumb":{"@id":"https:\/\/nataliaferre.com\/en\/online-store\/flora-blau\/#breadcrumb"},"inLanguage":"en-US","potentialAction":[{"@type":"ReadAction","target":["https:\/\/nataliaferre.com\/en\/online-store\/flora-blau\/"]}]},{"@type":"ImageObject","inLanguage":"en-US","@id":"https:\/\/nataliaferre.com\/en\/online-store\/flora-blau\/#primaryimage","url":"https:\/\/nataliaferre.com\/wp-content\/uploads\/37.jpg","contentUrl":"https:\/\/nataliaferre.com\/wp-content\/uploads\/37.jpg","width":960,"height":1440},{"@type":"BreadcrumbList","@id":"https:\/\/nataliaferre.com\/en\/online-store\/flora-blau\/#breadcrumb","itemListElement":[{"@type":"ListItem","position":1,"name":"Portada","item":"https:\/\/nataliaferre.com\/en\/"},{"@type":"ListItem","position":2,"name":"Items","item":"https:\/\/nataliaferre.com\/en\/shop\/"},{"@type":"ListItem","position":3,"name":"FLORA BLAU"}]},{"@type":"WebSite","@id":"https:\/\/nataliaferre.com\/en\/#website","url":"https:\/\/nataliaferre.com\/en\/","name":"Nat\u00e0lia Ferr\u00e9","description":"Sculptor, Ceramist, Painter and Gallerist","publisher":{"@id":"https:\/\/nataliaferre.com\/en\/#organization"},"potentialAction":[{"@type":"SearchAction","target":{"@type":"EntryPoint","urlTemplate":"https:\/\/nataliaferre.com\/en\/?s={search_term_string}"},"query-input":{"@type":"PropertyValueSpecification","valueRequired":true,"valueName":"search_term_string"}}],"inLanguage":"en-US"},{"@type":"Organization","@id":"https:\/\/nataliaferre.com\/en\/#organization","name":"Nat\u00e0lia Ferr\u00e9","url":"https:\/\/nataliaferre.com\/en\/","logo":{"@type":"ImageObject","inLanguage":"en-US","@id":"https:\/\/nataliaferre.com\/en\/#\/schema\/logo\/image\/","url":"https:\/\/nataliaferre.com\/wp-content\/uploads\/natalia-ferre-la-artista-04-b.jpg","contentUrl":"https:\/\/nataliaferre.com\/wp-content\/uploads\/natalia-ferre-la-artista-04-b.jpg","width":1300,"height":730,"caption":"Nat\u00e0lia Ferr\u00e9"},"image":{"@id":"https:\/\/nataliaferre.com\/en\/#\/schema\/logo\/image\/"}}]}},"_links":{"self":[{"href":"https:\/\/nataliaferre.com\/en\/wp-json\/wp\/v2\/product\/29536","targetHints":{"allow":["GET"]}}],"collection":[{"href":"https:\/\/nataliaferre.com\/en\/wp-json\/wp\/v2\/product"}],"about":[{"href":"https:\/\/nataliaferre.com\/en\/wp-json\/wp\/v2\/types\/product"}],"wp:featuredmedia":[{"embeddable":true,"href":"https:\/\/nataliaferre.com\/en\/wp-json\/wp\/v2\/media\/29500"}],"wp:attachment":[{"href":"https:\/\/nataliaferre.com\/en\/wp-json\/wp\/v2\/media?parent=29536"}],"wp:term":[{"taxonomy":"product_brand","embeddable":true,"href":"https:\/\/nataliaferre.com\/en\/wp-json\/wp\/v2\/product_brand?post=29536"},{"taxonomy":"product_cat","embeddable":true,"href":"https:\/\/nataliaferre.com\/en\/wp-json\/wp\/v2\/product_cat?post=29536"},{"taxonomy":"product_tag","embeddable":true,"href":"https:\/\/nataliaferre.com\/en\/wp-json\/wp\/v2\/product_tag?post=29536"}],"curies":[{"name":"wp","href":"https:\/\/api.w.org\/{rel}","templated":true}]}}