{"id":29556,"date":"2025-12-29T11:08:19","date_gmt":"2025-12-29T10:08:19","guid":{"rendered":"https:\/\/nataliaferre.com\/botiga-online\/tors-dhome\/"},"modified":"2026-01-28T15:27:15","modified_gmt":"2026-01-28T14:27:15","slug":"tors-dhome","status":"publish","type":"product","link":"https:\/\/nataliaferre.com\/en\/online-store\/tors-dhome\/","title":{"rendered":"MALE TORSO"},"excerpt":{"rendered":"<p>Resin sculpture by Natalia Ferr\u00e9, 48 cm high, 24 cm wide and 16 cm deep.<\/p>\n<p>This sculpture is a numbered edition piece, no. 1\/8.<\/p>\n<p>Created with resin.<\/p>\n","protected":false},"featured_media":29530,"template":"","meta":{"inline_featured_image":false},"product_brand":[],"product_cat":[520,163],"product_tag":[],"class_list":{"0":"post-29556","1":"product","2":"type-product","3":"status-publish","4":"has-post-thumbnail","6":"product_cat-bodys-collection","7":"product_cat-resin-pieces","9":"first","10":"instock","11":"sold-individually","12":"taxable","13":"shipping-taxable","14":"purchasable","15":"product-type-simple"},"yoast_head":"<!-- This site is optimized with the Yoast SEO plugin v27.4 - https:\/\/yoast.com\/product\/yoast-seo-wordpress\/ -->\n<title>MALE TORSO - BODY\u2019S COLLECTION, Resin Sculpture de Nat\u00e0lia Ferr\u00e9 - Art Gallery and Online Store<\/title>\n<meta name=\"description\" content=\"Resin sculpture by Natalia Ferr\u00e9, 48 cm high, 24 cm wide and 16 cm deep.  This sculpture is a numbered edition piece, no. 1\/8.  Created with resin.\" \/>\n<meta name=\"robots\" content=\"index, follow, max-snippet:-1, max-image-preview:large, max-video-preview:-1\" \/>\n<link rel=\"canonical\" href=\"https:\/\/nataliaferre.com\/en\/online-store\/tors-dhome\/\" \/>\n<meta property=\"og:locale\" content=\"en_US\" \/>\n<meta property=\"og:type\" content=\"article\" \/>\n<meta property=\"og:title\" content=\"MALE TORSO - BODY\u2019S COLLECTION, Resin Sculpture de Nat\u00e0lia Ferr\u00e9 - Art Gallery and Online Store\" \/>\n<meta property=\"og:description\" content=\"Resin sculpture by Natalia Ferr\u00e9, 48 cm high, 24 cm wide and 16 cm deep.  This sculpture is a numbered edition piece, no. 1\/8.  Created with resin.\" \/>\n<meta property=\"og:url\" content=\"https:\/\/nataliaferre.com\/en\/online-store\/tors-dhome\/\" \/>\n<meta property=\"og:site_name\" content=\"Nat\u00e0lia Ferr\u00e9\" \/>\n<meta property=\"article:modified_time\" content=\"2026-01-28T14:27:15+00:00\" \/>\n<meta property=\"og:image\" content=\"https:\/\/nataliaferre.com\/wp-content\/uploads\/47.jpg\" \/>\n\t<meta property=\"og:image:width\" content=\"960\" \/>\n\t<meta property=\"og:image:height\" content=\"1440\" \/>\n\t<meta property=\"og:image:type\" content=\"image\/jpeg\" \/>\n<meta name=\"twitter:card\" content=\"summary_large_image\" \/>\n<meta name=\"twitter:label1\" content=\"Est. reading time\" \/>\n\t<meta name=\"twitter:data1\" content=\"1 minute\" \/>\n<script type=\"application\/ld+json\" class=\"yoast-schema-graph\">{\"@context\":\"https:\\\/\\\/schema.org\",\"@graph\":[{\"@type\":\"WebPage\",\"@id\":\"https:\\\/\\\/nataliaferre.com\\\/en\\\/online-store\\\/tors-dhome\\\/\",\"url\":\"https:\\\/\\\/nataliaferre.com\\\/en\\\/online-store\\\/tors-dhome\\\/\",\"name\":\"MALE TORSO - BODY\u2019S COLLECTION, Resin Sculpture de Nat\u00e0lia Ferr\u00e9 - Art Gallery and Online Store\",\"isPartOf\":{\"@id\":\"https:\\\/\\\/nataliaferre.com\\\/en\\\/#website\"},\"primaryImageOfPage\":{\"@id\":\"https:\\\/\\\/nataliaferre.com\\\/en\\\/online-store\\\/tors-dhome\\\/#primaryimage\"},\"image\":{\"@id\":\"https:\\\/\\\/nataliaferre.com\\\/en\\\/online-store\\\/tors-dhome\\\/#primaryimage\"},\"thumbnailUrl\":\"https:\\\/\\\/nataliaferre.com\\\/wp-content\\\/uploads\\\/47.jpg\",\"datePublished\":\"2025-12-29T10:08:19+00:00\",\"dateModified\":\"2026-01-28T14:27:15+00:00\",\"description\":\"Resin sculpture by Natalia Ferr\u00e9, 48 cm high, 24 cm wide and 16 cm deep. This sculpture is a numbered edition piece, no. 1\\\/8. Created with resin.\",\"breadcrumb\":{\"@id\":\"https:\\\/\\\/nataliaferre.com\\\/en\\\/online-store\\\/tors-dhome\\\/#breadcrumb\"},\"inLanguage\":\"en-US\",\"potentialAction\":[{\"@type\":\"ReadAction\",\"target\":[\"https:\\\/\\\/nataliaferre.com\\\/en\\\/online-store\\\/tors-dhome\\\/\"]}]},{\"@type\":\"ImageObject\",\"inLanguage\":\"en-US\",\"@id\":\"https:\\\/\\\/nataliaferre.com\\\/en\\\/online-store\\\/tors-dhome\\\/#primaryimage\",\"url\":\"https:\\\/\\\/nataliaferre.com\\\/wp-content\\\/uploads\\\/47.jpg\",\"contentUrl\":\"https:\\\/\\\/nataliaferre.com\\\/wp-content\\\/uploads\\\/47.jpg\",\"width\":960,\"height\":1440},{\"@type\":\"BreadcrumbList\",\"@id\":\"https:\\\/\\\/nataliaferre.com\\\/en\\\/online-store\\\/tors-dhome\\\/#breadcrumb\",\"itemListElement\":[{\"@type\":\"ListItem\",\"position\":1,\"name\":\"Portada\",\"item\":\"https:\\\/\\\/nataliaferre.com\\\/en\\\/\"},{\"@type\":\"ListItem\",\"position\":2,\"name\":\"Items\",\"item\":\"https:\\\/\\\/nataliaferre.com\\\/en\\\/shop\\\/\"},{\"@type\":\"ListItem\",\"position\":3,\"name\":\"MALE TORSO\"}]},{\"@type\":\"WebSite\",\"@id\":\"https:\\\/\\\/nataliaferre.com\\\/en\\\/#website\",\"url\":\"https:\\\/\\\/nataliaferre.com\\\/en\\\/\",\"name\":\"Nat\u00e0lia Ferr\u00e9\",\"description\":\"Sculptor, Ceramist, Painter and Gallerist\",\"publisher\":{\"@id\":\"https:\\\/\\\/nataliaferre.com\\\/en\\\/#organization\"},\"potentialAction\":[{\"@type\":\"SearchAction\",\"target\":{\"@type\":\"EntryPoint\",\"urlTemplate\":\"https:\\\/\\\/nataliaferre.com\\\/en\\\/?s={search_term_string}\"},\"query-input\":{\"@type\":\"PropertyValueSpecification\",\"valueRequired\":true,\"valueName\":\"search_term_string\"}}],\"inLanguage\":\"en-US\"},{\"@type\":\"Organization\",\"@id\":\"https:\\\/\\\/nataliaferre.com\\\/en\\\/#organization\",\"name\":\"Nat\u00e0lia Ferr\u00e9\",\"url\":\"https:\\\/\\\/nataliaferre.com\\\/en\\\/\",\"logo\":{\"@type\":\"ImageObject\",\"inLanguage\":\"en-US\",\"@id\":\"https:\\\/\\\/nataliaferre.com\\\/en\\\/#\\\/schema\\\/logo\\\/image\\\/\",\"url\":\"https:\\\/\\\/nataliaferre.com\\\/wp-content\\\/uploads\\\/natalia-ferre-la-artista-04-b.jpg\",\"contentUrl\":\"https:\\\/\\\/nataliaferre.com\\\/wp-content\\\/uploads\\\/natalia-ferre-la-artista-04-b.jpg\",\"width\":1300,\"height\":730,\"caption\":\"Nat\u00e0lia Ferr\u00e9\"},\"image\":{\"@id\":\"https:\\\/\\\/nataliaferre.com\\\/en\\\/#\\\/schema\\\/logo\\\/image\\\/\"}}]}<\/script>\n<!-- \/ Yoast SEO plugin. -->","yoast_head_json":{"title":"MALE TORSO - BODY\u2019S COLLECTION, Resin Sculpture de Nat\u00e0lia Ferr\u00e9 - Art Gallery and Online Store","description":"Resin sculpture by Natalia Ferr\u00e9, 48 cm high, 24 cm wide and 16 cm deep.  This sculpture is a numbered edition piece, no. 1\/8.  Created with resin.","robots":{"index":"index","follow":"follow","max-snippet":"max-snippet:-1","max-image-preview":"max-image-preview:large","max-video-preview":"max-video-preview:-1"},"canonical":"https:\/\/nataliaferre.com\/en\/online-store\/tors-dhome\/","og_locale":"en_US","og_type":"article","og_title":"MALE TORSO - BODY\u2019S COLLECTION, Resin Sculpture de Nat\u00e0lia Ferr\u00e9 - Art Gallery and Online Store","og_description":"Resin sculpture by Natalia Ferr\u00e9, 48 cm high, 24 cm wide and 16 cm deep.  This sculpture is a numbered edition piece, no. 1\/8.  Created with resin.","og_url":"https:\/\/nataliaferre.com\/en\/online-store\/tors-dhome\/","og_site_name":"Nat\u00e0lia Ferr\u00e9","article_modified_time":"2026-01-28T14:27:15+00:00","og_image":[{"width":960,"height":1440,"url":"https:\/\/nataliaferre.com\/wp-content\/uploads\/47.jpg","type":"image\/jpeg"}],"twitter_card":"summary_large_image","twitter_misc":{"Est. reading time":"1 minute"},"schema":{"@context":"https:\/\/schema.org","@graph":[{"@type":"WebPage","@id":"https:\/\/nataliaferre.com\/en\/online-store\/tors-dhome\/","url":"https:\/\/nataliaferre.com\/en\/online-store\/tors-dhome\/","name":"MALE TORSO - BODY\u2019S COLLECTION, Resin Sculpture de Nat\u00e0lia Ferr\u00e9 - Art Gallery and Online Store","isPartOf":{"@id":"https:\/\/nataliaferre.com\/en\/#website"},"primaryImageOfPage":{"@id":"https:\/\/nataliaferre.com\/en\/online-store\/tors-dhome\/#primaryimage"},"image":{"@id":"https:\/\/nataliaferre.com\/en\/online-store\/tors-dhome\/#primaryimage"},"thumbnailUrl":"https:\/\/nataliaferre.com\/wp-content\/uploads\/47.jpg","datePublished":"2025-12-29T10:08:19+00:00","dateModified":"2026-01-28T14:27:15+00:00","description":"Resin sculpture by Natalia Ferr\u00e9, 48 cm high, 24 cm wide and 16 cm deep. This sculpture is a numbered edition piece, no. 1\/8. Created with resin.","breadcrumb":{"@id":"https:\/\/nataliaferre.com\/en\/online-store\/tors-dhome\/#breadcrumb"},"inLanguage":"en-US","potentialAction":[{"@type":"ReadAction","target":["https:\/\/nataliaferre.com\/en\/online-store\/tors-dhome\/"]}]},{"@type":"ImageObject","inLanguage":"en-US","@id":"https:\/\/nataliaferre.com\/en\/online-store\/tors-dhome\/#primaryimage","url":"https:\/\/nataliaferre.com\/wp-content\/uploads\/47.jpg","contentUrl":"https:\/\/nataliaferre.com\/wp-content\/uploads\/47.jpg","width":960,"height":1440},{"@type":"BreadcrumbList","@id":"https:\/\/nataliaferre.com\/en\/online-store\/tors-dhome\/#breadcrumb","itemListElement":[{"@type":"ListItem","position":1,"name":"Portada","item":"https:\/\/nataliaferre.com\/en\/"},{"@type":"ListItem","position":2,"name":"Items","item":"https:\/\/nataliaferre.com\/en\/shop\/"},{"@type":"ListItem","position":3,"name":"MALE TORSO"}]},{"@type":"WebSite","@id":"https:\/\/nataliaferre.com\/en\/#website","url":"https:\/\/nataliaferre.com\/en\/","name":"Nat\u00e0lia Ferr\u00e9","description":"Sculptor, Ceramist, Painter and Gallerist","publisher":{"@id":"https:\/\/nataliaferre.com\/en\/#organization"},"potentialAction":[{"@type":"SearchAction","target":{"@type":"EntryPoint","urlTemplate":"https:\/\/nataliaferre.com\/en\/?s={search_term_string}"},"query-input":{"@type":"PropertyValueSpecification","valueRequired":true,"valueName":"search_term_string"}}],"inLanguage":"en-US"},{"@type":"Organization","@id":"https:\/\/nataliaferre.com\/en\/#organization","name":"Nat\u00e0lia Ferr\u00e9","url":"https:\/\/nataliaferre.com\/en\/","logo":{"@type":"ImageObject","inLanguage":"en-US","@id":"https:\/\/nataliaferre.com\/en\/#\/schema\/logo\/image\/","url":"https:\/\/nataliaferre.com\/wp-content\/uploads\/natalia-ferre-la-artista-04-b.jpg","contentUrl":"https:\/\/nataliaferre.com\/wp-content\/uploads\/natalia-ferre-la-artista-04-b.jpg","width":1300,"height":730,"caption":"Nat\u00e0lia Ferr\u00e9"},"image":{"@id":"https:\/\/nataliaferre.com\/en\/#\/schema\/logo\/image\/"}}]}},"_links":{"self":[{"href":"https:\/\/nataliaferre.com\/en\/wp-json\/wp\/v2\/product\/29556","targetHints":{"allow":["GET"]}}],"collection":[{"href":"https:\/\/nataliaferre.com\/en\/wp-json\/wp\/v2\/product"}],"about":[{"href":"https:\/\/nataliaferre.com\/en\/wp-json\/wp\/v2\/types\/product"}],"wp:featuredmedia":[{"embeddable":true,"href":"https:\/\/nataliaferre.com\/en\/wp-json\/wp\/v2\/media\/29530"}],"wp:attachment":[{"href":"https:\/\/nataliaferre.com\/en\/wp-json\/wp\/v2\/media?parent=29556"}],"wp:term":[{"taxonomy":"product_brand","embeddable":true,"href":"https:\/\/nataliaferre.com\/en\/wp-json\/wp\/v2\/product_brand?post=29556"},{"taxonomy":"product_cat","embeddable":true,"href":"https:\/\/nataliaferre.com\/en\/wp-json\/wp\/v2\/product_cat?post=29556"},{"taxonomy":"product_tag","embeddable":true,"href":"https:\/\/nataliaferre.com\/en\/wp-json\/wp\/v2\/product_tag?post=29556"}],"curies":[{"name":"wp","href":"https:\/\/api.w.org\/{rel}","templated":true}]}}