{"id":8963,"date":"2021-10-16T09:31:49","date_gmt":"2021-10-16T07:31:49","guid":{"rendered":"https:\/\/nataliaferre.com\/?page_id=8963"},"modified":"2021-12-20T05:09:02","modified_gmt":"2021-12-20T04:09:02","slug":"aviso-legal","status":"publish","type":"page","link":"https:\/\/nataliaferre.com\/es\/aviso-legal\/","title":{"rendered":"Aviso legal"},"content":{"rendered":"\t\t<div data-elementor-type=\"wp-page\" data-elementor-id=\"8963\" class=\"elementor elementor-8963\" data-elementor-post-type=\"page\">\n\t\t\t\t\t\t<section class=\"elementor-section elementor-top-section elementor-element elementor-element-9e24188 elementor-section-full_width elementor-section-height-default elementor-section-height-default qodef-elementor-content-no\" data-id=\"9e24188\" data-element_type=\"section\" data-e-type=\"section\">\n\t\t\t\t\t\t<div class=\"elementor-container elementor-column-gap-default\">\n\t\t\t\t\t<div class=\"elementor-column elementor-col-100 elementor-top-column elementor-element elementor-element-a853fea\" data-id=\"a853fea\" data-element_type=\"column\" data-e-type=\"column\">\n\t\t\t<div class=\"elementor-widget-wrap elementor-element-populated\">\n\t\t\t\t\t\t<div class=\"elementor-element elementor-element-a11b0b2 elementor-widget elementor-widget-text-editor\" data-id=\"a11b0b2\" data-element_type=\"widget\" data-e-type=\"widget\" data-widget_type=\"text-editor.default\">\n\t\t\t\t<div class=\"elementor-widget-container\">\n\t\t\t\t\t\t\t\t\t<div class=\"legal-content\">\n\nEn cumplimiento del art\u00edculo 10 de la Ley 34\/2002, de 11 de julio, de Servicios de la Sociedad de la Informaci\u00f3n y Comercio Electr\u00f3nico, la Titular expone sus datos identificativos:\n<ul>\n \t<li>Titular: Nat\u00e0lia Ferr\u00e9 Mateu<\/li>\n \t<li>NIF:\u00a039694602Y<\/li>\n \t<li>Domicilio: Carrer Major 77, 43400 Montblanc, Tarragona, Espa\u00f1a<\/li>\n \t<li>Email: <a href=\"mailto:galeria@nataliaferre.com\">galeria@nataliaferre.com<\/a><\/li>\n \t<li>Tel\u00e9fono: (+34) 678 611 170<\/li>\n \t<li>Sitio Web: <a href=\"https:\/\/nataliaferre.com\/es\/\">nataliaferre.com<\/a><\/li>\n<\/ul>\n<h2>Finalidad<\/h2>\nLa finalidad del Sitio Web es: Escultura, cer\u00e1mica y pintura contempor\u00e1nea.\n<h2>Condiciones de uso<\/h2>\nLa utilizaci\u00f3n del Sitio Web le otorga la condici\u00f3n de Usuario, e implica la aceptaci\u00f3n completa de todas las cl\u00e1usulas y condiciones de uso incluidas en las p\u00e1ginas:\n<ul>\n \t<li><a href=\"https:\/\/nataliaferre.com\/es\/aviso-legal\/\">Aviso legal<\/a><\/li>\n \t<li><a href=\"https:\/\/nataliaferre.com\/es\/privacidad\/\">Privacidad<\/a><\/li>\n \t<li><a href=\"https:\/\/nataliaferre.com\/es\/cookies\/\">Cookies<\/a><\/li>\n<\/ul>\nSi no estuviera conforme con todas y cada una de estas cl\u00e1usulas y condiciones abst\u00e9ngase de utilizar el Sitio Web.\n\nEl acceso al Sitio Web no supone, en modo alguno, el inicio de una relaci\u00f3n comercial con la Titular.\n\nA trav\u00e9s del Sitio Web, la Titular le facilita el acceso y la utilizaci\u00f3n de diversos contenidos que la Titular y\/o sus colaboradores han publicado por medio de Internet.\n\nA tal efecto, est\u00e1 obligado y comprometido a NO utilizar cualquiera de los contenidos del Sitio Web con fines o efectos il\u00edcitos, prohibidos en este Aviso legal o por la legislaci\u00f3n vigente, lesivos de los derechos e intereses de terceros, o que de cualquier forma puedan da\u00f1ar, inutilizar, sobrecargar, deteriorar o impedir la normal utilizaci\u00f3n de los contenidos, los equipos inform\u00e1ticos o los documentos, archivos y toda clase de contenidos almacenados en cualquier equipo inform\u00e1tico propios o contratados por la Titular, de otros usuarios o de cualquier usuario de Internet.\n<h2>Medidas de seguridad<\/h2>\nLos datos personales que facilite a la Titular pueden ser almacenados en bases de datos automatizadas o no, cuya titularidad corresponde en exclusiva a la Titular, que asume todas las medidas de \u00edndole t\u00e9cnica, organizativa y de seguridad que garantizan la confidencialidad, integridad y calidad de la informaci\u00f3n contenida en las mismas de acuerdo con lo establecido en la normativa vigente en protecci\u00f3n de datos.\n\nNo obstante, debe ser consciente de que las medidas de seguridad de los sistemas inform\u00e1ticos en Internet no son enteramente fiables y que, por tanto la Titular no puede garantizar la inexistencia de virus u otros elementos que puedan producir alteraciones en los sistemas inform\u00e1ticos (software y hardware) del Usuario o en sus documentos electr\u00f3nicos y ficheros contenidos en los mismos aunque la Titular pone todos los medios necesarios y toma las medidas de seguridad oportunas para evitar la presencia de estos elementos da\u00f1inos.\n<h2>Tratamiento de datos personales<\/h2>\nPuede consultar toda la informaci\u00f3n relativa al tratamiento de datos personales que recoge la Titular en la p\u00e1gina de <a href=\"https:\/\/nataliaferre.com\/es\/privacidad\/\">Pol\u00edtica de Privacidad<\/a>.\n<h2>Contenidos<\/h2>\nLa Titular ha obtenido la informaci\u00f3n, el contenido multimedia y los materiales incluidos en el Sitio Web de fuentes que considera fiables, pero, si bien ha tomado todas las medidas razonables para asegurar que la informaci\u00f3n contenida es correcta, la Titular no garantiza que sea exacta, completa o actualizada. La Titular declina expresamente cualquier responsabilidad por error u omisi\u00f3n en la informaci\u00f3n contenida en las p\u00e1ginas del Sitio Web.\n\nQueda prohibido transmitir o enviar a trav\u00e9s del Sitio Web cualquier contenido ilegal o il\u00edcito, virus inform\u00e1ticos, o mensajes que, en general, afecten o violen derechos de la Titular o de terceros.\n\nLos contenidos del Sitio Web tienen \u00fanicamente una finalidad informativa y bajo ninguna circunstancia deben usarse ni considerarse como oferta de venta, solicitud de una oferta de compra ni recomendaci\u00f3n para realizar cualquier otra operaci\u00f3n, salvo que as\u00ed se indique expresamente.\n\nLa Titular se reserva el derecho a modificar, suspender, cancelar o restringir el contenido del Sitio Web, los v\u00ednculos o la informaci\u00f3n obtenida a trav\u00e9s del Sitio Web, sin necesidad de previo aviso.\n\nLa Titular\u00a0no es responsable de los da\u00f1os y perjuicios que pudieran derivarse de la utilizaci\u00f3n de la informaci\u00f3n del Sitio Web o de la contenida en las redes sociales de la Titular.\n<h2>Pol\u00edtica de cookies<\/h2>\nPuede consultar toda la informaci\u00f3n relativa a la pol\u00edtica de recogida y tratamiento de las cookies en la p\u00e1gina de <a href=\"https:\/\/nataliaferre.com\/es\/cookies\/\">Pol\u00edtica de Cookies<\/a>.\n<h2>Enlaces a otros sitios web<\/h2>\nLa Titular puede proporcionarle acceso a sitios Web de terceros mediante enlaces con la finalidad exclusiva de informar sobre la existencia de otras fuentes de informaci\u00f3n en Internet en las que podr\u00e1 ampliar los datos ofrecidos en el Sitio Web.\n\nEstos enlaces a otros sitios Web no suponen en ning\u00fan caso una sugerencia o recomendaci\u00f3n para que usted visite las p\u00e1ginas web de destino, que est\u00e1n fuera del control de la Titular, por lo que la Titular no es responsable del contenido de los sitios web vinculados ni del resultado que obtenga al seguir los enlaces.\n\nAsimismo, la Titular no responde de los links o enlaces ubicados en los sitios web vinculados a los que le proporciona acceso.\n\nEl establecimiento del enlace no implica en ning\u00fan caso la existencia de relaciones entre la Titular y el propietario del sitio en el que se establezca el enlace, ni la aceptaci\u00f3n o aprobaci\u00f3n por parte de la Titular de sus contenidos o servicios.\n\nSi accede a un sitio web externo desde un enlace que encuentre en el Sitio Web usted deber\u00e1 leer la propia pol\u00edtica de privacidad del otro sitio web que puede ser diferente de la de este sitio Web.\n<h2>Propiedad intelectual e industrial<\/h2>\nTodos los derechos est\u00e1n reservados.\n\nTodo acceso a este Sitio Web est\u00e1 sujeto a las siguientes condiciones: la reproducci\u00f3n, almacenaje permanente y la difusi\u00f3n de los contenidos o cualquier otro uso que tenga finalidad p\u00fablica o comercial queda expresamente prohibida sin el consentimiento previo expreso y por escrito de la Titular.\n<h2>Limitaci\u00f3n de responsabilidad<\/h2>\nLa Titular declina cualquier responsabilidad en caso de que existan interrupciones o un mal funcionamiento de los Servicios o contenidos ofrecidos en Internet, cualquiera que sea su causa. Asimismo, la Titular no se hace responsable por ca\u00eddas de la red, p\u00e9rdidas de negocio a consecuencia de dichas ca\u00eddas, suspensiones temporales de fluido el\u00e9ctrico o cualquier otro tipo de da\u00f1o indirecto que te pueda ser causado por causas ajenas a la Titular.\n\nAntes de tomar decisiones y\/o acciones con base a la informaci\u00f3n incluida en el Sitio Web, la Titular le recomienda comprobar y contrastar la informaci\u00f3n recibida con otras fuentes.\n<h2>Jurisdicci\u00f3n<\/h2>\nEste Aviso legal se rige \u00edntegramente por la legislaci\u00f3n espa\u00f1ola.\n<h2>Contacto<\/h2>\nEn caso de que usted tenga cualquier duda acerca de este Aviso legal o quiera realizar cualquier comentario sobre el Sitio Web, puede enviar un mensaje de correo electr\u00f3nico a la direcci\u00f3n: <a href=\"mailto:galeria@nataliaferre.com\">galeria@nataliaferre.com<\/a>.\n\n<\/div>\t\t\t\t\t\t\t\t<\/div>\n\t\t\t\t<\/div>\n\t\t\t\t\t<\/div>\n\t\t<\/div>\n\t\t\t\t\t<\/div>\n\t\t<\/section>\n\t\t\t\t<section class=\"elementor-section elementor-top-section elementor-element elementor-element-0acfd5b elementor-section-full_width elementor-reverse-tablet elementor-reverse-mobile elementor-section-height-default elementor-section-height-default qodef-elementor-content-no\" data-id=\"0acfd5b\" data-element_type=\"section\" data-e-type=\"section\">\n\t\t\t\t\t\t<div class=\"elementor-container elementor-column-gap-default\">\n\t\t\t\t\t<div class=\"elementor-column elementor-col-50 elementor-top-column elementor-element elementor-element-72c13ed\" data-id=\"72c13ed\" data-element_type=\"column\" data-e-type=\"column\" data-settings=\"{&quot;background_background&quot;:&quot;classic&quot;}\">\n\t\t\t<div class=\"elementor-widget-wrap elementor-element-populated\">\n\t\t\t\t\t\t<div class=\"elementor-element elementor-element-84558df elementor-widget elementor-widget-wp-widget-media_image\" data-id=\"84558df\" data-element_type=\"widget\" data-e-type=\"widget\" data-widget_type=\"wp-widget-media_image.default\">\n\t\t\t\t<div class=\"elementor-widget-container\">\n\t\t\t\t\t<img fetchpriority=\"high\" decoding=\"async\" width=\"835\" height=\"470\" src=\"https:\/\/nataliaferre.com\/wp-content\/uploads\/galeria-natalia-ferre-esculturas-bronce.jpg\" class=\"image wp-image-10969  attachment-full size-full\" alt=\"\" style=\"max-width: 100%; height: auto;\" srcset=\"https:\/\/nataliaferre.com\/wp-content\/uploads\/galeria-natalia-ferre-esculturas-bronce.jpg 835w, https:\/\/nataliaferre.com\/wp-content\/uploads\/galeria-natalia-ferre-esculturas-bronce-640x360.jpg 640w, https:\/\/nataliaferre.com\/wp-content\/uploads\/galeria-natalia-ferre-esculturas-bronce-320x180.jpg 320w, https:\/\/nataliaferre.com\/wp-content\/uploads\/galeria-natalia-ferre-esculturas-bronce-768x432.jpg 768w\" sizes=\"(max-width: 835px) 100vw, 835px\" \/>\t\t\t\t<\/div>\n\t\t\t\t<\/div>\n\t\t\t\t\t<\/div>\n\t\t<\/div>\n\t\t\t\t<div class=\"elementor-column elementor-col-50 elementor-top-column elementor-element elementor-element-9e8c28d mobile-center\" data-id=\"9e8c28d\" data-element_type=\"column\" data-e-type=\"column\" data-settings=\"{&quot;background_background&quot;:&quot;classic&quot;}\">\n\t\t\t<div class=\"elementor-widget-wrap elementor-element-populated\">\n\t\t\t\t\t\t<div class=\"elementor-element elementor-element-d0130f9 elementor-widget elementor-widget-elipsa_core_section_title\" data-id=\"d0130f9\" data-element_type=\"widget\" data-e-type=\"widget\" data-widget_type=\"elipsa_core_section_title.default\">\n\t\t\t\t<div class=\"elementor-widget-container\">\n\t\t\t\t\t<div class=\"qodef-shortcode qodef-m  qodef-section-title qodef-alignment--left qodef-title-break--disabled\">\n\t\t<h3 class=\"qodef-m-title\" >\n\t\t\t\t\tAdquiere obras de arte<br \/> de la Galer\u00eda Nat\u00e0lia Ferr\u00e9\t\t\t<\/h3>\n\t\t\t<p class=\"qodef-m-text\" >Escultura, cer\u00e1mica, bronce, resina, pintura, joya de autor... de Nat\u00e0lia Ferr\u00e9 y de artistas contempor\u00e1neos de reconocido prestigio.<\/p>\n<\/div>\t\t\t\t<\/div>\n\t\t\t\t<\/div>\n\t\t\t\t<div class=\"elementor-element elementor-element-dc47e92 elementor-widget elementor-widget-elipsa_core_button\" data-id=\"dc47e92\" data-element_type=\"widget\" data-e-type=\"widget\" data-widget_type=\"elipsa_core_button.default\">\n\t\t\t\t<div class=\"elementor-widget-container\">\n\t\t\t\t\t<a class=\"qodef-shortcode qodef-m  qodef-button qodef-layout--textual qodef-html--link\" href=\"https:\/\/nataliaferre.com\/es\/tienda-online-de-la-galeria-natalia-ferre\/\" target=\"_self\"  >\n\tTienda online\t<svg class=\"qodef-svg--arrow-button\"\n\t xmlns=\"http:\/\/www.w3.org\/2000\/svg\"\n\t xmlns:xlink=\"http:\/\/www.w3.org\/1999\/xlink\"\n\t x=\"0px\"\n\t y=\"0px\"\n\t viewBox=\"0 0 31.5 30.5\"\n\t style=\"enable-background:new 0 0 31.5 30.5;\"\n\t xml:space=\"preserve\">\n    <g>\n\t\t<line x1=\"0.6\" y1=\"15.2\" x2=\"30.8\" y2=\"15.2\" \/>\n\t\t<path d=\"M30.9,15.2c-1.9-0.9-5.1-2.8-7.9-6.3c-2.6-3.2-3.9-6.3-4.5-8.3\" \/>\n\t\t<path d=\"M30.9,15.2c-1.9,0.9-5.1,2.8-7.9,6.3c-2.6,3.2-3.9,6.3-4.5,8.3\" \/>\n\t<\/g>\n<\/svg>\n<\/a>\n\t\t\t\t<\/div>\n\t\t\t\t<\/div>\n\t\t\t\t\t<\/div>\n\t\t<\/div>\n\t\t\t\t\t<\/div>\n\t\t<\/section>\n\t\t\t\t<\/div>\n\t\t","protected":false},"excerpt":{"rendered":"<p>En cumplimiento del art\u00edculo 10 de la Ley 34\/2002, de 11 de julio, de Servicios de la Sociedad de la Informaci\u00f3n y Comercio Electr\u00f3nico, la Titular expone sus datos identificativos: Titular: Nat\u00e0lia Ferr\u00e9 Mateu NIF:&nbsp;39694602Y Domicilio: Carrer Major 77, 43400 Montblanc, Tarragona, Espa\u00f1a Email: galeria@nataliaferre.com Tel\u00e9fono: (+34) 678 611 170 Sitio Web: nataliaferre.com Finalidad La [&hellip;]<\/p>\n","protected":false},"author":999,"featured_media":0,"parent":0,"menu_order":2000,"comment_status":"closed","ping_status":"closed","template":"","meta":{"inline_featured_image":false,"footnotes":""},"class_list":["post-8963","page","type-page","status-publish","hentry"],"yoast_head":"<!-- This site is optimized with the Yoast SEO plugin v27.3 - https:\/\/yoast.com\/product\/yoast-seo-wordpress\/ -->\n<title>Aviso legal - Nat\u00e0lia Ferr\u00e9 - Escultora, Ceramista, Pintora y Galerista<\/title>\n<meta name=\"description\" content=\"En cumplimiento del art\u00edculo 10 de la Ley 34\/2002, de 11 de julio, de Servicios de la Sociedad de la Informaci\u00f3n y Comercio Electr\u00f3nico, la Titular expone\" \/>\n<meta name=\"robots\" content=\"noindex, follow\" \/>\n<meta property=\"og:locale\" content=\"es_ES\" \/>\n<meta property=\"og:type\" content=\"article\" \/>\n<meta property=\"og:title\" content=\"Aviso legal - Nat\u00e0lia Ferr\u00e9 - Escultora, Ceramista, Pintora y Galerista\" \/>\n<meta property=\"og:description\" content=\"En cumplimiento del art\u00edculo 10 de la Ley 34\/2002, de 11 de julio, de Servicios de la Sociedad de la Informaci\u00f3n y Comercio Electr\u00f3nico, la Titular expone\" \/>\n<meta property=\"og:url\" content=\"https:\/\/nataliaferre.com\/es\/aviso-legal\/\" \/>\n<meta property=\"og:site_name\" content=\"Nat\u00e0lia Ferr\u00e9\" \/>\n<meta property=\"article:modified_time\" content=\"2021-12-20T04:09:02+00:00\" \/>\n<meta name=\"twitter:card\" content=\"summary_large_image\" \/>\n<meta name=\"twitter:label1\" content=\"Tiempo de lectura\" \/>\n\t<meta name=\"twitter:data1\" content=\"7 minutos\" \/>\n<script type=\"application\/ld+json\" class=\"yoast-schema-graph\">{\"@context\":\"https:\\\/\\\/schema.org\",\"@graph\":[{\"@type\":\"WebPage\",\"@id\":\"https:\\\/\\\/nataliaferre.com\\\/es\\\/aviso-legal\\\/\",\"url\":\"https:\\\/\\\/nataliaferre.com\\\/es\\\/aviso-legal\\\/\",\"name\":\"Aviso legal - Nat\u00e0lia Ferr\u00e9 - Escultora, Ceramista, Pintora y Galerista\",\"isPartOf\":{\"@id\":\"https:\\\/\\\/nataliaferre.com\\\/es\\\/#website\"},\"datePublished\":\"2021-10-16T07:31:49+00:00\",\"dateModified\":\"2021-12-20T04:09:02+00:00\",\"description\":\"En cumplimiento del art\u00edculo 10 de la Ley 34\\\/2002, de 11 de julio, de Servicios de la Sociedad de la Informaci\u00f3n y Comercio Electr\u00f3nico, la Titular expone\",\"breadcrumb\":{\"@id\":\"https:\\\/\\\/nataliaferre.com\\\/es\\\/aviso-legal\\\/#breadcrumb\"},\"inLanguage\":\"es\",\"potentialAction\":[{\"@type\":\"ReadAction\",\"target\":[\"https:\\\/\\\/nataliaferre.com\\\/es\\\/aviso-legal\\\/\"]}]},{\"@type\":\"BreadcrumbList\",\"@id\":\"https:\\\/\\\/nataliaferre.com\\\/es\\\/aviso-legal\\\/#breadcrumb\",\"itemListElement\":[{\"@type\":\"ListItem\",\"position\":1,\"name\":\"Portada\",\"item\":\"https:\\\/\\\/nataliaferre.com\\\/es\\\/\"},{\"@type\":\"ListItem\",\"position\":2,\"name\":\"Aviso legal\"}]},{\"@type\":\"WebSite\",\"@id\":\"https:\\\/\\\/nataliaferre.com\\\/es\\\/#website\",\"url\":\"https:\\\/\\\/nataliaferre.com\\\/es\\\/\",\"name\":\"Nat\u00e0lia Ferr\u00e9\",\"description\":\"Escultora, Ceramista, Pintora y Galerista\",\"publisher\":{\"@id\":\"https:\\\/\\\/nataliaferre.com\\\/es\\\/#organization\"},\"potentialAction\":[{\"@type\":\"SearchAction\",\"target\":{\"@type\":\"EntryPoint\",\"urlTemplate\":\"https:\\\/\\\/nataliaferre.com\\\/es\\\/?s={search_term_string}\"},\"query-input\":{\"@type\":\"PropertyValueSpecification\",\"valueRequired\":true,\"valueName\":\"search_term_string\"}}],\"inLanguage\":\"es\"},{\"@type\":\"Organization\",\"@id\":\"https:\\\/\\\/nataliaferre.com\\\/es\\\/#organization\",\"name\":\"Nat\u00e0lia Ferr\u00e9\",\"url\":\"https:\\\/\\\/nataliaferre.com\\\/es\\\/\",\"logo\":{\"@type\":\"ImageObject\",\"inLanguage\":\"es\",\"@id\":\"https:\\\/\\\/nataliaferre.com\\\/es\\\/#\\\/schema\\\/logo\\\/image\\\/\",\"url\":\"https:\\\/\\\/nataliaferre.com\\\/wp-content\\\/uploads\\\/natalia-ferre-la-artista-04-b.jpg\",\"contentUrl\":\"https:\\\/\\\/nataliaferre.com\\\/wp-content\\\/uploads\\\/natalia-ferre-la-artista-04-b.jpg\",\"width\":1300,\"height\":730,\"caption\":\"Nat\u00e0lia Ferr\u00e9\"},\"image\":{\"@id\":\"https:\\\/\\\/nataliaferre.com\\\/es\\\/#\\\/schema\\\/logo\\\/image\\\/\"}}]}<\/script>\n<!-- \/ Yoast SEO plugin. -->","yoast_head_json":{"title":"Aviso legal - Nat\u00e0lia Ferr\u00e9 - Escultora, Ceramista, Pintora y Galerista","description":"En cumplimiento del art\u00edculo 10 de la Ley 34\/2002, de 11 de julio, de Servicios de la Sociedad de la Informaci\u00f3n y Comercio Electr\u00f3nico, la Titular expone","robots":{"index":"noindex","follow":"follow"},"og_locale":"es_ES","og_type":"article","og_title":"Aviso legal - Nat\u00e0lia Ferr\u00e9 - Escultora, Ceramista, Pintora y Galerista","og_description":"En cumplimiento del art\u00edculo 10 de la Ley 34\/2002, de 11 de julio, de Servicios de la Sociedad de la Informaci\u00f3n y Comercio Electr\u00f3nico, la Titular expone","og_url":"https:\/\/nataliaferre.com\/es\/aviso-legal\/","og_site_name":"Nat\u00e0lia Ferr\u00e9","article_modified_time":"2021-12-20T04:09:02+00:00","twitter_card":"summary_large_image","twitter_misc":{"Tiempo de lectura":"7 minutos"},"schema":{"@context":"https:\/\/schema.org","@graph":[{"@type":"WebPage","@id":"https:\/\/nataliaferre.com\/es\/aviso-legal\/","url":"https:\/\/nataliaferre.com\/es\/aviso-legal\/","name":"Aviso legal - Nat\u00e0lia Ferr\u00e9 - Escultora, Ceramista, Pintora y Galerista","isPartOf":{"@id":"https:\/\/nataliaferre.com\/es\/#website"},"datePublished":"2021-10-16T07:31:49+00:00","dateModified":"2021-12-20T04:09:02+00:00","description":"En cumplimiento del art\u00edculo 10 de la Ley 34\/2002, de 11 de julio, de Servicios de la Sociedad de la Informaci\u00f3n y Comercio Electr\u00f3nico, la Titular expone","breadcrumb":{"@id":"https:\/\/nataliaferre.com\/es\/aviso-legal\/#breadcrumb"},"inLanguage":"es","potentialAction":[{"@type":"ReadAction","target":["https:\/\/nataliaferre.com\/es\/aviso-legal\/"]}]},{"@type":"BreadcrumbList","@id":"https:\/\/nataliaferre.com\/es\/aviso-legal\/#breadcrumb","itemListElement":[{"@type":"ListItem","position":1,"name":"Portada","item":"https:\/\/nataliaferre.com\/es\/"},{"@type":"ListItem","position":2,"name":"Aviso legal"}]},{"@type":"WebSite","@id":"https:\/\/nataliaferre.com\/es\/#website","url":"https:\/\/nataliaferre.com\/es\/","name":"Nat\u00e0lia Ferr\u00e9","description":"Escultora, Ceramista, Pintora y Galerista","publisher":{"@id":"https:\/\/nataliaferre.com\/es\/#organization"},"potentialAction":[{"@type":"SearchAction","target":{"@type":"EntryPoint","urlTemplate":"https:\/\/nataliaferre.com\/es\/?s={search_term_string}"},"query-input":{"@type":"PropertyValueSpecification","valueRequired":true,"valueName":"search_term_string"}}],"inLanguage":"es"},{"@type":"Organization","@id":"https:\/\/nataliaferre.com\/es\/#organization","name":"Nat\u00e0lia Ferr\u00e9","url":"https:\/\/nataliaferre.com\/es\/","logo":{"@type":"ImageObject","inLanguage":"es","@id":"https:\/\/nataliaferre.com\/es\/#\/schema\/logo\/image\/","url":"https:\/\/nataliaferre.com\/wp-content\/uploads\/natalia-ferre-la-artista-04-b.jpg","contentUrl":"https:\/\/nataliaferre.com\/wp-content\/uploads\/natalia-ferre-la-artista-04-b.jpg","width":1300,"height":730,"caption":"Nat\u00e0lia Ferr\u00e9"},"image":{"@id":"https:\/\/nataliaferre.com\/es\/#\/schema\/logo\/image\/"}}]}},"_links":{"self":[{"href":"https:\/\/nataliaferre.com\/es\/wp-json\/wp\/v2\/pages\/8963","targetHints":{"allow":["GET"]}}],"collection":[{"href":"https:\/\/nataliaferre.com\/es\/wp-json\/wp\/v2\/pages"}],"about":[{"href":"https:\/\/nataliaferre.com\/es\/wp-json\/wp\/v2\/types\/page"}],"author":[{"embeddable":true,"href":"https:\/\/nataliaferre.com\/es\/wp-json\/wp\/v2\/users\/999"}],"replies":[{"embeddable":true,"href":"https:\/\/nataliaferre.com\/es\/wp-json\/wp\/v2\/comments?post=8963"}],"version-history":[{"count":0,"href":"https:\/\/nataliaferre.com\/es\/wp-json\/wp\/v2\/pages\/8963\/revisions"}],"wp:attachment":[{"href":"https:\/\/nataliaferre.com\/es\/wp-json\/wp\/v2\/media?parent=8963"}],"curies":[{"name":"wp","href":"https:\/\/api.w.org\/{rel}","templated":true}]}}