{"id":9000,"date":"2021-10-16T11:01:56","date_gmt":"2021-10-16T09:01:56","guid":{"rendered":"https:\/\/nataliaferre.com\/?page_id=9000"},"modified":"2021-12-20T05:09:14","modified_gmt":"2021-12-20T04:09:14","slug":"cookies","status":"publish","type":"page","link":"https:\/\/nataliaferre.com\/es\/cookies\/","title":{"rendered":"Cookies"},"content":{"rendered":"\t\t<div data-elementor-type=\"wp-page\" data-elementor-id=\"9000\" class=\"elementor elementor-9000\" data-elementor-post-type=\"page\">\n\t\t\t\t\t\t<section class=\"elementor-section elementor-top-section elementor-element elementor-element-9e24188 elementor-section-full_width elementor-section-height-default elementor-section-height-default qodef-elementor-content-no\" data-id=\"9e24188\" data-element_type=\"section\" data-e-type=\"section\">\n\t\t\t\t\t\t<div class=\"elementor-container elementor-column-gap-default\">\n\t\t\t\t\t<div class=\"elementor-column elementor-col-100 elementor-top-column elementor-element elementor-element-a853fea\" data-id=\"a853fea\" data-element_type=\"column\" data-e-type=\"column\">\n\t\t\t<div class=\"elementor-widget-wrap elementor-element-populated\">\n\t\t\t\t\t\t<div class=\"elementor-element elementor-element-a11b0b2 elementor-widget elementor-widget-text-editor\" data-id=\"a11b0b2\" data-element_type=\"widget\" data-e-type=\"widget\" data-widget_type=\"text-editor.default\">\n\t\t\t\t<div class=\"elementor-widget-container\">\n\t\t\t\t\t\t\t\t\t<div class=\"legal-content\">\n\nEn cumplimiento con el art\u00edculo 22 de la Ley 34\/2002, de 11 de julio, de servicios de la sociedad de la informaci\u00f3n y de comercio electr\u00f3nico (LSSI), en relaci\u00f3n con el Reglamento (UE) 2016\/679 del Parlamento Europeo y del Consejo, de 27 de abril de 2016, General de Protecci\u00f3n de Datos (RGPD) y la Ley Org\u00e1nica 3\/2018, de 5 de diciembre, de Protecci\u00f3n de Datos y garant\u00eda de los derechos digitales (LOPDGDD), Nat\u00e0lia Ferr\u00e9 Mateu, la Titular pone a disposici\u00f3n de los usuarios la Pol\u00edtica de recogida y tratamiento de Cookies del sitio web <a href=\"https:\/\/nataliaferre.com\/es\/\">nataliaferre.com<\/a>.\n<h2>Qu\u00e9 son las Cookies<\/h2>\nUna Cookie es un fichero que se descarga en su ordenador al entrar a determinadas p\u00e1ginas web. Las Cookies permiten a una p\u00e1gina web, entre otras cosas, almacenar y recuperar informaci\u00f3n sobre sus h\u00e1bitos de navegaci\u00f3n y dependiendo de la informaci\u00f3n que contengan y de la forma en que utilice su equipo pueden utilizarse para identificarle.\n<h2>Cookies utilizadas en el sitio web<\/h2>\nA continuaci\u00f3n se clasifican las Cookies utilizadas por el sitio web <a href=\"https:\/\/nataliaferre.com\/es\/\">nataliaferre.com<\/a>:\n<h3>Seg\u00fan la entidad que las gestiona<\/h3>\n<ul>\n \t<li>Cookies propias: Son aquellas enviadas y gestionadas directamente por la Titular.<\/li>\n \t<li>Cookies de terceros: Son aquellas que se env\u00edan al Usuario desde un dominio ajeno al Titular.<\/li>\n<\/ul>\n<h3>Seg\u00fan su finalidad<\/h3>\n<ul>\n \t<li>Cookies t\u00e9cnicas: Son aquellas que permiten a los usuarios registrados navegar a trav\u00e9s del sitio web, del \u00e1rea restringida y a utilizar sus diferentes funciones, como por ejemplo, el sistema de comentarios o el buscador o llevar a cabo el proceso de compra de un Producto o Servicio.<\/li>\n \t<li>Cookies de personalizaci\u00f3n: Son aquellas que permiten a los usuarios acceder al Servicio con algunas caracter\u00edsticas de car\u00e1cter general predefinidas en funci\u00f3n de una serie de criterios establecidos por el Usuario como, por ejemplo, el idioma o el tipo de navegador a trav\u00e9s del cual se conecta a este sitio web.<\/li>\n \t<li>Cookies de an\u00e1lisis o medici\u00f3n: Son aquellas que, bien tratadas por el sitio web o por terceros, permiten cuantificar el n\u00famero de usuarios y as\u00ed realizar la medici\u00f3n y an\u00e1lisis estad\u00edstico de la utilizaci\u00f3n que hacen los usuarios del sitio web. Para ello se analiza la navegaci\u00f3n que realizas en este sitio web con el fin de mejorarlo.<\/li>\n \t<li>Cookies sociales: Son establecidas por las plataformas de redes sociales para permitir a los usuarios compartir contenido con sus amigos y redes.<\/li>\n<\/ul>\n<h3>Seg\u00fan su duraci\u00f3n<\/h3>\n<ul>\n \t<li>Cookies de sesi\u00f3n: Son aquellas dise\u00f1adas para recabar y almacenar datos mientras el Usuario accede al sitio web.<\/li>\n \t<li>Cookies persistentes: Son aquellas en las que los datos siguen almacenados en el terminal del Usuario y pueden ser accedidos y tratados durante un per\u00edodo definido por el responsable de la cookie.<\/li>\n<\/ul>\n<h2>Listado de Cookies utilizadas<\/h2>\nEste sitio web puede instalar las siguientes Cookies:\n<h3>Cookies t\u00e9cnicas<\/h3>\n<ul>\n \t<li>wp-settings-{user_id}: Cookie t\u00e9cnica que se usa para mantener la configuraci\u00f3n del Usuario en el escritorio de WordPress (\/wp-admin). Es persistente y tiene una duraci\u00f3n de 1 a\u00f1o.<\/li>\n \t<li>hasConsent: Cookie t\u00e9cnica que almacena el consentimiento del Usuario. Es persistente y tiene una duraci\u00f3n de 1 a\u00f1o.<\/li>\n<\/ul>\n<h3>Cookies de an\u00e1lisis o medici\u00f3n<\/h3>\n<ul>\n \t<li>_ga: Cookie Anal\u00edtica que habilita la funci\u00f3n de control de visitas \u00fanicas. Es persistente y tiene una duraci\u00f3n de 2 a\u00f1os.<\/li>\n \t<li>_gat: Cookie Anal\u00edtica para limitar el n\u00famero de solicitudes. Su \u00e1mbito es la sesi\u00f3n y tiene una duraci\u00f3n de 1 minuto.<\/li>\n \t<li>_gid: Cookie Anal\u00edtica para distinguir usuarios. Su \u00e1mbito es la sesi\u00f3n y tiene una duraci\u00f3n de 24 horas.<\/li>\n<\/ul>\nInformaci\u00f3n adicional: Google Analytics puede instalar otras Cookies seg\u00fan el documento <a href=\"https:\/\/developers.google.com\/analytics\/devguides\/collection\/analyticsjs\/cookie-usage\">Uso de las Cookies de Google Analytics en sitios web<\/a>.\n<h3>Cookies sociales<\/h3>\n<ul>\n \t<li>El sitio web incluye otras funcionalidades proporcionadas por servicios de terceros y redes sociales para mejorar la experiencia de los visitantes. Puede compartir el contenido en sus redes sociales como Instagram o Facebook con los botones incluidos a tal efecto o con las herramientas para compartir propias de las redes sociales. Como resultado, estos servicios pueden instalar Cookies y utilizarlas para rastrear su actividad online. La Titular no tiene control directo sobre la informaci\u00f3n recopilada por estas Cookies.<\/li>\n<\/ul>\n<h2>Eliminaci\u00f3n de Cookies<\/h2>\nPuede aceptar, bloquear o eliminar las Cookies instaladas en su equipo mediante la configuraci\u00f3n de las opciones del navegador, pero tenga en cuenta que parte del sitio no funcionar\u00e1 correctamente o que algunas de sus funcionalidades no estar\u00e1n disponibles o tendr\u00e1n errores.\n\nEn los siguientes enlaces encontrar\u00e1 instrucciones para habilitar o deshabilitar las Cookies en los navegadores m\u00e1s comunes.\n<ul>\n \t<li><a href=\"https:\/\/support.google.com\/chrome\/answer\/95647?hl=es\" target=\"_blank\" rel=\"noopener noreferrer nofollow\">Google Chrome<\/a><\/li>\n \t<li><a href=\"http:\/\/support.mozilla.org\/es\/kb\/habilitar-y-deshabilitar-cookies-que-los-sitios-we\" target=\"_blank\" rel=\"nofollow noopener\">Firefox<\/a><\/li>\n \t<li><a href=\"https:\/\/support.microsoft.com\/es-es\/help\/4468242\/microsoft-edge-browsing-data-and-privacy\" target=\"_blank\" rel=\"noopener noreferrer nofollow\">Microsoft Edge<\/a><\/li>\n \t<li><a href=\"http:\/\/support.apple.com\/kb\/HT1677?viewlocale=es_ES\" target=\"_blank\" rel=\"nofollow noopener\">Safari<\/a><\/li>\n<\/ul>\n<h2>Tratamiento de datos personales<\/h2>\nLa Titular es el Responsable del tratamiento de los datos personales del usuario. Puede consultar toda la informaci\u00f3n relativa al tratamiento de datos personales que recoge la Titular en la p\u00e1gina de la <a href=\"https:\/\/nataliaferre.com\/es\/privacidad\/\">Pol\u00edtica de privacidad<\/a>.\n<h2>Contacto<\/h2>\nEn caso de que tenga cualquier duda acerca de esta Pol\u00edtica de Cookies o quiera realizar cualquier comentario sobre este sitio web, puede enviar un mensaje a la direcci\u00f3n de correo electr\u00f3nico: <a href=\"mailto:galeria@nataliaferre.com\">galeria@nataliaferre.com<\/a>.\n\n<\/div>\t\t\t\t\t\t\t\t<\/div>\n\t\t\t\t<\/div>\n\t\t\t\t\t<\/div>\n\t\t<\/div>\n\t\t\t\t\t<\/div>\n\t\t<\/section>\n\t\t\t\t<section class=\"elementor-section elementor-top-section elementor-element elementor-element-0acfd5b elementor-section-full_width elementor-reverse-tablet elementor-reverse-mobile elementor-section-height-default elementor-section-height-default qodef-elementor-content-no\" data-id=\"0acfd5b\" data-element_type=\"section\" data-e-type=\"section\">\n\t\t\t\t\t\t<div class=\"elementor-container elementor-column-gap-default\">\n\t\t\t\t\t<div class=\"elementor-column elementor-col-50 elementor-top-column elementor-element elementor-element-72c13ed\" data-id=\"72c13ed\" data-element_type=\"column\" data-e-type=\"column\" data-settings=\"{&quot;background_background&quot;:&quot;classic&quot;}\">\n\t\t\t<div class=\"elementor-widget-wrap elementor-element-populated\">\n\t\t\t\t\t\t<div class=\"elementor-element elementor-element-84558df elementor-widget elementor-widget-wp-widget-media_image\" data-id=\"84558df\" data-element_type=\"widget\" data-e-type=\"widget\" data-widget_type=\"wp-widget-media_image.default\">\n\t\t\t\t<div class=\"elementor-widget-container\">\n\t\t\t\t\t<img fetchpriority=\"high\" decoding=\"async\" width=\"835\" height=\"470\" src=\"https:\/\/nataliaferre.com\/wp-content\/uploads\/galeria-natalia-ferre-esculturas-bronce.jpg\" class=\"image wp-image-10969  attachment-full size-full\" alt=\"\" style=\"max-width: 100%; height: auto;\" srcset=\"https:\/\/nataliaferre.com\/wp-content\/uploads\/galeria-natalia-ferre-esculturas-bronce.jpg 835w, https:\/\/nataliaferre.com\/wp-content\/uploads\/galeria-natalia-ferre-esculturas-bronce-640x360.jpg 640w, https:\/\/nataliaferre.com\/wp-content\/uploads\/galeria-natalia-ferre-esculturas-bronce-320x180.jpg 320w, https:\/\/nataliaferre.com\/wp-content\/uploads\/galeria-natalia-ferre-esculturas-bronce-768x432.jpg 768w\" sizes=\"(max-width: 835px) 100vw, 835px\" \/>\t\t\t\t<\/div>\n\t\t\t\t<\/div>\n\t\t\t\t\t<\/div>\n\t\t<\/div>\n\t\t\t\t<div class=\"elementor-column elementor-col-50 elementor-top-column elementor-element elementor-element-9e8c28d mobile-center\" data-id=\"9e8c28d\" data-element_type=\"column\" data-e-type=\"column\" data-settings=\"{&quot;background_background&quot;:&quot;classic&quot;}\">\n\t\t\t<div class=\"elementor-widget-wrap elementor-element-populated\">\n\t\t\t\t\t\t<div class=\"elementor-element elementor-element-d0130f9 elementor-widget elementor-widget-elipsa_core_section_title\" data-id=\"d0130f9\" data-element_type=\"widget\" data-e-type=\"widget\" data-widget_type=\"elipsa_core_section_title.default\">\n\t\t\t\t<div class=\"elementor-widget-container\">\n\t\t\t\t\t<div class=\"qodef-shortcode qodef-m  qodef-section-title qodef-alignment--left qodef-title-break--disabled\">\n\t\t<h3 class=\"qodef-m-title\" >\n\t\t\t\t\tAdquiere obras de arte<br \/> de la Galer\u00eda Nat\u00e0lia Ferr\u00e9\t\t\t<\/h3>\n\t\t\t<p class=\"qodef-m-text\" >Escultura, cer\u00e1mica, bronce, resina, pintura, joya de autor... de Nat\u00e0lia Ferr\u00e9 y de artistas contempor\u00e1neos de reconocido prestigio.<\/p>\n<\/div>\t\t\t\t<\/div>\n\t\t\t\t<\/div>\n\t\t\t\t<div class=\"elementor-element elementor-element-dc47e92 elementor-widget elementor-widget-elipsa_core_button\" data-id=\"dc47e92\" data-element_type=\"widget\" data-e-type=\"widget\" data-widget_type=\"elipsa_core_button.default\">\n\t\t\t\t<div class=\"elementor-widget-container\">\n\t\t\t\t\t<a class=\"qodef-shortcode qodef-m  qodef-button qodef-layout--textual qodef-html--link\" href=\"https:\/\/nataliaferre.com\/es\/tienda-online-de-la-galeria-natalia-ferre\/\" target=\"_self\"  >\n\tTienda online\t<svg class=\"qodef-svg--arrow-button\"\n\t xmlns=\"http:\/\/www.w3.org\/2000\/svg\"\n\t xmlns:xlink=\"http:\/\/www.w3.org\/1999\/xlink\"\n\t x=\"0px\"\n\t y=\"0px\"\n\t viewBox=\"0 0 31.5 30.5\"\n\t style=\"enable-background:new 0 0 31.5 30.5;\"\n\t xml:space=\"preserve\">\n    <g>\n\t\t<line x1=\"0.6\" y1=\"15.2\" x2=\"30.8\" y2=\"15.2\" \/>\n\t\t<path d=\"M30.9,15.2c-1.9-0.9-5.1-2.8-7.9-6.3c-2.6-3.2-3.9-6.3-4.5-8.3\" \/>\n\t\t<path d=\"M30.9,15.2c-1.9,0.9-5.1,2.8-7.9,6.3c-2.6,3.2-3.9,6.3-4.5,8.3\" \/>\n\t<\/g>\n<\/svg>\n<\/a>\n\t\t\t\t<\/div>\n\t\t\t\t<\/div>\n\t\t\t\t\t<\/div>\n\t\t<\/div>\n\t\t\t\t\t<\/div>\n\t\t<\/section>\n\t\t\t\t<\/div>\n\t\t","protected":false},"excerpt":{"rendered":"<p>En cumplimiento con el art\u00edculo 22 de la Ley 34\/2002, de 11 de julio, de servicios de la sociedad de la informaci\u00f3n y de comercio electr\u00f3nico (LSSI), en relaci\u00f3n con el Reglamento (UE) 2016\/679 del Parlamento Europeo y del Consejo, de 27 de abril de 2016, General de Protecci\u00f3n de Datos (RGPD) y la Ley [&hellip;]<\/p>\n","protected":false},"author":999,"featured_media":0,"parent":0,"menu_order":2020,"comment_status":"closed","ping_status":"closed","template":"","meta":{"inline_featured_image":false,"footnotes":""},"class_list":["post-9000","page","type-page","status-publish","hentry"],"yoast_head":"<!-- This site is optimized with the Yoast SEO plugin v27.3 - https:\/\/yoast.com\/product\/yoast-seo-wordpress\/ -->\n<title>Cookies - Nat\u00e0lia Ferr\u00e9 - Escultora, Ceramista, Pintora y Galerista<\/title>\n<meta name=\"description\" content=\"En cumplimiento con el art\u00edculo 22 de la Ley 34\/2002, de 11 de julio, de servicios de la sociedad de la informaci\u00f3n y de comercio electr\u00f3nico (LSSI), en\" \/>\n<meta name=\"robots\" content=\"noindex, follow\" \/>\n<meta property=\"og:locale\" content=\"es_ES\" \/>\n<meta property=\"og:type\" content=\"article\" \/>\n<meta property=\"og:title\" content=\"Cookies - Nat\u00e0lia Ferr\u00e9 - Escultora, Ceramista, Pintora y Galerista\" \/>\n<meta property=\"og:description\" content=\"En cumplimiento con el art\u00edculo 22 de la Ley 34\/2002, de 11 de julio, de servicios de la sociedad de la informaci\u00f3n y de comercio electr\u00f3nico (LSSI), en\" \/>\n<meta property=\"og:url\" content=\"https:\/\/nataliaferre.com\/es\/cookies\/\" \/>\n<meta property=\"og:site_name\" content=\"Nat\u00e0lia Ferr\u00e9\" \/>\n<meta property=\"article:modified_time\" content=\"2021-12-20T04:09:14+00:00\" \/>\n<meta name=\"twitter:card\" content=\"summary_large_image\" \/>\n<meta name=\"twitter:label1\" content=\"Tiempo de lectura\" \/>\n\t<meta name=\"twitter:data1\" content=\"5 minutos\" \/>\n<script type=\"application\/ld+json\" class=\"yoast-schema-graph\">{\"@context\":\"https:\\\/\\\/schema.org\",\"@graph\":[{\"@type\":\"WebPage\",\"@id\":\"https:\\\/\\\/nataliaferre.com\\\/es\\\/cookies\\\/\",\"url\":\"https:\\\/\\\/nataliaferre.com\\\/es\\\/cookies\\\/\",\"name\":\"Cookies - Nat\u00e0lia Ferr\u00e9 - Escultora, Ceramista, Pintora y Galerista\",\"isPartOf\":{\"@id\":\"https:\\\/\\\/nataliaferre.com\\\/es\\\/#website\"},\"datePublished\":\"2021-10-16T09:01:56+00:00\",\"dateModified\":\"2021-12-20T04:09:14+00:00\",\"description\":\"En cumplimiento con el art\u00edculo 22 de la Ley 34\\\/2002, de 11 de julio, de servicios de la sociedad de la informaci\u00f3n y de comercio electr\u00f3nico (LSSI), en\",\"breadcrumb\":{\"@id\":\"https:\\\/\\\/nataliaferre.com\\\/es\\\/cookies\\\/#breadcrumb\"},\"inLanguage\":\"es\",\"potentialAction\":[{\"@type\":\"ReadAction\",\"target\":[\"https:\\\/\\\/nataliaferre.com\\\/es\\\/cookies\\\/\"]}]},{\"@type\":\"BreadcrumbList\",\"@id\":\"https:\\\/\\\/nataliaferre.com\\\/es\\\/cookies\\\/#breadcrumb\",\"itemListElement\":[{\"@type\":\"ListItem\",\"position\":1,\"name\":\"Portada\",\"item\":\"https:\\\/\\\/nataliaferre.com\\\/es\\\/\"},{\"@type\":\"ListItem\",\"position\":2,\"name\":\"Cookies\"}]},{\"@type\":\"WebSite\",\"@id\":\"https:\\\/\\\/nataliaferre.com\\\/es\\\/#website\",\"url\":\"https:\\\/\\\/nataliaferre.com\\\/es\\\/\",\"name\":\"Nat\u00e0lia Ferr\u00e9\",\"description\":\"Escultora, Ceramista, Pintora y Galerista\",\"publisher\":{\"@id\":\"https:\\\/\\\/nataliaferre.com\\\/es\\\/#organization\"},\"potentialAction\":[{\"@type\":\"SearchAction\",\"target\":{\"@type\":\"EntryPoint\",\"urlTemplate\":\"https:\\\/\\\/nataliaferre.com\\\/es\\\/?s={search_term_string}\"},\"query-input\":{\"@type\":\"PropertyValueSpecification\",\"valueRequired\":true,\"valueName\":\"search_term_string\"}}],\"inLanguage\":\"es\"},{\"@type\":\"Organization\",\"@id\":\"https:\\\/\\\/nataliaferre.com\\\/es\\\/#organization\",\"name\":\"Nat\u00e0lia Ferr\u00e9\",\"url\":\"https:\\\/\\\/nataliaferre.com\\\/es\\\/\",\"logo\":{\"@type\":\"ImageObject\",\"inLanguage\":\"es\",\"@id\":\"https:\\\/\\\/nataliaferre.com\\\/es\\\/#\\\/schema\\\/logo\\\/image\\\/\",\"url\":\"https:\\\/\\\/nataliaferre.com\\\/wp-content\\\/uploads\\\/natalia-ferre-la-artista-04-b.jpg\",\"contentUrl\":\"https:\\\/\\\/nataliaferre.com\\\/wp-content\\\/uploads\\\/natalia-ferre-la-artista-04-b.jpg\",\"width\":1300,\"height\":730,\"caption\":\"Nat\u00e0lia Ferr\u00e9\"},\"image\":{\"@id\":\"https:\\\/\\\/nataliaferre.com\\\/es\\\/#\\\/schema\\\/logo\\\/image\\\/\"}}]}<\/script>\n<!-- \/ Yoast SEO plugin. -->","yoast_head_json":{"title":"Cookies - Nat\u00e0lia Ferr\u00e9 - Escultora, Ceramista, Pintora y Galerista","description":"En cumplimiento con el art\u00edculo 22 de la Ley 34\/2002, de 11 de julio, de servicios de la sociedad de la informaci\u00f3n y de comercio electr\u00f3nico (LSSI), en","robots":{"index":"noindex","follow":"follow"},"og_locale":"es_ES","og_type":"article","og_title":"Cookies - Nat\u00e0lia Ferr\u00e9 - Escultora, Ceramista, Pintora y Galerista","og_description":"En cumplimiento con el art\u00edculo 22 de la Ley 34\/2002, de 11 de julio, de servicios de la sociedad de la informaci\u00f3n y de comercio electr\u00f3nico (LSSI), en","og_url":"https:\/\/nataliaferre.com\/es\/cookies\/","og_site_name":"Nat\u00e0lia Ferr\u00e9","article_modified_time":"2021-12-20T04:09:14+00:00","twitter_card":"summary_large_image","twitter_misc":{"Tiempo de lectura":"5 minutos"},"schema":{"@context":"https:\/\/schema.org","@graph":[{"@type":"WebPage","@id":"https:\/\/nataliaferre.com\/es\/cookies\/","url":"https:\/\/nataliaferre.com\/es\/cookies\/","name":"Cookies - Nat\u00e0lia Ferr\u00e9 - Escultora, Ceramista, Pintora y Galerista","isPartOf":{"@id":"https:\/\/nataliaferre.com\/es\/#website"},"datePublished":"2021-10-16T09:01:56+00:00","dateModified":"2021-12-20T04:09:14+00:00","description":"En cumplimiento con el art\u00edculo 22 de la Ley 34\/2002, de 11 de julio, de servicios de la sociedad de la informaci\u00f3n y de comercio electr\u00f3nico (LSSI), en","breadcrumb":{"@id":"https:\/\/nataliaferre.com\/es\/cookies\/#breadcrumb"},"inLanguage":"es","potentialAction":[{"@type":"ReadAction","target":["https:\/\/nataliaferre.com\/es\/cookies\/"]}]},{"@type":"BreadcrumbList","@id":"https:\/\/nataliaferre.com\/es\/cookies\/#breadcrumb","itemListElement":[{"@type":"ListItem","position":1,"name":"Portada","item":"https:\/\/nataliaferre.com\/es\/"},{"@type":"ListItem","position":2,"name":"Cookies"}]},{"@type":"WebSite","@id":"https:\/\/nataliaferre.com\/es\/#website","url":"https:\/\/nataliaferre.com\/es\/","name":"Nat\u00e0lia Ferr\u00e9","description":"Escultora, Ceramista, Pintora y Galerista","publisher":{"@id":"https:\/\/nataliaferre.com\/es\/#organization"},"potentialAction":[{"@type":"SearchAction","target":{"@type":"EntryPoint","urlTemplate":"https:\/\/nataliaferre.com\/es\/?s={search_term_string}"},"query-input":{"@type":"PropertyValueSpecification","valueRequired":true,"valueName":"search_term_string"}}],"inLanguage":"es"},{"@type":"Organization","@id":"https:\/\/nataliaferre.com\/es\/#organization","name":"Nat\u00e0lia Ferr\u00e9","url":"https:\/\/nataliaferre.com\/es\/","logo":{"@type":"ImageObject","inLanguage":"es","@id":"https:\/\/nataliaferre.com\/es\/#\/schema\/logo\/image\/","url":"https:\/\/nataliaferre.com\/wp-content\/uploads\/natalia-ferre-la-artista-04-b.jpg","contentUrl":"https:\/\/nataliaferre.com\/wp-content\/uploads\/natalia-ferre-la-artista-04-b.jpg","width":1300,"height":730,"caption":"Nat\u00e0lia Ferr\u00e9"},"image":{"@id":"https:\/\/nataliaferre.com\/es\/#\/schema\/logo\/image\/"}}]}},"_links":{"self":[{"href":"https:\/\/nataliaferre.com\/es\/wp-json\/wp\/v2\/pages\/9000","targetHints":{"allow":["GET"]}}],"collection":[{"href":"https:\/\/nataliaferre.com\/es\/wp-json\/wp\/v2\/pages"}],"about":[{"href":"https:\/\/nataliaferre.com\/es\/wp-json\/wp\/v2\/types\/page"}],"author":[{"embeddable":true,"href":"https:\/\/nataliaferre.com\/es\/wp-json\/wp\/v2\/users\/999"}],"replies":[{"embeddable":true,"href":"https:\/\/nataliaferre.com\/es\/wp-json\/wp\/v2\/comments?post=9000"}],"version-history":[{"count":0,"href":"https:\/\/nataliaferre.com\/es\/wp-json\/wp\/v2\/pages\/9000\/revisions"}],"wp:attachment":[{"href":"https:\/\/nataliaferre.com\/es\/wp-json\/wp\/v2\/media?parent=9000"}],"curies":[{"name":"wp","href":"https:\/\/api.w.org\/{rel}","templated":true}]}}