{"id":9588,"date":"2021-11-15T09:15:35","date_gmt":"2021-11-15T08:15:35","guid":{"rendered":"https:\/\/nataliaferre.com\/?page_id=9588"},"modified":"2021-12-20T05:09:20","modified_gmt":"2021-12-20T04:09:20","slug":"condiciones-de-venta","status":"publish","type":"page","link":"https:\/\/nataliaferre.com\/es\/condiciones-de-venta\/","title":{"rendered":"Condiciones de venta"},"content":{"rendered":"\t\t<div data-elementor-type=\"wp-page\" data-elementor-id=\"9588\" class=\"elementor elementor-9588\" data-elementor-post-type=\"page\">\n\t\t\t\t\t\t<section class=\"elementor-section elementor-top-section elementor-element elementor-element-9e24188 elementor-section-full_width elementor-section-height-default elementor-section-height-default qodef-elementor-content-no\" data-id=\"9e24188\" data-element_type=\"section\" data-e-type=\"section\">\n\t\t\t\t\t\t<div class=\"elementor-container elementor-column-gap-default\">\n\t\t\t\t\t<div class=\"elementor-column elementor-col-100 elementor-top-column elementor-element elementor-element-a853fea\" data-id=\"a853fea\" data-element_type=\"column\" data-e-type=\"column\">\n\t\t\t<div class=\"elementor-widget-wrap elementor-element-populated\">\n\t\t\t\t\t\t<div class=\"elementor-element elementor-element-a11b0b2 elementor-widget elementor-widget-text-editor\" data-id=\"a11b0b2\" data-element_type=\"widget\" data-e-type=\"widget\" data-widget_type=\"text-editor.default\">\n\t\t\t\t<div class=\"elementor-widget-container\">\n\t\t\t\t\t\t\t\t\t<div class=\"legal-content\">\n\nNat\u00e0lia Ferr\u00e9 Mateu, la Titular, le informa sobre sus condiciones de venta, formas de pago, env\u00edos, devoluciones y otros detalles relacionados con la Tienda Online del sitio web <a href=\"https:\/\/nataliaferre.com\/es\/tienda-online-de-la-galeria-natalia-ferre\/\">nataliaferre.com<\/a>.\n<h2>Pol\u00edtica de env\u00edos<\/h2>\nLos env\u00edos a Pen\u00ednsula se realizar\u00e1n a trav\u00e9s de empresas de mensajer\u00eda privada, siendo el plazo de entrega de 24 a 48 horas, siempre que no se produzca ninguna incidencia.\n\nEl precio de los gastos de env\u00edo a Pen\u00ednsula es de 12\u20ac, siendo gratis si el pedido supera los 200\u20ac.\n\nLos env\u00edos a Baleares, Canarias, Ceuta y Melilla se realizar\u00e1n a trav\u00e9s de empresas de mensajer\u00eda privada, siendo el plazo de entrega de 1 semana, siempre que no se produzca ninguna incidencia.\n\nEl precio de los gastos de env\u00edo a Baleares, Canarias, Ceuta y Melilla es de 36\u20ac, siendo gratis si el pedido supera los 300\u20ac.\n\nTambi\u00e9n realizamos env\u00edos a Europa y Reino Unido, a trav\u00e9s de empresas de mensajer\u00eda privada, siendo el plazo de entrega de 10 a 20 d\u00edas, siempre que no se produzca ninguna incidencia.\n\nEl precio de los gastos de env\u00edo a Europa y Reino Unido es de 36\u20ac, siendo gratis si el pedido supera los 300\u20ac.\n\nSi por cualquier incidencia o causa ajena a la Galer\u00eda Nat\u00e0lia Ferr\u00e9 el plazo de entrega sufriese alguna demora, se notificar\u00eda v\u00eda email a la persona que realiz\u00f3 el pedido.\n\nSi quieres hacer un regalo, pero crees que no lo recibir\u00edas a tiempo, por favor escr\u00edbenos un email a <a href=\"mailto:galeria@nataliaferre.com\">galeria@nataliaferre.com<\/a>. Haremos todo lo posible para que recibas el pedido a tiempo.\n<h2>Formas de pago<\/h2>\nEn la Galer\u00eda Nat\u00e0lia Ferr\u00e9 aceptamos las siguientes formas de pago:\n<h3 style=\"margin-top: 1em;\">Tarjeta<\/h3>\nDespu\u00e9s de confirmar el pedido acceder\u00e1s a nuestro TPV virtual de Redsys, donde podr\u00e1s pagar con total seguridad usando las principales tarjetas de cr\u00e9dito y d\u00e9bito.\n<h3 style=\"margin-top: 1em;\">Bizum<\/h3>\nDespu\u00e9s de confirmar el pedido acceder\u00e1s a nuestro TPV virtual de Redsys.\n<h3 style=\"margin-top: 1em;\">PayPal<\/h3>\nDespu\u00e9s de confirmar el pedido acceder\u00e1s al sitio web de PayPal, donde podr\u00e1s pagar con total seguridad usando el saldo de tu cuenta PayPal o la forma de pago que tengas asociada a la misma.\n<h3 style=\"margin-top: 1em;\">Transferencia bancaria<\/h3>\nDespu\u00e9s de confirmar el pedido deber\u00e1s realizar una transferencia bancaria al n\u00famero IBAN que te facilitaremos, indicando como concepto el n\u00famero de tu pedido. Prepararemos y enviaremos las piezas tan pronto la recibamos.\n<h2>Pol\u00edtica de devoluciones<\/h2>\nSi el pedido no te satisface puedes devolverlo en un plazo de 15 d\u00edas naturales, contando siempre desde el d\u00eda que recibiste los productos. Para ello s\u00f3lo te pedimos que nos lo notifiques, escribiendo un email a <a href=\"mailto:galeria@nataliaferre.com\">galeria@nataliaferre.com<\/a>, y env\u00edes el pedido a la siguiente direcci\u00f3n:\n<ul style=\"padding-top: 1em; padding-bottom: 1em; list-style: none; border-left: 1px solid #eeeeee; color: black;\">\n \t<li>Galer\u00eda Nat\u00e0lia Ferr\u00e9<\/li>\n \t<li>Carrer Major 77<\/li>\n \t<li>43400 Montblanc<\/li>\n \t<li>Tarragona<\/li>\n \t<li>Espa\u00f1a<\/li>\n<\/ul>\nPara cumplir con el plazo de devoluciones, la comunicaci\u00f3n relativa a la devoluci\u00f3n de la compra debe enviarse antes de que venzan los 15 d\u00edas naturales, siendo los gastos de env\u00edo responsabilidad de la persona que efect\u00faa la devoluci\u00f3n.\n\nTe pedimos tambi\u00e9n que prepares la devoluci\u00f3n de cualquier pedido usando el embalaje original y\/o las medidas de protecci\u00f3n que creas necesarias para que las piezas lleguen a la Galer\u00eda en perfecto estado.\n\nEn el caso de que la devoluci\u00f3n se produzca por causas imputables a la Galer\u00eda Nat\u00e0lia Ferr\u00e9, como el env\u00edo de piezas defectuosas, no correspondientes al pedido o deterioradas durante el transporte, ser\u00e1 la Galer\u00eda quien coordine la recogida del pedido, responsabiliz\u00e1ndose de los gastos de env\u00edo derivados del proceso completo de cambio o devoluci\u00f3n.\n\nLos rembolsos por devoluciones se efectuar\u00e1n tras recibir las piezas y comprobar que se encuentran en buen estado, utilizando la misma forma de pago que se us\u00f3 para confirmar el pedido.\n<h2>Impuestos<\/h2>\nTodos los precios de las piezas listadas en la tienda online incluyen el Impuesto sobre el Valor A\u00f1adido (IVA 21%) y no se les aplica ning\u00fan otro impuesto, tasa, arancel o recargo.\n<h2>Precios<\/h2>\nTodas las piezas se venden al precio que indicado en la Tienda Online en el momento de la confirmaci\u00f3n del pedido, teniendo en cuenta cualquier descuento en vigor y aplicable al pedido en dicho momento.\n<h2>Validez<\/h2>\nLa Galer\u00eda Nat\u00e0lia Ferr\u00e9 se reserva el derecho a modificar los precios de sus piezas y los descuentos que puedan aplicarse dichos precios, sin previo aviso.\n<h2>Copyright<\/h2>\nTodas las piezas a la venta en la Tienda Online de la Galer\u00eda Nat\u00e0lia Ferr\u00e9 est\u00e1n protegidas por la Ley de Propiedad Intelectual Espa\u00f1ola. Cualquier mal uso de las mismas ser\u00e1 perseguido legalmente.\n<h2>Seguridad<\/h2>\nTodas las transacciones efectuadas en la Tienda Online de la Galer\u00eda Nat\u00e0lia Ferr\u00e9 se realizan a trav\u00e9s de una conexi\u00f3n segura, utilizando el protocolo SSL.\n\n<\/div>\t\t\t\t\t\t\t\t<\/div>\n\t\t\t\t<\/div>\n\t\t\t\t\t<\/div>\n\t\t<\/div>\n\t\t\t\t\t<\/div>\n\t\t<\/section>\n\t\t\t\t<section class=\"elementor-section elementor-top-section elementor-element elementor-element-0acfd5b elementor-section-full_width elementor-reverse-tablet elementor-reverse-mobile elementor-section-height-default elementor-section-height-default qodef-elementor-content-no\" data-id=\"0acfd5b\" data-element_type=\"section\" data-e-type=\"section\">\n\t\t\t\t\t\t<div class=\"elementor-container elementor-column-gap-default\">\n\t\t\t\t\t<div class=\"elementor-column elementor-col-50 elementor-top-column elementor-element elementor-element-72c13ed\" data-id=\"72c13ed\" data-element_type=\"column\" data-e-type=\"column\" data-settings=\"{&quot;background_background&quot;:&quot;classic&quot;}\">\n\t\t\t<div class=\"elementor-widget-wrap elementor-element-populated\">\n\t\t\t\t\t\t<div class=\"elementor-element elementor-element-84558df elementor-widget elementor-widget-wp-widget-media_image\" data-id=\"84558df\" data-element_type=\"widget\" data-e-type=\"widget\" data-widget_type=\"wp-widget-media_image.default\">\n\t\t\t\t<div class=\"elementor-widget-container\">\n\t\t\t\t\t<img fetchpriority=\"high\" decoding=\"async\" width=\"835\" height=\"470\" src=\"https:\/\/nataliaferre.com\/wp-content\/uploads\/call-to-action-natalia-ferre-perla-lua-2.jpg\" class=\"image wp-image-8541  attachment-full size-full\" alt=\"\" style=\"max-width: 100%; height: auto;\" srcset=\"https:\/\/nataliaferre.com\/wp-content\/uploads\/call-to-action-natalia-ferre-perla-lua-2.jpg 835w, https:\/\/nataliaferre.com\/wp-content\/uploads\/call-to-action-natalia-ferre-perla-lua-2-320x180.jpg 320w, https:\/\/nataliaferre.com\/wp-content\/uploads\/call-to-action-natalia-ferre-perla-lua-2-640x360.jpg 640w, https:\/\/nataliaferre.com\/wp-content\/uploads\/call-to-action-natalia-ferre-perla-lua-2-768x432.jpg 768w\" sizes=\"(max-width: 835px) 100vw, 835px\" \/>\t\t\t\t<\/div>\n\t\t\t\t<\/div>\n\t\t\t\t\t<\/div>\n\t\t<\/div>\n\t\t\t\t<div class=\"elementor-column elementor-col-50 elementor-top-column elementor-element elementor-element-9e8c28d mobile-center\" data-id=\"9e8c28d\" data-element_type=\"column\" data-e-type=\"column\" data-settings=\"{&quot;background_background&quot;:&quot;classic&quot;}\">\n\t\t\t<div class=\"elementor-widget-wrap elementor-element-populated\">\n\t\t\t\t\t\t<div class=\"elementor-element elementor-element-d0130f9 elementor-widget elementor-widget-elipsa_core_section_title\" data-id=\"d0130f9\" data-element_type=\"widget\" data-e-type=\"widget\" data-widget_type=\"elipsa_core_section_title.default\">\n\t\t\t\t<div class=\"elementor-widget-container\">\n\t\t\t\t\t<div class=\"qodef-shortcode qodef-m  qodef-section-title qodef-alignment--left qodef-title-break--disabled\">\n\t\t<h3 class=\"qodef-m-title\" >\n\t\t\t\t\tAdquiere obras de arte<br \/> de la Galer\u00eda Nat\u00e0lia Ferr\u00e9\t\t\t<\/h3>\n\t\t\t<p class=\"qodef-m-text\" >Escultura, cer\u00e1mica, bronce, resina, pintura, joya de autor... de Nat\u00e0lia Ferr\u00e9 y de artistas contempor\u00e1neos de reconocido prestigio.<\/p>\n<\/div>\t\t\t\t<\/div>\n\t\t\t\t<\/div>\n\t\t\t\t<div class=\"elementor-element elementor-element-dc47e92 elementor-widget elementor-widget-elipsa_core_button\" data-id=\"dc47e92\" data-element_type=\"widget\" data-e-type=\"widget\" data-widget_type=\"elipsa_core_button.default\">\n\t\t\t\t<div class=\"elementor-widget-container\">\n\t\t\t\t\t<a class=\"qodef-shortcode qodef-m  qodef-button qodef-layout--textual qodef-html--link\" href=\"https:\/\/nataliaferre.com\/es\/tienda-online-de-la-galeria-natalia-ferre\/\" target=\"_self\"  >\n\tTienda online\t<svg class=\"qodef-svg--arrow-button\"\n\t xmlns=\"http:\/\/www.w3.org\/2000\/svg\"\n\t xmlns:xlink=\"http:\/\/www.w3.org\/1999\/xlink\"\n\t x=\"0px\"\n\t y=\"0px\"\n\t viewBox=\"0 0 31.5 30.5\"\n\t style=\"enable-background:new 0 0 31.5 30.5;\"\n\t xml:space=\"preserve\">\n    <g>\n\t\t<line x1=\"0.6\" y1=\"15.2\" x2=\"30.8\" y2=\"15.2\" \/>\n\t\t<path d=\"M30.9,15.2c-1.9-0.9-5.1-2.8-7.9-6.3c-2.6-3.2-3.9-6.3-4.5-8.3\" \/>\n\t\t<path d=\"M30.9,15.2c-1.9,0.9-5.1,2.8-7.9,6.3c-2.6,3.2-3.9,6.3-4.5,8.3\" \/>\n\t<\/g>\n<\/svg>\n<\/a>\n\t\t\t\t<\/div>\n\t\t\t\t<\/div>\n\t\t\t\t\t<\/div>\n\t\t<\/div>\n\t\t\t\t\t<\/div>\n\t\t<\/section>\n\t\t\t\t<\/div>\n\t\t","protected":false},"excerpt":{"rendered":"<p>Nat\u00e0lia Ferr\u00e9 Mateu, la Titular, le informa sobre sus condiciones de venta, formas de pago, env\u00edos, devoluciones y otros detalles relacionados con la Tienda Online del sitio web nataliaferre.com. Pol\u00edtica de env\u00edos Los env\u00edos a Pen\u00ednsula se realizar\u00e1n a trav\u00e9s de empresas de mensajer\u00eda privada, siendo el plazo de entrega de 24 a 48 horas, [&hellip;]<\/p>\n","protected":false},"author":999,"featured_media":0,"parent":0,"menu_order":2030,"comment_status":"closed","ping_status":"closed","template":"","meta":{"inline_featured_image":false,"footnotes":""},"class_list":["post-9588","page","type-page","status-publish","hentry"],"yoast_head":"<!-- This site is optimized with the Yoast SEO plugin v27.4 - https:\/\/yoast.com\/product\/yoast-seo-wordpress\/ -->\n<title>Condiciones de venta - Nat\u00e0lia Ferr\u00e9 - Escultora, Ceramista, Pintora y Galerista<\/title>\n<meta name=\"description\" content=\"Nat\u00e0lia Ferr\u00e9 Mateu, la Titular, le informa sobre sus condiciones de venta, formas de pago, env\u00edos, devoluciones y otros detalles relacionados con la\" \/>\n<meta name=\"robots\" content=\"noindex, follow\" \/>\n<meta property=\"og:locale\" content=\"es_ES\" \/>\n<meta property=\"og:type\" content=\"article\" \/>\n<meta property=\"og:title\" content=\"Condiciones de venta - Nat\u00e0lia Ferr\u00e9 - Escultora, Ceramista, Pintora y Galerista\" \/>\n<meta property=\"og:description\" content=\"Nat\u00e0lia Ferr\u00e9 Mateu, la Titular, le informa sobre sus condiciones de venta, formas de pago, env\u00edos, devoluciones y otros detalles relacionados con la\" \/>\n<meta property=\"og:url\" content=\"https:\/\/nataliaferre.com\/es\/condiciones-de-venta\/\" \/>\n<meta property=\"og:site_name\" content=\"Nat\u00e0lia Ferr\u00e9\" \/>\n<meta property=\"article:modified_time\" content=\"2021-12-20T04:09:20+00:00\" \/>\n<meta name=\"twitter:card\" content=\"summary_large_image\" \/>\n<meta name=\"twitter:label1\" content=\"Tiempo de lectura\" \/>\n\t<meta name=\"twitter:data1\" content=\"5 minutos\" \/>\n<script type=\"application\/ld+json\" class=\"yoast-schema-graph\">{\"@context\":\"https:\\\/\\\/schema.org\",\"@graph\":[{\"@type\":\"WebPage\",\"@id\":\"https:\\\/\\\/nataliaferre.com\\\/es\\\/condiciones-de-venta\\\/\",\"url\":\"https:\\\/\\\/nataliaferre.com\\\/es\\\/condiciones-de-venta\\\/\",\"name\":\"Condiciones de venta - Nat\u00e0lia Ferr\u00e9 - Escultora, Ceramista, Pintora y Galerista\",\"isPartOf\":{\"@id\":\"https:\\\/\\\/nataliaferre.com\\\/es\\\/#website\"},\"datePublished\":\"2021-11-15T08:15:35+00:00\",\"dateModified\":\"2021-12-20T04:09:20+00:00\",\"description\":\"Nat\u00e0lia Ferr\u00e9 Mateu, la Titular, le informa sobre sus condiciones de venta, formas de pago, env\u00edos, devoluciones y otros detalles relacionados con la\",\"breadcrumb\":{\"@id\":\"https:\\\/\\\/nataliaferre.com\\\/es\\\/condiciones-de-venta\\\/#breadcrumb\"},\"inLanguage\":\"es\",\"potentialAction\":[{\"@type\":\"ReadAction\",\"target\":[\"https:\\\/\\\/nataliaferre.com\\\/es\\\/condiciones-de-venta\\\/\"]}]},{\"@type\":\"BreadcrumbList\",\"@id\":\"https:\\\/\\\/nataliaferre.com\\\/es\\\/condiciones-de-venta\\\/#breadcrumb\",\"itemListElement\":[{\"@type\":\"ListItem\",\"position\":1,\"name\":\"Portada\",\"item\":\"https:\\\/\\\/nataliaferre.com\\\/es\\\/\"},{\"@type\":\"ListItem\",\"position\":2,\"name\":\"Condiciones de venta\"}]},{\"@type\":\"WebSite\",\"@id\":\"https:\\\/\\\/nataliaferre.com\\\/es\\\/#website\",\"url\":\"https:\\\/\\\/nataliaferre.com\\\/es\\\/\",\"name\":\"Nat\u00e0lia Ferr\u00e9\",\"description\":\"Escultora, Ceramista, Pintora y Galerista\",\"publisher\":{\"@id\":\"https:\\\/\\\/nataliaferre.com\\\/es\\\/#organization\"},\"potentialAction\":[{\"@type\":\"SearchAction\",\"target\":{\"@type\":\"EntryPoint\",\"urlTemplate\":\"https:\\\/\\\/nataliaferre.com\\\/es\\\/?s={search_term_string}\"},\"query-input\":{\"@type\":\"PropertyValueSpecification\",\"valueRequired\":true,\"valueName\":\"search_term_string\"}}],\"inLanguage\":\"es\"},{\"@type\":\"Organization\",\"@id\":\"https:\\\/\\\/nataliaferre.com\\\/es\\\/#organization\",\"name\":\"Nat\u00e0lia Ferr\u00e9\",\"url\":\"https:\\\/\\\/nataliaferre.com\\\/es\\\/\",\"logo\":{\"@type\":\"ImageObject\",\"inLanguage\":\"es\",\"@id\":\"https:\\\/\\\/nataliaferre.com\\\/es\\\/#\\\/schema\\\/logo\\\/image\\\/\",\"url\":\"https:\\\/\\\/nataliaferre.com\\\/wp-content\\\/uploads\\\/natalia-ferre-la-artista-04-b.jpg\",\"contentUrl\":\"https:\\\/\\\/nataliaferre.com\\\/wp-content\\\/uploads\\\/natalia-ferre-la-artista-04-b.jpg\",\"width\":1300,\"height\":730,\"caption\":\"Nat\u00e0lia Ferr\u00e9\"},\"image\":{\"@id\":\"https:\\\/\\\/nataliaferre.com\\\/es\\\/#\\\/schema\\\/logo\\\/image\\\/\"}}]}<\/script>\n<!-- \/ Yoast SEO plugin. -->","yoast_head_json":{"title":"Condiciones de venta - Nat\u00e0lia Ferr\u00e9 - Escultora, Ceramista, Pintora y Galerista","description":"Nat\u00e0lia Ferr\u00e9 Mateu, la Titular, le informa sobre sus condiciones de venta, formas de pago, env\u00edos, devoluciones y otros detalles relacionados con la","robots":{"index":"noindex","follow":"follow"},"og_locale":"es_ES","og_type":"article","og_title":"Condiciones de venta - Nat\u00e0lia Ferr\u00e9 - Escultora, Ceramista, Pintora y Galerista","og_description":"Nat\u00e0lia Ferr\u00e9 Mateu, la Titular, le informa sobre sus condiciones de venta, formas de pago, env\u00edos, devoluciones y otros detalles relacionados con la","og_url":"https:\/\/nataliaferre.com\/es\/condiciones-de-venta\/","og_site_name":"Nat\u00e0lia Ferr\u00e9","article_modified_time":"2021-12-20T04:09:20+00:00","twitter_card":"summary_large_image","twitter_misc":{"Tiempo de lectura":"5 minutos"},"schema":{"@context":"https:\/\/schema.org","@graph":[{"@type":"WebPage","@id":"https:\/\/nataliaferre.com\/es\/condiciones-de-venta\/","url":"https:\/\/nataliaferre.com\/es\/condiciones-de-venta\/","name":"Condiciones de venta - Nat\u00e0lia Ferr\u00e9 - Escultora, Ceramista, Pintora y Galerista","isPartOf":{"@id":"https:\/\/nataliaferre.com\/es\/#website"},"datePublished":"2021-11-15T08:15:35+00:00","dateModified":"2021-12-20T04:09:20+00:00","description":"Nat\u00e0lia Ferr\u00e9 Mateu, la Titular, le informa sobre sus condiciones de venta, formas de pago, env\u00edos, devoluciones y otros detalles relacionados con la","breadcrumb":{"@id":"https:\/\/nataliaferre.com\/es\/condiciones-de-venta\/#breadcrumb"},"inLanguage":"es","potentialAction":[{"@type":"ReadAction","target":["https:\/\/nataliaferre.com\/es\/condiciones-de-venta\/"]}]},{"@type":"BreadcrumbList","@id":"https:\/\/nataliaferre.com\/es\/condiciones-de-venta\/#breadcrumb","itemListElement":[{"@type":"ListItem","position":1,"name":"Portada","item":"https:\/\/nataliaferre.com\/es\/"},{"@type":"ListItem","position":2,"name":"Condiciones de venta"}]},{"@type":"WebSite","@id":"https:\/\/nataliaferre.com\/es\/#website","url":"https:\/\/nataliaferre.com\/es\/","name":"Nat\u00e0lia Ferr\u00e9","description":"Escultora, Ceramista, Pintora y Galerista","publisher":{"@id":"https:\/\/nataliaferre.com\/es\/#organization"},"potentialAction":[{"@type":"SearchAction","target":{"@type":"EntryPoint","urlTemplate":"https:\/\/nataliaferre.com\/es\/?s={search_term_string}"},"query-input":{"@type":"PropertyValueSpecification","valueRequired":true,"valueName":"search_term_string"}}],"inLanguage":"es"},{"@type":"Organization","@id":"https:\/\/nataliaferre.com\/es\/#organization","name":"Nat\u00e0lia Ferr\u00e9","url":"https:\/\/nataliaferre.com\/es\/","logo":{"@type":"ImageObject","inLanguage":"es","@id":"https:\/\/nataliaferre.com\/es\/#\/schema\/logo\/image\/","url":"https:\/\/nataliaferre.com\/wp-content\/uploads\/natalia-ferre-la-artista-04-b.jpg","contentUrl":"https:\/\/nataliaferre.com\/wp-content\/uploads\/natalia-ferre-la-artista-04-b.jpg","width":1300,"height":730,"caption":"Nat\u00e0lia Ferr\u00e9"},"image":{"@id":"https:\/\/nataliaferre.com\/es\/#\/schema\/logo\/image\/"}}]}},"_links":{"self":[{"href":"https:\/\/nataliaferre.com\/es\/wp-json\/wp\/v2\/pages\/9588","targetHints":{"allow":["GET"]}}],"collection":[{"href":"https:\/\/nataliaferre.com\/es\/wp-json\/wp\/v2\/pages"}],"about":[{"href":"https:\/\/nataliaferre.com\/es\/wp-json\/wp\/v2\/types\/page"}],"author":[{"embeddable":true,"href":"https:\/\/nataliaferre.com\/es\/wp-json\/wp\/v2\/users\/999"}],"replies":[{"embeddable":true,"href":"https:\/\/nataliaferre.com\/es\/wp-json\/wp\/v2\/comments?post=9588"}],"version-history":[{"count":0,"href":"https:\/\/nataliaferre.com\/es\/wp-json\/wp\/v2\/pages\/9588\/revisions"}],"wp:attachment":[{"href":"https:\/\/nataliaferre.com\/es\/wp-json\/wp\/v2\/media?parent=9588"}],"curies":[{"name":"wp","href":"https:\/\/api.w.org\/{rel}","templated":true}]}}