{"id":11266,"date":"2021-11-14T20:00:11","date_gmt":"2021-11-14T19:00:11","guid":{"rendered":"https:\/\/nataliaferre.com\/?post_type=product&#038;p=11266"},"modified":"2026-01-28T15:26:46","modified_gmt":"2026-01-28T14:26:46","slug":"escultura-resina-natalia-ferre-polinesia","status":"publish","type":"product","link":"https:\/\/nataliaferre.com\/es\/tienda-online\/escultura-resina-natalia-ferre-polinesia\/","title":{"rendered":"Polinesia"},"excerpt":{"rendered":"<p>Escultura de resina de Nat\u00e0lia Ferr\u00e9, de 80 cm de alto, 80 cm de ancho y 4 cm de fondo.<\/p>\n<p>Todas las esculturas de resina de Nat\u00e0lia Ferr\u00e9 forman parte de peque\u00f1as series, de hasta 8 copias numeradas, por lo que se consideran piezas \u00fanicas.<\/p>\n<p>Estas piezas son el fruto de un trabajo escult\u00f3rico moderno, diferente, complejo y muy interesante, que mezcla la utilizaci\u00f3n de arcillas y objetos r\u00edgidos, con resinas de poli\u00e9ster, acr\u00edlicas y epoxi.<\/p>\n","protected":false},"featured_media":11267,"template":"","meta":{"inline_featured_image":false},"product_brand":[],"product_cat":[521,130],"product_tag":[],"class_list":{"0":"post-11266","1":"product","2":"type-product","3":"status-publish","4":"has-post-thumbnail","6":"product_cat-coleccion-infinito","7":"product_cat-piezas-de-resina","9":"first","10":"instock","11":"sold-individually","12":"taxable","13":"shipping-taxable","14":"purchasable","15":"product-type-simple"},"yoast_head":"<!-- This site is optimized with the Yoast SEO plugin v27.3 - https:\/\/yoast.com\/product\/yoast-seo-wordpress\/ -->\n<title>Polinesia - COLECCI\u00d3N INFINITO, Escultura de Resina de Nat\u00e0lia Ferr\u00e9 - Galer\u00eda de Arte y Tienda Online<\/title>\n<meta name=\"description\" content=\"Escultura de resina de Nat\u00e0lia Ferr\u00e9, de 80 cm de alto, 80 cm de ancho y 4 cm de fondo.  Todas las esculturas de resina de Nat\u00e0lia Ferr\u00e9 forman parte de peque\u00f1as series, de hasta 8 copias numeradas, por lo que se consideran piezas \u00fanicas.  Estas piezas son el fruto de un trabajo escult\u00f3rico moderno, diferente, complejo y muy interesante, que mezcla la utilizaci\u00f3n de arcillas y objetos r\u00edgidos, con resinas de poli\u00e9ster, acr\u00edlicas y epoxi.\" \/>\n<meta name=\"robots\" content=\"index, follow, max-snippet:-1, max-image-preview:large, max-video-preview:-1\" \/>\n<link rel=\"canonical\" href=\"https:\/\/nataliaferre.com\/es\/tienda-online\/escultura-resina-natalia-ferre-polinesia\/\" \/>\n<meta property=\"og:locale\" content=\"es_ES\" \/>\n<meta property=\"og:type\" content=\"article\" \/>\n<meta property=\"og:title\" content=\"Polinesia - COLECCI\u00d3N INFINITO, Escultura de Resina de Nat\u00e0lia Ferr\u00e9 - Galer\u00eda de Arte y Tienda Online\" \/>\n<meta property=\"og:description\" content=\"Escultura de resina de Nat\u00e0lia Ferr\u00e9, de 80 cm de alto, 80 cm de ancho y 4 cm de fondo.  Todas las esculturas de resina de Nat\u00e0lia Ferr\u00e9 forman parte de peque\u00f1as series, de hasta 8 copias numeradas, por lo que se consideran piezas \u00fanicas.  Estas piezas son el fruto de un trabajo escult\u00f3rico moderno, diferente, complejo y muy interesante, que mezcla la utilizaci\u00f3n de arcillas y objetos r\u00edgidos, con resinas de poli\u00e9ster, acr\u00edlicas y epoxi.\" \/>\n<meta property=\"og:url\" content=\"https:\/\/nataliaferre.com\/es\/tienda-online\/escultura-resina-natalia-ferre-polinesia\/\" \/>\n<meta property=\"og:site_name\" content=\"Nat\u00e0lia Ferr\u00e9\" \/>\n<meta property=\"article:modified_time\" content=\"2026-01-28T14:26:46+00:00\" \/>\n<meta property=\"og:image\" content=\"https:\/\/nataliaferre.com\/wp-content\/uploads\/escultura-resina-natalia-ferre-infinito-polinesia-01.jpg\" \/>\n\t<meta property=\"og:image:width\" content=\"960\" \/>\n\t<meta property=\"og:image:height\" content=\"1440\" \/>\n\t<meta property=\"og:image:type\" content=\"image\/jpeg\" \/>\n<meta name=\"twitter:card\" content=\"summary_large_image\" \/>\n<script type=\"application\/ld+json\" class=\"yoast-schema-graph\">{\"@context\":\"https:\\\/\\\/schema.org\",\"@graph\":[{\"@type\":\"WebPage\",\"@id\":\"https:\\\/\\\/nataliaferre.com\\\/es\\\/tienda-online\\\/escultura-resina-natalia-ferre-polinesia\\\/\",\"url\":\"https:\\\/\\\/nataliaferre.com\\\/es\\\/tienda-online\\\/escultura-resina-natalia-ferre-polinesia\\\/\",\"name\":\"Polinesia - COLECCI\u00d3N INFINITO, Escultura de Resina de Nat\u00e0lia Ferr\u00e9 - Galer\u00eda de Arte y Tienda Online\",\"isPartOf\":{\"@id\":\"https:\\\/\\\/nataliaferre.com\\\/es\\\/#website\"},\"primaryImageOfPage\":{\"@id\":\"https:\\\/\\\/nataliaferre.com\\\/es\\\/tienda-online\\\/escultura-resina-natalia-ferre-polinesia\\\/#primaryimage\"},\"image\":{\"@id\":\"https:\\\/\\\/nataliaferre.com\\\/es\\\/tienda-online\\\/escultura-resina-natalia-ferre-polinesia\\\/#primaryimage\"},\"thumbnailUrl\":\"https:\\\/\\\/nataliaferre.com\\\/wp-content\\\/uploads\\\/escultura-resina-natalia-ferre-infinito-polinesia-01.jpg\",\"datePublished\":\"2021-11-14T19:00:11+00:00\",\"dateModified\":\"2026-01-28T14:26:46+00:00\",\"description\":\"Escultura de resina de Nat\u00e0lia Ferr\u00e9, de 80 cm de alto, 80 cm de ancho y 4 cm de fondo. Todas las esculturas de resina de Nat\u00e0lia Ferr\u00e9 forman parte de peque\u00f1as series, de hasta 8 copias numeradas, por lo que se consideran piezas \u00fanicas. Estas piezas son el fruto de un trabajo escult\u00f3rico moderno, diferente, complejo y muy interesante, que mezcla la utilizaci\u00f3n de arcillas y objetos r\u00edgidos, con resinas de poli\u00e9ster, acr\u00edlicas y epoxi.\",\"breadcrumb\":{\"@id\":\"https:\\\/\\\/nataliaferre.com\\\/es\\\/tienda-online\\\/escultura-resina-natalia-ferre-polinesia\\\/#breadcrumb\"},\"inLanguage\":\"es\",\"potentialAction\":[{\"@type\":\"ReadAction\",\"target\":[\"https:\\\/\\\/nataliaferre.com\\\/es\\\/tienda-online\\\/escultura-resina-natalia-ferre-polinesia\\\/\"]}]},{\"@type\":\"ImageObject\",\"inLanguage\":\"es\",\"@id\":\"https:\\\/\\\/nataliaferre.com\\\/es\\\/tienda-online\\\/escultura-resina-natalia-ferre-polinesia\\\/#primaryimage\",\"url\":\"https:\\\/\\\/nataliaferre.com\\\/wp-content\\\/uploads\\\/escultura-resina-natalia-ferre-infinito-polinesia-01.jpg\",\"contentUrl\":\"https:\\\/\\\/nataliaferre.com\\\/wp-content\\\/uploads\\\/escultura-resina-natalia-ferre-infinito-polinesia-01.jpg\",\"width\":960,\"height\":1440},{\"@type\":\"BreadcrumbList\",\"@id\":\"https:\\\/\\\/nataliaferre.com\\\/es\\\/tienda-online\\\/escultura-resina-natalia-ferre-polinesia\\\/#breadcrumb\",\"itemListElement\":[{\"@type\":\"ListItem\",\"position\":1,\"name\":\"Portada\",\"item\":\"https:\\\/\\\/nataliaferre.com\\\/es\\\/\"},{\"@type\":\"ListItem\",\"position\":2,\"name\":\"Productos\",\"item\":\"https:\\\/\\\/nataliaferre.com\\\/es\\\/shop\\\/\"},{\"@type\":\"ListItem\",\"position\":3,\"name\":\"Polinesia\"}]},{\"@type\":\"WebSite\",\"@id\":\"https:\\\/\\\/nataliaferre.com\\\/es\\\/#website\",\"url\":\"https:\\\/\\\/nataliaferre.com\\\/es\\\/\",\"name\":\"Nat\u00e0lia Ferr\u00e9\",\"description\":\"Escultora, Ceramista, Pintora y Galerista\",\"publisher\":{\"@id\":\"https:\\\/\\\/nataliaferre.com\\\/es\\\/#organization\"},\"potentialAction\":[{\"@type\":\"SearchAction\",\"target\":{\"@type\":\"EntryPoint\",\"urlTemplate\":\"https:\\\/\\\/nataliaferre.com\\\/es\\\/?s={search_term_string}\"},\"query-input\":{\"@type\":\"PropertyValueSpecification\",\"valueRequired\":true,\"valueName\":\"search_term_string\"}}],\"inLanguage\":\"es\"},{\"@type\":\"Organization\",\"@id\":\"https:\\\/\\\/nataliaferre.com\\\/es\\\/#organization\",\"name\":\"Nat\u00e0lia Ferr\u00e9\",\"url\":\"https:\\\/\\\/nataliaferre.com\\\/es\\\/\",\"logo\":{\"@type\":\"ImageObject\",\"inLanguage\":\"es\",\"@id\":\"https:\\\/\\\/nataliaferre.com\\\/es\\\/#\\\/schema\\\/logo\\\/image\\\/\",\"url\":\"https:\\\/\\\/nataliaferre.com\\\/wp-content\\\/uploads\\\/natalia-ferre-la-artista-04-b.jpg\",\"contentUrl\":\"https:\\\/\\\/nataliaferre.com\\\/wp-content\\\/uploads\\\/natalia-ferre-la-artista-04-b.jpg\",\"width\":1300,\"height\":730,\"caption\":\"Nat\u00e0lia Ferr\u00e9\"},\"image\":{\"@id\":\"https:\\\/\\\/nataliaferre.com\\\/es\\\/#\\\/schema\\\/logo\\\/image\\\/\"}}]}<\/script>\n<!-- \/ Yoast SEO plugin. -->","yoast_head_json":{"title":"Polinesia - COLECCI\u00d3N INFINITO, Escultura de Resina de Nat\u00e0lia Ferr\u00e9 - Galer\u00eda de Arte y Tienda Online","description":"Escultura de resina de Nat\u00e0lia Ferr\u00e9, de 80 cm de alto, 80 cm de ancho y 4 cm de fondo.  Todas las esculturas de resina de Nat\u00e0lia Ferr\u00e9 forman parte de peque\u00f1as series, de hasta 8 copias numeradas, por lo que se consideran piezas \u00fanicas.  Estas piezas son el fruto de un trabajo escult\u00f3rico moderno, diferente, complejo y muy interesante, que mezcla la utilizaci\u00f3n de arcillas y objetos r\u00edgidos, con resinas de poli\u00e9ster, acr\u00edlicas y epoxi.","robots":{"index":"index","follow":"follow","max-snippet":"max-snippet:-1","max-image-preview":"max-image-preview:large","max-video-preview":"max-video-preview:-1"},"canonical":"https:\/\/nataliaferre.com\/es\/tienda-online\/escultura-resina-natalia-ferre-polinesia\/","og_locale":"es_ES","og_type":"article","og_title":"Polinesia - COLECCI\u00d3N INFINITO, Escultura de Resina de Nat\u00e0lia Ferr\u00e9 - Galer\u00eda de Arte y Tienda Online","og_description":"Escultura de resina de Nat\u00e0lia Ferr\u00e9, de 80 cm de alto, 80 cm de ancho y 4 cm de fondo.  Todas las esculturas de resina de Nat\u00e0lia Ferr\u00e9 forman parte de peque\u00f1as series, de hasta 8 copias numeradas, por lo que se consideran piezas \u00fanicas.  Estas piezas son el fruto de un trabajo escult\u00f3rico moderno, diferente, complejo y muy interesante, que mezcla la utilizaci\u00f3n de arcillas y objetos r\u00edgidos, con resinas de poli\u00e9ster, acr\u00edlicas y epoxi.","og_url":"https:\/\/nataliaferre.com\/es\/tienda-online\/escultura-resina-natalia-ferre-polinesia\/","og_site_name":"Nat\u00e0lia Ferr\u00e9","article_modified_time":"2026-01-28T14:26:46+00:00","og_image":[{"width":960,"height":1440,"url":"https:\/\/nataliaferre.com\/wp-content\/uploads\/escultura-resina-natalia-ferre-infinito-polinesia-01.jpg","type":"image\/jpeg"}],"twitter_card":"summary_large_image","schema":{"@context":"https:\/\/schema.org","@graph":[{"@type":"WebPage","@id":"https:\/\/nataliaferre.com\/es\/tienda-online\/escultura-resina-natalia-ferre-polinesia\/","url":"https:\/\/nataliaferre.com\/es\/tienda-online\/escultura-resina-natalia-ferre-polinesia\/","name":"Polinesia - COLECCI\u00d3N INFINITO, Escultura de Resina de Nat\u00e0lia Ferr\u00e9 - Galer\u00eda de Arte y Tienda Online","isPartOf":{"@id":"https:\/\/nataliaferre.com\/es\/#website"},"primaryImageOfPage":{"@id":"https:\/\/nataliaferre.com\/es\/tienda-online\/escultura-resina-natalia-ferre-polinesia\/#primaryimage"},"image":{"@id":"https:\/\/nataliaferre.com\/es\/tienda-online\/escultura-resina-natalia-ferre-polinesia\/#primaryimage"},"thumbnailUrl":"https:\/\/nataliaferre.com\/wp-content\/uploads\/escultura-resina-natalia-ferre-infinito-polinesia-01.jpg","datePublished":"2021-11-14T19:00:11+00:00","dateModified":"2026-01-28T14:26:46+00:00","description":"Escultura de resina de Nat\u00e0lia Ferr\u00e9, de 80 cm de alto, 80 cm de ancho y 4 cm de fondo. Todas las esculturas de resina de Nat\u00e0lia Ferr\u00e9 forman parte de peque\u00f1as series, de hasta 8 copias numeradas, por lo que se consideran piezas \u00fanicas. Estas piezas son el fruto de un trabajo escult\u00f3rico moderno, diferente, complejo y muy interesante, que mezcla la utilizaci\u00f3n de arcillas y objetos r\u00edgidos, con resinas de poli\u00e9ster, acr\u00edlicas y epoxi.","breadcrumb":{"@id":"https:\/\/nataliaferre.com\/es\/tienda-online\/escultura-resina-natalia-ferre-polinesia\/#breadcrumb"},"inLanguage":"es","potentialAction":[{"@type":"ReadAction","target":["https:\/\/nataliaferre.com\/es\/tienda-online\/escultura-resina-natalia-ferre-polinesia\/"]}]},{"@type":"ImageObject","inLanguage":"es","@id":"https:\/\/nataliaferre.com\/es\/tienda-online\/escultura-resina-natalia-ferre-polinesia\/#primaryimage","url":"https:\/\/nataliaferre.com\/wp-content\/uploads\/escultura-resina-natalia-ferre-infinito-polinesia-01.jpg","contentUrl":"https:\/\/nataliaferre.com\/wp-content\/uploads\/escultura-resina-natalia-ferre-infinito-polinesia-01.jpg","width":960,"height":1440},{"@type":"BreadcrumbList","@id":"https:\/\/nataliaferre.com\/es\/tienda-online\/escultura-resina-natalia-ferre-polinesia\/#breadcrumb","itemListElement":[{"@type":"ListItem","position":1,"name":"Portada","item":"https:\/\/nataliaferre.com\/es\/"},{"@type":"ListItem","position":2,"name":"Productos","item":"https:\/\/nataliaferre.com\/es\/shop\/"},{"@type":"ListItem","position":3,"name":"Polinesia"}]},{"@type":"WebSite","@id":"https:\/\/nataliaferre.com\/es\/#website","url":"https:\/\/nataliaferre.com\/es\/","name":"Nat\u00e0lia Ferr\u00e9","description":"Escultora, Ceramista, Pintora y Galerista","publisher":{"@id":"https:\/\/nataliaferre.com\/es\/#organization"},"potentialAction":[{"@type":"SearchAction","target":{"@type":"EntryPoint","urlTemplate":"https:\/\/nataliaferre.com\/es\/?s={search_term_string}"},"query-input":{"@type":"PropertyValueSpecification","valueRequired":true,"valueName":"search_term_string"}}],"inLanguage":"es"},{"@type":"Organization","@id":"https:\/\/nataliaferre.com\/es\/#organization","name":"Nat\u00e0lia Ferr\u00e9","url":"https:\/\/nataliaferre.com\/es\/","logo":{"@type":"ImageObject","inLanguage":"es","@id":"https:\/\/nataliaferre.com\/es\/#\/schema\/logo\/image\/","url":"https:\/\/nataliaferre.com\/wp-content\/uploads\/natalia-ferre-la-artista-04-b.jpg","contentUrl":"https:\/\/nataliaferre.com\/wp-content\/uploads\/natalia-ferre-la-artista-04-b.jpg","width":1300,"height":730,"caption":"Nat\u00e0lia Ferr\u00e9"},"image":{"@id":"https:\/\/nataliaferre.com\/es\/#\/schema\/logo\/image\/"}}]}},"_links":{"self":[{"href":"https:\/\/nataliaferre.com\/es\/wp-json\/wp\/v2\/product\/11266","targetHints":{"allow":["GET"]}}],"collection":[{"href":"https:\/\/nataliaferre.com\/es\/wp-json\/wp\/v2\/product"}],"about":[{"href":"https:\/\/nataliaferre.com\/es\/wp-json\/wp\/v2\/types\/product"}],"wp:featuredmedia":[{"embeddable":true,"href":"https:\/\/nataliaferre.com\/es\/wp-json\/wp\/v2\/media\/11267"}],"wp:attachment":[{"href":"https:\/\/nataliaferre.com\/es\/wp-json\/wp\/v2\/media?parent=11266"}],"wp:term":[{"taxonomy":"product_brand","embeddable":true,"href":"https:\/\/nataliaferre.com\/es\/wp-json\/wp\/v2\/product_brand?post=11266"},{"taxonomy":"product_cat","embeddable":true,"href":"https:\/\/nataliaferre.com\/es\/wp-json\/wp\/v2\/product_cat?post=11266"},{"taxonomy":"product_tag","embeddable":true,"href":"https:\/\/nataliaferre.com\/es\/wp-json\/wp\/v2\/product_tag?post=11266"}],"curies":[{"name":"wp","href":"https:\/\/api.w.org\/{rel}","templated":true}]}}