{"id":29557,"date":"2025-12-29T11:08:19","date_gmt":"2025-12-29T10:08:19","guid":{"rendered":"https:\/\/nataliaferre.com\/botiga-online\/tors-dhome\/"},"modified":"2026-01-28T15:27:15","modified_gmt":"2026-01-28T14:27:15","slug":"tors-dhome","status":"publish","type":"product","link":"https:\/\/nataliaferre.com\/es\/tienda-online\/tors-dhome\/","title":{"rendered":"TORSO DE HOMBRE"},"excerpt":{"rendered":"<p>Escultura de resina de Nat\u00e0lia\u00a0Ferr\u00e9, de 48 cm de alto, 24 cm de ancho y 16 cm de fondos.<br \/>\nEsta escultura es una pieza seriada ,\u00a0num\u00a01\/8.<br \/>\nCreada con resina.<\/p>\n","protected":false},"featured_media":29531,"template":"","meta":{"inline_featured_image":false},"product_brand":[],"product_cat":[519,130],"product_tag":[],"class_list":{"0":"post-29557","1":"product","2":"type-product","3":"status-publish","4":"has-post-thumbnail","6":"product_cat-coleccion-cuerpos","7":"product_cat-piezas-de-resina","9":"first","10":"instock","11":"sold-individually","12":"taxable","13":"shipping-taxable","14":"purchasable","15":"product-type-simple"},"yoast_head":"<!-- This site is optimized with the Yoast SEO plugin v27.4 - https:\/\/yoast.com\/product\/yoast-seo-wordpress\/ -->\n<title>TORSO DE HOMBRE - COLECCI\u00d3N CUERPOS, Escultura de Resina de Nat\u00e0lia Ferr\u00e9 - Galer\u00eda de Arte y Tienda Online<\/title>\n<meta name=\"description\" content=\"Escultura de resina de Nat\u00e0lia\u00a0Ferr\u00e9, de 48 cm de alto, 24 cm de ancho y 16 cm de fondos. Esta escultura es una pieza seriada ,\u00a0num\u00a01\/8. Creada con resina.\" \/>\n<meta name=\"robots\" content=\"index, follow, max-snippet:-1, max-image-preview:large, max-video-preview:-1\" \/>\n<link rel=\"canonical\" href=\"https:\/\/nataliaferre.com\/es\/tienda-online\/tors-dhome\/\" \/>\n<meta property=\"og:locale\" content=\"es_ES\" \/>\n<meta property=\"og:type\" content=\"article\" \/>\n<meta property=\"og:title\" content=\"TORSO DE HOMBRE - COLECCI\u00d3N CUERPOS, Escultura de Resina de Nat\u00e0lia Ferr\u00e9 - Galer\u00eda de Arte y Tienda Online\" \/>\n<meta property=\"og:description\" content=\"Escultura de resina de Nat\u00e0lia\u00a0Ferr\u00e9, de 48 cm de alto, 24 cm de ancho y 16 cm de fondos. Esta escultura es una pieza seriada ,\u00a0num\u00a01\/8. Creada con resina.\" \/>\n<meta property=\"og:url\" content=\"https:\/\/nataliaferre.com\/es\/tienda-online\/tors-dhome\/\" \/>\n<meta property=\"og:site_name\" content=\"Nat\u00e0lia Ferr\u00e9\" \/>\n<meta property=\"article:modified_time\" content=\"2026-01-28T14:27:15+00:00\" \/>\n<meta property=\"og:image\" content=\"https:\/\/nataliaferre.com\/wp-content\/uploads\/47.jpg\" \/>\n\t<meta property=\"og:image:width\" content=\"960\" \/>\n\t<meta property=\"og:image:height\" content=\"1440\" \/>\n\t<meta property=\"og:image:type\" content=\"image\/jpeg\" \/>\n<meta name=\"twitter:card\" content=\"summary_large_image\" \/>\n<script type=\"application\/ld+json\" class=\"yoast-schema-graph\">{\"@context\":\"https:\\\/\\\/schema.org\",\"@graph\":[{\"@type\":\"WebPage\",\"@id\":\"https:\\\/\\\/nataliaferre.com\\\/es\\\/tienda-online\\\/tors-dhome\\\/\",\"url\":\"https:\\\/\\\/nataliaferre.com\\\/es\\\/tienda-online\\\/tors-dhome\\\/\",\"name\":\"TORSO DE HOMBRE - COLECCI\u00d3N CUERPOS, Escultura de Resina de Nat\u00e0lia Ferr\u00e9 - Galer\u00eda de Arte y Tienda Online\",\"isPartOf\":{\"@id\":\"https:\\\/\\\/nataliaferre.com\\\/es\\\/#website\"},\"primaryImageOfPage\":{\"@id\":\"https:\\\/\\\/nataliaferre.com\\\/es\\\/tienda-online\\\/tors-dhome\\\/#primaryimage\"},\"image\":{\"@id\":\"https:\\\/\\\/nataliaferre.com\\\/es\\\/tienda-online\\\/tors-dhome\\\/#primaryimage\"},\"thumbnailUrl\":\"https:\\\/\\\/nataliaferre.com\\\/wp-content\\\/uploads\\\/47.jpg\",\"datePublished\":\"2025-12-29T10:08:19+00:00\",\"dateModified\":\"2026-01-28T14:27:15+00:00\",\"description\":\"Escultura de resina de Nat\u00e0lia\u00a0Ferr\u00e9, de 48 cm de alto, 24 cm de ancho y 16 cm de fondos. Esta escultura es una pieza seriada ,\u00a0num\u00a01\\\/8. Creada con resina.\",\"breadcrumb\":{\"@id\":\"https:\\\/\\\/nataliaferre.com\\\/es\\\/tienda-online\\\/tors-dhome\\\/#breadcrumb\"},\"inLanguage\":\"es\",\"potentialAction\":[{\"@type\":\"ReadAction\",\"target\":[\"https:\\\/\\\/nataliaferre.com\\\/es\\\/tienda-online\\\/tors-dhome\\\/\"]}]},{\"@type\":\"ImageObject\",\"inLanguage\":\"es\",\"@id\":\"https:\\\/\\\/nataliaferre.com\\\/es\\\/tienda-online\\\/tors-dhome\\\/#primaryimage\",\"url\":\"https:\\\/\\\/nataliaferre.com\\\/wp-content\\\/uploads\\\/47.jpg\",\"contentUrl\":\"https:\\\/\\\/nataliaferre.com\\\/wp-content\\\/uploads\\\/47.jpg\",\"width\":960,\"height\":1440},{\"@type\":\"BreadcrumbList\",\"@id\":\"https:\\\/\\\/nataliaferre.com\\\/es\\\/tienda-online\\\/tors-dhome\\\/#breadcrumb\",\"itemListElement\":[{\"@type\":\"ListItem\",\"position\":1,\"name\":\"Portada\",\"item\":\"https:\\\/\\\/nataliaferre.com\\\/es\\\/\"},{\"@type\":\"ListItem\",\"position\":2,\"name\":\"Productos\",\"item\":\"https:\\\/\\\/nataliaferre.com\\\/es\\\/shop\\\/\"},{\"@type\":\"ListItem\",\"position\":3,\"name\":\"TORSO DE HOMBRE\"}]},{\"@type\":\"WebSite\",\"@id\":\"https:\\\/\\\/nataliaferre.com\\\/es\\\/#website\",\"url\":\"https:\\\/\\\/nataliaferre.com\\\/es\\\/\",\"name\":\"Nat\u00e0lia Ferr\u00e9\",\"description\":\"Escultora, Ceramista, Pintora y Galerista\",\"publisher\":{\"@id\":\"https:\\\/\\\/nataliaferre.com\\\/es\\\/#organization\"},\"potentialAction\":[{\"@type\":\"SearchAction\",\"target\":{\"@type\":\"EntryPoint\",\"urlTemplate\":\"https:\\\/\\\/nataliaferre.com\\\/es\\\/?s={search_term_string}\"},\"query-input\":{\"@type\":\"PropertyValueSpecification\",\"valueRequired\":true,\"valueName\":\"search_term_string\"}}],\"inLanguage\":\"es\"},{\"@type\":\"Organization\",\"@id\":\"https:\\\/\\\/nataliaferre.com\\\/es\\\/#organization\",\"name\":\"Nat\u00e0lia Ferr\u00e9\",\"url\":\"https:\\\/\\\/nataliaferre.com\\\/es\\\/\",\"logo\":{\"@type\":\"ImageObject\",\"inLanguage\":\"es\",\"@id\":\"https:\\\/\\\/nataliaferre.com\\\/es\\\/#\\\/schema\\\/logo\\\/image\\\/\",\"url\":\"https:\\\/\\\/nataliaferre.com\\\/wp-content\\\/uploads\\\/natalia-ferre-la-artista-04-b.jpg\",\"contentUrl\":\"https:\\\/\\\/nataliaferre.com\\\/wp-content\\\/uploads\\\/natalia-ferre-la-artista-04-b.jpg\",\"width\":1300,\"height\":730,\"caption\":\"Nat\u00e0lia Ferr\u00e9\"},\"image\":{\"@id\":\"https:\\\/\\\/nataliaferre.com\\\/es\\\/#\\\/schema\\\/logo\\\/image\\\/\"}}]}<\/script>\n<!-- \/ Yoast SEO plugin. -->","yoast_head_json":{"title":"TORSO DE HOMBRE - COLECCI\u00d3N CUERPOS, Escultura de Resina de Nat\u00e0lia Ferr\u00e9 - Galer\u00eda de Arte y Tienda Online","description":"Escultura de resina de Nat\u00e0lia\u00a0Ferr\u00e9, de 48 cm de alto, 24 cm de ancho y 16 cm de fondos. Esta escultura es una pieza seriada ,\u00a0num\u00a01\/8. Creada con resina.","robots":{"index":"index","follow":"follow","max-snippet":"max-snippet:-1","max-image-preview":"max-image-preview:large","max-video-preview":"max-video-preview:-1"},"canonical":"https:\/\/nataliaferre.com\/es\/tienda-online\/tors-dhome\/","og_locale":"es_ES","og_type":"article","og_title":"TORSO DE HOMBRE - COLECCI\u00d3N CUERPOS, Escultura de Resina de Nat\u00e0lia Ferr\u00e9 - Galer\u00eda de Arte y Tienda Online","og_description":"Escultura de resina de Nat\u00e0lia\u00a0Ferr\u00e9, de 48 cm de alto, 24 cm de ancho y 16 cm de fondos. Esta escultura es una pieza seriada ,\u00a0num\u00a01\/8. Creada con resina.","og_url":"https:\/\/nataliaferre.com\/es\/tienda-online\/tors-dhome\/","og_site_name":"Nat\u00e0lia Ferr\u00e9","article_modified_time":"2026-01-28T14:27:15+00:00","og_image":[{"width":960,"height":1440,"url":"https:\/\/nataliaferre.com\/wp-content\/uploads\/47.jpg","type":"image\/jpeg"}],"twitter_card":"summary_large_image","schema":{"@context":"https:\/\/schema.org","@graph":[{"@type":"WebPage","@id":"https:\/\/nataliaferre.com\/es\/tienda-online\/tors-dhome\/","url":"https:\/\/nataliaferre.com\/es\/tienda-online\/tors-dhome\/","name":"TORSO DE HOMBRE - COLECCI\u00d3N CUERPOS, Escultura de Resina de Nat\u00e0lia Ferr\u00e9 - Galer\u00eda de Arte y Tienda Online","isPartOf":{"@id":"https:\/\/nataliaferre.com\/es\/#website"},"primaryImageOfPage":{"@id":"https:\/\/nataliaferre.com\/es\/tienda-online\/tors-dhome\/#primaryimage"},"image":{"@id":"https:\/\/nataliaferre.com\/es\/tienda-online\/tors-dhome\/#primaryimage"},"thumbnailUrl":"https:\/\/nataliaferre.com\/wp-content\/uploads\/47.jpg","datePublished":"2025-12-29T10:08:19+00:00","dateModified":"2026-01-28T14:27:15+00:00","description":"Escultura de resina de Nat\u00e0lia\u00a0Ferr\u00e9, de 48 cm de alto, 24 cm de ancho y 16 cm de fondos. Esta escultura es una pieza seriada ,\u00a0num\u00a01\/8. Creada con resina.","breadcrumb":{"@id":"https:\/\/nataliaferre.com\/es\/tienda-online\/tors-dhome\/#breadcrumb"},"inLanguage":"es","potentialAction":[{"@type":"ReadAction","target":["https:\/\/nataliaferre.com\/es\/tienda-online\/tors-dhome\/"]}]},{"@type":"ImageObject","inLanguage":"es","@id":"https:\/\/nataliaferre.com\/es\/tienda-online\/tors-dhome\/#primaryimage","url":"https:\/\/nataliaferre.com\/wp-content\/uploads\/47.jpg","contentUrl":"https:\/\/nataliaferre.com\/wp-content\/uploads\/47.jpg","width":960,"height":1440},{"@type":"BreadcrumbList","@id":"https:\/\/nataliaferre.com\/es\/tienda-online\/tors-dhome\/#breadcrumb","itemListElement":[{"@type":"ListItem","position":1,"name":"Portada","item":"https:\/\/nataliaferre.com\/es\/"},{"@type":"ListItem","position":2,"name":"Productos","item":"https:\/\/nataliaferre.com\/es\/shop\/"},{"@type":"ListItem","position":3,"name":"TORSO DE HOMBRE"}]},{"@type":"WebSite","@id":"https:\/\/nataliaferre.com\/es\/#website","url":"https:\/\/nataliaferre.com\/es\/","name":"Nat\u00e0lia Ferr\u00e9","description":"Escultora, Ceramista, Pintora y Galerista","publisher":{"@id":"https:\/\/nataliaferre.com\/es\/#organization"},"potentialAction":[{"@type":"SearchAction","target":{"@type":"EntryPoint","urlTemplate":"https:\/\/nataliaferre.com\/es\/?s={search_term_string}"},"query-input":{"@type":"PropertyValueSpecification","valueRequired":true,"valueName":"search_term_string"}}],"inLanguage":"es"},{"@type":"Organization","@id":"https:\/\/nataliaferre.com\/es\/#organization","name":"Nat\u00e0lia Ferr\u00e9","url":"https:\/\/nataliaferre.com\/es\/","logo":{"@type":"ImageObject","inLanguage":"es","@id":"https:\/\/nataliaferre.com\/es\/#\/schema\/logo\/image\/","url":"https:\/\/nataliaferre.com\/wp-content\/uploads\/natalia-ferre-la-artista-04-b.jpg","contentUrl":"https:\/\/nataliaferre.com\/wp-content\/uploads\/natalia-ferre-la-artista-04-b.jpg","width":1300,"height":730,"caption":"Nat\u00e0lia Ferr\u00e9"},"image":{"@id":"https:\/\/nataliaferre.com\/es\/#\/schema\/logo\/image\/"}}]}},"_links":{"self":[{"href":"https:\/\/nataliaferre.com\/es\/wp-json\/wp\/v2\/product\/29557","targetHints":{"allow":["GET"]}}],"collection":[{"href":"https:\/\/nataliaferre.com\/es\/wp-json\/wp\/v2\/product"}],"about":[{"href":"https:\/\/nataliaferre.com\/es\/wp-json\/wp\/v2\/types\/product"}],"wp:featuredmedia":[{"embeddable":true,"href":"https:\/\/nataliaferre.com\/es\/wp-json\/wp\/v2\/media\/29531"}],"wp:attachment":[{"href":"https:\/\/nataliaferre.com\/es\/wp-json\/wp\/v2\/media?parent=29557"}],"wp:term":[{"taxonomy":"product_brand","embeddable":true,"href":"https:\/\/nataliaferre.com\/es\/wp-json\/wp\/v2\/product_brand?post=29557"},{"taxonomy":"product_cat","embeddable":true,"href":"https:\/\/nataliaferre.com\/es\/wp-json\/wp\/v2\/product_cat?post=29557"},{"taxonomy":"product_tag","embeddable":true,"href":"https:\/\/nataliaferre.com\/es\/wp-json\/wp\/v2\/product_tag?post=29557"}],"curies":[{"name":"wp","href":"https:\/\/api.w.org\/{rel}","templated":true}]}}