{"id":30540,"date":"2026-03-18T10:27:23","date_gmt":"2026-03-18T09:27:23","guid":{"rendered":"https:\/\/nataliaferre.com\/?post_type=product&#038;p=30540"},"modified":"2026-03-18T10:30:18","modified_gmt":"2026-03-18T09:30:18","slug":"complicidad","status":"publish","type":"product","link":"https:\/\/nataliaferre.com\/es\/tienda-online\/complicidad\/","title":{"rendered":"Complicidad"},"excerpt":{"rendered":"<p>Esculturas de\u00a0bronce\u00a0de 21 cm de alto, 10 cm de ancho y 14 cm de fondo.<\/p>\n<p>Soporte de hierro<\/p>\n<p>Serie 3\/8.<\/p>\n","protected":false},"featured_media":30526,"template":"","meta":{"inline_featured_image":false},"product_brand":[],"product_cat":[131],"product_tag":[],"class_list":{"0":"post-30540","1":"product","2":"type-product","3":"status-publish","4":"has-post-thumbnail","6":"product_cat-piezas-de-bronce","8":"first","9":"instock","10":"sold-individually","11":"taxable","12":"shipping-taxable","13":"purchasable","14":"product-type-simple"},"yoast_head":"<!-- This site is optimized with the Yoast SEO plugin v27.3 - https:\/\/yoast.com\/product\/yoast-seo-wordpress\/ -->\n<title>Complicidad - Escultura de Bronce de Nat\u00e0lia Ferr\u00e9 - Galer\u00eda de Arte y Tienda Online<\/title>\n<meta name=\"description\" content=\"Esculturas de\u00a0bronce\u00a0de 21 cm de alto, 10 cm de ancho y 14 cm de fondo.  Soporte de hierro  Serie 3\/8.\" \/>\n<meta name=\"robots\" content=\"index, follow, max-snippet:-1, max-image-preview:large, max-video-preview:-1\" \/>\n<link rel=\"canonical\" href=\"https:\/\/nataliaferre.com\/es\/tienda-online\/complicidad\/\" \/>\n<meta property=\"og:locale\" content=\"es_ES\" \/>\n<meta property=\"og:type\" content=\"article\" \/>\n<meta property=\"og:title\" content=\"Complicidad - Escultura de Bronce de Nat\u00e0lia Ferr\u00e9 - Galer\u00eda de Arte y Tienda Online\" \/>\n<meta property=\"og:description\" content=\"Esculturas de\u00a0bronce\u00a0de 21 cm de alto, 10 cm de ancho y 14 cm de fondo.  Soporte de hierro  Serie 3\/8.\" \/>\n<meta property=\"og:url\" content=\"https:\/\/nataliaferre.com\/es\/tienda-online\/complicidad\/\" \/>\n<meta property=\"og:site_name\" content=\"Nat\u00e0lia Ferr\u00e9\" \/>\n<meta property=\"article:modified_time\" content=\"2026-03-18T09:30:18+00:00\" \/>\n<meta property=\"og:image\" content=\"https:\/\/nataliaferre.com\/wp-content\/uploads\/71.jpg\" \/>\n\t<meta property=\"og:image:width\" content=\"960\" \/>\n\t<meta property=\"og:image:height\" content=\"1440\" \/>\n\t<meta property=\"og:image:type\" content=\"image\/jpeg\" \/>\n<meta name=\"twitter:card\" content=\"summary_large_image\" \/>\n<meta name=\"twitter:label1\" content=\"Tiempo de lectura\" \/>\n\t<meta name=\"twitter:data1\" content=\"1 minuto\" \/>\n<script type=\"application\/ld+json\" class=\"yoast-schema-graph\">{\"@context\":\"https:\\\/\\\/schema.org\",\"@graph\":[{\"@type\":\"WebPage\",\"@id\":\"https:\\\/\\\/nataliaferre.com\\\/es\\\/tienda-online\\\/complicidad\\\/\",\"url\":\"https:\\\/\\\/nataliaferre.com\\\/es\\\/tienda-online\\\/complicidad\\\/\",\"name\":\"Complicidad - Escultura de Bronce de Nat\u00e0lia Ferr\u00e9 - Galer\u00eda de Arte y Tienda Online\",\"isPartOf\":{\"@id\":\"https:\\\/\\\/nataliaferre.com\\\/es\\\/#website\"},\"primaryImageOfPage\":{\"@id\":\"https:\\\/\\\/nataliaferre.com\\\/es\\\/tienda-online\\\/complicidad\\\/#primaryimage\"},\"image\":{\"@id\":\"https:\\\/\\\/nataliaferre.com\\\/es\\\/tienda-online\\\/complicidad\\\/#primaryimage\"},\"thumbnailUrl\":\"https:\\\/\\\/nataliaferre.com\\\/wp-content\\\/uploads\\\/71.jpg\",\"datePublished\":\"2026-03-18T09:27:23+00:00\",\"dateModified\":\"2026-03-18T09:30:18+00:00\",\"description\":\"Esculturas de\u00a0bronce\u00a0de 21 cm de alto, 10 cm de ancho y 14 cm de fondo. Soporte de hierro Serie 3\\\/8.\",\"breadcrumb\":{\"@id\":\"https:\\\/\\\/nataliaferre.com\\\/es\\\/tienda-online\\\/complicidad\\\/#breadcrumb\"},\"inLanguage\":\"es\",\"potentialAction\":[{\"@type\":\"ReadAction\",\"target\":[\"https:\\\/\\\/nataliaferre.com\\\/es\\\/tienda-online\\\/complicidad\\\/\"]}]},{\"@type\":\"ImageObject\",\"inLanguage\":\"es\",\"@id\":\"https:\\\/\\\/nataliaferre.com\\\/es\\\/tienda-online\\\/complicidad\\\/#primaryimage\",\"url\":\"https:\\\/\\\/nataliaferre.com\\\/wp-content\\\/uploads\\\/71.jpg\",\"contentUrl\":\"https:\\\/\\\/nataliaferre.com\\\/wp-content\\\/uploads\\\/71.jpg\",\"width\":960,\"height\":1440},{\"@type\":\"BreadcrumbList\",\"@id\":\"https:\\\/\\\/nataliaferre.com\\\/es\\\/tienda-online\\\/complicidad\\\/#breadcrumb\",\"itemListElement\":[{\"@type\":\"ListItem\",\"position\":1,\"name\":\"Portada\",\"item\":\"https:\\\/\\\/nataliaferre.com\\\/es\\\/\"},{\"@type\":\"ListItem\",\"position\":2,\"name\":\"Productos\",\"item\":\"https:\\\/\\\/nataliaferre.com\\\/es\\\/shop\\\/\"},{\"@type\":\"ListItem\",\"position\":3,\"name\":\"Complicidad\"}]},{\"@type\":\"WebSite\",\"@id\":\"https:\\\/\\\/nataliaferre.com\\\/es\\\/#website\",\"url\":\"https:\\\/\\\/nataliaferre.com\\\/es\\\/\",\"name\":\"Nat\u00e0lia Ferr\u00e9\",\"description\":\"Escultora, Ceramista, Pintora y Galerista\",\"publisher\":{\"@id\":\"https:\\\/\\\/nataliaferre.com\\\/es\\\/#organization\"},\"potentialAction\":[{\"@type\":\"SearchAction\",\"target\":{\"@type\":\"EntryPoint\",\"urlTemplate\":\"https:\\\/\\\/nataliaferre.com\\\/es\\\/?s={search_term_string}\"},\"query-input\":{\"@type\":\"PropertyValueSpecification\",\"valueRequired\":true,\"valueName\":\"search_term_string\"}}],\"inLanguage\":\"es\"},{\"@type\":\"Organization\",\"@id\":\"https:\\\/\\\/nataliaferre.com\\\/es\\\/#organization\",\"name\":\"Nat\u00e0lia Ferr\u00e9\",\"url\":\"https:\\\/\\\/nataliaferre.com\\\/es\\\/\",\"logo\":{\"@type\":\"ImageObject\",\"inLanguage\":\"es\",\"@id\":\"https:\\\/\\\/nataliaferre.com\\\/es\\\/#\\\/schema\\\/logo\\\/image\\\/\",\"url\":\"https:\\\/\\\/nataliaferre.com\\\/wp-content\\\/uploads\\\/natalia-ferre-la-artista-04-b.jpg\",\"contentUrl\":\"https:\\\/\\\/nataliaferre.com\\\/wp-content\\\/uploads\\\/natalia-ferre-la-artista-04-b.jpg\",\"width\":1300,\"height\":730,\"caption\":\"Nat\u00e0lia Ferr\u00e9\"},\"image\":{\"@id\":\"https:\\\/\\\/nataliaferre.com\\\/es\\\/#\\\/schema\\\/logo\\\/image\\\/\"}}]}<\/script>\n<!-- \/ Yoast SEO plugin. -->","yoast_head_json":{"title":"Complicidad - Escultura de Bronce de Nat\u00e0lia Ferr\u00e9 - Galer\u00eda de Arte y Tienda Online","description":"Esculturas de\u00a0bronce\u00a0de 21 cm de alto, 10 cm de ancho y 14 cm de fondo.  Soporte de hierro  Serie 3\/8.","robots":{"index":"index","follow":"follow","max-snippet":"max-snippet:-1","max-image-preview":"max-image-preview:large","max-video-preview":"max-video-preview:-1"},"canonical":"https:\/\/nataliaferre.com\/es\/tienda-online\/complicidad\/","og_locale":"es_ES","og_type":"article","og_title":"Complicidad - Escultura de Bronce de Nat\u00e0lia Ferr\u00e9 - Galer\u00eda de Arte y Tienda Online","og_description":"Esculturas de\u00a0bronce\u00a0de 21 cm de alto, 10 cm de ancho y 14 cm de fondo.  Soporte de hierro  Serie 3\/8.","og_url":"https:\/\/nataliaferre.com\/es\/tienda-online\/complicidad\/","og_site_name":"Nat\u00e0lia Ferr\u00e9","article_modified_time":"2026-03-18T09:30:18+00:00","og_image":[{"width":960,"height":1440,"url":"https:\/\/nataliaferre.com\/wp-content\/uploads\/71.jpg","type":"image\/jpeg"}],"twitter_card":"summary_large_image","twitter_misc":{"Tiempo de lectura":"1 minuto"},"schema":{"@context":"https:\/\/schema.org","@graph":[{"@type":"WebPage","@id":"https:\/\/nataliaferre.com\/es\/tienda-online\/complicidad\/","url":"https:\/\/nataliaferre.com\/es\/tienda-online\/complicidad\/","name":"Complicidad - Escultura de Bronce de Nat\u00e0lia Ferr\u00e9 - Galer\u00eda de Arte y Tienda Online","isPartOf":{"@id":"https:\/\/nataliaferre.com\/es\/#website"},"primaryImageOfPage":{"@id":"https:\/\/nataliaferre.com\/es\/tienda-online\/complicidad\/#primaryimage"},"image":{"@id":"https:\/\/nataliaferre.com\/es\/tienda-online\/complicidad\/#primaryimage"},"thumbnailUrl":"https:\/\/nataliaferre.com\/wp-content\/uploads\/71.jpg","datePublished":"2026-03-18T09:27:23+00:00","dateModified":"2026-03-18T09:30:18+00:00","description":"Esculturas de\u00a0bronce\u00a0de 21 cm de alto, 10 cm de ancho y 14 cm de fondo. Soporte de hierro Serie 3\/8.","breadcrumb":{"@id":"https:\/\/nataliaferre.com\/es\/tienda-online\/complicidad\/#breadcrumb"},"inLanguage":"es","potentialAction":[{"@type":"ReadAction","target":["https:\/\/nataliaferre.com\/es\/tienda-online\/complicidad\/"]}]},{"@type":"ImageObject","inLanguage":"es","@id":"https:\/\/nataliaferre.com\/es\/tienda-online\/complicidad\/#primaryimage","url":"https:\/\/nataliaferre.com\/wp-content\/uploads\/71.jpg","contentUrl":"https:\/\/nataliaferre.com\/wp-content\/uploads\/71.jpg","width":960,"height":1440},{"@type":"BreadcrumbList","@id":"https:\/\/nataliaferre.com\/es\/tienda-online\/complicidad\/#breadcrumb","itemListElement":[{"@type":"ListItem","position":1,"name":"Portada","item":"https:\/\/nataliaferre.com\/es\/"},{"@type":"ListItem","position":2,"name":"Productos","item":"https:\/\/nataliaferre.com\/es\/shop\/"},{"@type":"ListItem","position":3,"name":"Complicidad"}]},{"@type":"WebSite","@id":"https:\/\/nataliaferre.com\/es\/#website","url":"https:\/\/nataliaferre.com\/es\/","name":"Nat\u00e0lia Ferr\u00e9","description":"Escultora, Ceramista, Pintora y Galerista","publisher":{"@id":"https:\/\/nataliaferre.com\/es\/#organization"},"potentialAction":[{"@type":"SearchAction","target":{"@type":"EntryPoint","urlTemplate":"https:\/\/nataliaferre.com\/es\/?s={search_term_string}"},"query-input":{"@type":"PropertyValueSpecification","valueRequired":true,"valueName":"search_term_string"}}],"inLanguage":"es"},{"@type":"Organization","@id":"https:\/\/nataliaferre.com\/es\/#organization","name":"Nat\u00e0lia Ferr\u00e9","url":"https:\/\/nataliaferre.com\/es\/","logo":{"@type":"ImageObject","inLanguage":"es","@id":"https:\/\/nataliaferre.com\/es\/#\/schema\/logo\/image\/","url":"https:\/\/nataliaferre.com\/wp-content\/uploads\/natalia-ferre-la-artista-04-b.jpg","contentUrl":"https:\/\/nataliaferre.com\/wp-content\/uploads\/natalia-ferre-la-artista-04-b.jpg","width":1300,"height":730,"caption":"Nat\u00e0lia Ferr\u00e9"},"image":{"@id":"https:\/\/nataliaferre.com\/es\/#\/schema\/logo\/image\/"}}]}},"_links":{"self":[{"href":"https:\/\/nataliaferre.com\/es\/wp-json\/wp\/v2\/product\/30540","targetHints":{"allow":["GET"]}}],"collection":[{"href":"https:\/\/nataliaferre.com\/es\/wp-json\/wp\/v2\/product"}],"about":[{"href":"https:\/\/nataliaferre.com\/es\/wp-json\/wp\/v2\/types\/product"}],"wp:featuredmedia":[{"embeddable":true,"href":"https:\/\/nataliaferre.com\/es\/wp-json\/wp\/v2\/media\/30526"}],"wp:attachment":[{"href":"https:\/\/nataliaferre.com\/es\/wp-json\/wp\/v2\/media?parent=30540"}],"wp:term":[{"taxonomy":"product_brand","embeddable":true,"href":"https:\/\/nataliaferre.com\/es\/wp-json\/wp\/v2\/product_brand?post=30540"},{"taxonomy":"product_cat","embeddable":true,"href":"https:\/\/nataliaferre.com\/es\/wp-json\/wp\/v2\/product_cat?post=30540"},{"taxonomy":"product_tag","embeddable":true,"href":"https:\/\/nataliaferre.com\/es\/wp-json\/wp\/v2\/product_tag?post=30540"}],"curies":[{"name":"wp","href":"https:\/\/api.w.org\/{rel}","templated":true}]}}